{"id":123983,"date":"2017-10-10T13:44:11","date_gmt":"2017-10-10T12:44:11","guid":{"rendered":"https:\/\/www.transatel.com\/iot\/global-cellular-data-coverage\/"},"modified":"2026-02-26T14:06:27","modified_gmt":"2026-02-26T13:06:27","slug":"global-cellular-data-coverage","status":"publish","type":"page","link":"https:\/\/www.transatel.com\/de\/iot\/global-cellular-data-coverage\/","title":{"rendered":"Globale zellul\u00e4re Datenabdeckung f\u00fcr das IoT"},"content":{"rendered":"<div>\n<p>Transatel bietet dank direkter Netzzugangsvereinbarungen mit Hunderten von lokalen Mobilfunkanbietern auf der ganzen Welt eine globale zellulare Datenabdeckung f\u00fcr das Internet der Dinge. Mit einer einzigen SIM-Karte haben unsere Kunden Zugang zu 2G\/3G\/4G\/5G- und LTE-M-Multinetz-Konnektivit\u00e4t, um ihre M2M- und IoT-Anwendungen in mehr als 200 L\u00e4ndern weltweit zu implementieren &#8211; und jeden Monat kommen neue L\u00e4nder und Betreiber hinzu. <\/p>\n<\/div>\n<div style=\"margin-top: 30px; margin-bottom: 10px;\"><div id=\"mapsvg-29277\" class=\"mapsvg\"><\/div><\/div>\n<style>\n#main { max-width: 120rem;  margin: 0 auto;  padding-top: 20rem !important; text-align: center; }<br \/><\/style>\n","protected":false},"excerpt":{"rendered":"<p>Transatel bietet dank direkter Netzzugangsvereinbarungen mit Hunderten von lokalen Mobilfunkanbietern auf der ganzen Welt eine globale zellulare Datenabdeckung f\u00fcr das Internet der Dinge. Mit einer einzigen SIM-Karte haben unsere Kunden Zugang zu 2G\/3G\/4G\/5G- und LTE-M-Multinetz-Konnektivit\u00e4t, um ihre M2M- und IoT-Anwendungen in mehr als 200 L\u00e4ndern weltweit zu implementieren &#8211; und jeden Monat kommen neue L\u00e4nder [&hellip;]<\/p>\n","protected":false},"author":66,"featured_media":55909,"parent":61774,"menu_order":0,"comment_status":"closed","ping_status":"closed","template":"page-coverage.php","meta":{"_acf_changed":false,"content-type":"","inline_featured_image":false,"footnotes":""},"class_list":["post-123983","page","type-page","status-publish","has-post-thumbnail","hentry"],"acf":[],"yoast_head":"<!-- This site is optimized with the Yoast SEO plugin v27.3 - https:\/\/yoast.com\/product\/yoast-seo-wordpress\/ -->\n<title>Globale zellul\u00e4re Datenabdeckung f\u00fcr M2M &amp; IoT - Transatel<\/title>\n<meta name=\"description\" content=\"Greifen Sie auf die weltweite Mobilfunkabdeckung zu. Mit der Transatel SIM-Karte k\u00f6nnen Sie Ihre Ger\u00e4te mit 2G\/3G\/4G\/5G oder LTE-M in 190 L\u00e4ndern weltweit verbinden.\" \/>\n<meta name=\"robots\" content=\"index, follow, max-snippet:-1, max-image-preview:large, max-video-preview:-1\" \/>\n<link rel=\"canonical\" href=\"https:\/\/www.transatel.com\/de\/iot\/global-cellular-data-coverage\/\" \/>\n<meta property=\"og:locale\" content=\"de_DE\" \/>\n<meta property=\"og:type\" content=\"article\" \/>\n<meta property=\"og:title\" content=\"Globale zellul\u00e4re Datenabdeckung f\u00fcr M2M &amp; IoT - Transatel\" \/>\n<meta property=\"og:description\" content=\"Greifen Sie auf die weltweite Mobilfunkabdeckung zu. Mit der Transatel SIM-Karte k\u00f6nnen Sie Ihre Ger\u00e4te mit 2G\/3G\/4G\/5G oder LTE-M in 190 L\u00e4ndern weltweit verbinden.\" \/>\n<meta property=\"og:url\" content=\"https:\/\/www.transatel.com\/de\/iot\/global-cellular-data-coverage\/\" \/>\n<meta property=\"og:site_name\" content=\"Transatel\" \/>\n<meta property=\"article:modified_time\" content=\"2026-02-26T13:06:27+00:00\" \/>\n<meta property=\"og:image\" content=\"https:\/\/www.transatel.com\/wp-content\/uploads\/2020\/06\/WEB_coverage_map_tsl.png\" \/>\n\t<meta property=\"og:image:width\" content=\"1262\" \/>\n\t<meta property=\"og:image:height\" content=\"801\" \/>\n\t<meta property=\"og:image:type\" content=\"image\/png\" \/>\n<meta name=\"twitter:card\" content=\"summary_large_image\" \/>\n<script type=\"application\/ld+json\" class=\"yoast-schema-graph\">{\"@context\":\"https:\\\/\\\/schema.org\",\"@graph\":[{\"@type\":\"WebPage\",\"@id\":\"https:\\\/\\\/www.transatel.com\\\/de\\\/iot\\\/global-cellular-data-coverage\\\/\",\"url\":\"https:\\\/\\\/www.transatel.com\\\/de\\\/iot\\\/global-cellular-data-coverage\\\/\",\"name\":\"Globale zellul\u00e4re Datenabdeckung f\u00fcr M2M & IoT - Transatel\",\"isPartOf\":{\"@id\":\"https:\\\/\\\/www.transatel.com\\\/#website\"},\"primaryImageOfPage\":{\"@id\":\"https:\\\/\\\/www.transatel.com\\\/de\\\/iot\\\/global-cellular-data-coverage\\\/#primaryimage\"},\"image\":{\"@id\":\"https:\\\/\\\/www.transatel.com\\\/de\\\/iot\\\/global-cellular-data-coverage\\\/#primaryimage\"},\"thumbnailUrl\":\"https:\\\/\\\/www.transatel.com\\\/wp-content\\\/uploads\\\/2020\\\/06\\\/WEB_coverage_map_tsl.png\",\"datePublished\":\"2017-10-10T12:44:11+00:00\",\"dateModified\":\"2026-02-26T13:06:27+00:00\",\"description\":\"Greifen Sie auf die weltweite Mobilfunkabdeckung zu. Mit der Transatel SIM-Karte k\u00f6nnen Sie Ihre Ger\u00e4te mit 2G\\\/3G\\\/4G\\\/5G oder LTE-M in 190 L\u00e4ndern weltweit verbinden.\",\"breadcrumb\":{\"@id\":\"https:\\\/\\\/www.transatel.com\\\/de\\\/iot\\\/global-cellular-data-coverage\\\/#breadcrumb\"},\"inLanguage\":\"de-DE\",\"potentialAction\":[{\"@type\":\"ReadAction\",\"target\":[\"https:\\\/\\\/www.transatel.com\\\/de\\\/iot\\\/global-cellular-data-coverage\\\/\"]}]},{\"@type\":\"ImageObject\",\"inLanguage\":\"de-DE\",\"@id\":\"https:\\\/\\\/www.transatel.com\\\/de\\\/iot\\\/global-cellular-data-coverage\\\/#primaryimage\",\"url\":\"https:\\\/\\\/www.transatel.com\\\/wp-content\\\/uploads\\\/2020\\\/06\\\/WEB_coverage_map_tsl.png\",\"contentUrl\":\"https:\\\/\\\/www.transatel.com\\\/wp-content\\\/uploads\\\/2020\\\/06\\\/WEB_coverage_map_tsl.png\",\"width\":1262,\"height\":801,\"caption\":\"WEB-Abdeckungskarte tsl\"},{\"@type\":\"BreadcrumbList\",\"@id\":\"https:\\\/\\\/www.transatel.com\\\/de\\\/iot\\\/global-cellular-data-coverage\\\/#breadcrumb\",\"itemListElement\":[{\"@type\":\"ListItem\",\"position\":1,\"name\":\"Home\",\"item\":\"https:\\\/\\\/www.transatel.com\\\/de\\\/global-cellular-connectivity-iot-mvno\\\/\"},{\"@type\":\"ListItem\",\"position\":2,\"name\":\"IoT\",\"item\":\"https:\\\/\\\/www.transatel.com\\\/de\\\/iot\\\/\"},{\"@type\":\"ListItem\",\"position\":3,\"name\":\"Globale zellul\u00e4re Datenabdeckung f\u00fcr das IoT\"}]},{\"@type\":\"WebSite\",\"@id\":\"https:\\\/\\\/www.transatel.com\\\/#website\",\"url\":\"https:\\\/\\\/www.transatel.com\\\/\",\"name\":\"Transatel\",\"description\":\"From mobile Telephony  to Internet of Things\",\"publisher\":{\"@id\":\"https:\\\/\\\/www.transatel.com\\\/#organization\"},\"potentialAction\":[{\"@type\":\"SearchAction\",\"target\":{\"@type\":\"EntryPoint\",\"urlTemplate\":\"https:\\\/\\\/www.transatel.com\\\/?s={search_term_string}\"},\"query-input\":{\"@type\":\"PropertyValueSpecification\",\"valueRequired\":true,\"valueName\":\"search_term_string\"}}],\"inLanguage\":\"de-DE\"},{\"@type\":\"Organization\",\"@id\":\"https:\\\/\\\/www.transatel.com\\\/#organization\",\"name\":\"Transatel\",\"url\":\"https:\\\/\\\/www.transatel.com\\\/\",\"logo\":{\"@type\":\"ImageObject\",\"inLanguage\":\"de-DE\",\"@id\":\"https:\\\/\\\/www.transatel.com\\\/#\\\/schema\\\/logo\\\/image\\\/\",\"url\":\"https:\\\/\\\/www.transatel.com\\\/wp-content\\\/uploads\\\/2025\\\/09\\\/logoTSL-NTT.svg\",\"contentUrl\":\"https:\\\/\\\/www.transatel.com\\\/wp-content\\\/uploads\\\/2025\\\/09\\\/logoTSL-NTT.svg\",\"width\":1,\"height\":1,\"caption\":\"Transatel\"},\"image\":{\"@id\":\"https:\\\/\\\/www.transatel.com\\\/#\\\/schema\\\/logo\\\/image\\\/\"}}]}<\/script>\n<!-- \/ Yoast SEO plugin. -->","yoast_head_json":{"title":"Globale zellul\u00e4re Datenabdeckung f\u00fcr M2M & IoT - Transatel","description":"Greifen Sie auf die weltweite Mobilfunkabdeckung zu. Mit der Transatel SIM-Karte k\u00f6nnen Sie Ihre Ger\u00e4te mit 2G\/3G\/4G\/5G oder LTE-M in 190 L\u00e4ndern weltweit verbinden.","robots":{"index":"index","follow":"follow","max-snippet":"max-snippet:-1","max-image-preview":"max-image-preview:large","max-video-preview":"max-video-preview:-1"},"canonical":"https:\/\/www.transatel.com\/de\/iot\/global-cellular-data-coverage\/","og_locale":"de_DE","og_type":"article","og_title":"Globale zellul\u00e4re Datenabdeckung f\u00fcr M2M & IoT - Transatel","og_description":"Greifen Sie auf die weltweite Mobilfunkabdeckung zu. Mit der Transatel SIM-Karte k\u00f6nnen Sie Ihre Ger\u00e4te mit 2G\/3G\/4G\/5G oder LTE-M in 190 L\u00e4ndern weltweit verbinden.","og_url":"https:\/\/www.transatel.com\/de\/iot\/global-cellular-data-coverage\/","og_site_name":"Transatel","article_modified_time":"2026-02-26T13:06:27+00:00","og_image":[{"width":1262,"height":801,"url":"https:\/\/www.transatel.com\/wp-content\/uploads\/2020\/06\/WEB_coverage_map_tsl.png","type":"image\/png"}],"twitter_card":"summary_large_image","schema":{"@context":"https:\/\/schema.org","@graph":[{"@type":"WebPage","@id":"https:\/\/www.transatel.com\/de\/iot\/global-cellular-data-coverage\/","url":"https:\/\/www.transatel.com\/de\/iot\/global-cellular-data-coverage\/","name":"Globale zellul\u00e4re Datenabdeckung f\u00fcr M2M & IoT - Transatel","isPartOf":{"@id":"https:\/\/www.transatel.com\/#website"},"primaryImageOfPage":{"@id":"https:\/\/www.transatel.com\/de\/iot\/global-cellular-data-coverage\/#primaryimage"},"image":{"@id":"https:\/\/www.transatel.com\/de\/iot\/global-cellular-data-coverage\/#primaryimage"},"thumbnailUrl":"https:\/\/www.transatel.com\/wp-content\/uploads\/2020\/06\/WEB_coverage_map_tsl.png","datePublished":"2017-10-10T12:44:11+00:00","dateModified":"2026-02-26T13:06:27+00:00","description":"Greifen Sie auf die weltweite Mobilfunkabdeckung zu. Mit der Transatel SIM-Karte k\u00f6nnen Sie Ihre Ger\u00e4te mit 2G\/3G\/4G\/5G oder LTE-M in 190 L\u00e4ndern weltweit verbinden.","breadcrumb":{"@id":"https:\/\/www.transatel.com\/de\/iot\/global-cellular-data-coverage\/#breadcrumb"},"inLanguage":"de-DE","potentialAction":[{"@type":"ReadAction","target":["https:\/\/www.transatel.com\/de\/iot\/global-cellular-data-coverage\/"]}]},{"@type":"ImageObject","inLanguage":"de-DE","@id":"https:\/\/www.transatel.com\/de\/iot\/global-cellular-data-coverage\/#primaryimage","url":"https:\/\/www.transatel.com\/wp-content\/uploads\/2020\/06\/WEB_coverage_map_tsl.png","contentUrl":"https:\/\/www.transatel.com\/wp-content\/uploads\/2020\/06\/WEB_coverage_map_tsl.png","width":1262,"height":801,"caption":"WEB-Abdeckungskarte tsl"},{"@type":"BreadcrumbList","@id":"https:\/\/www.transatel.com\/de\/iot\/global-cellular-data-coverage\/#breadcrumb","itemListElement":[{"@type":"ListItem","position":1,"name":"Home","item":"https:\/\/www.transatel.com\/de\/global-cellular-connectivity-iot-mvno\/"},{"@type":"ListItem","position":2,"name":"IoT","item":"https:\/\/www.transatel.com\/de\/iot\/"},{"@type":"ListItem","position":3,"name":"Globale zellul\u00e4re Datenabdeckung f\u00fcr das IoT"}]},{"@type":"WebSite","@id":"https:\/\/www.transatel.com\/#website","url":"https:\/\/www.transatel.com\/","name":"Transatel","description":"From mobile Telephony  to Internet of Things","publisher":{"@id":"https:\/\/www.transatel.com\/#organization"},"potentialAction":[{"@type":"SearchAction","target":{"@type":"EntryPoint","urlTemplate":"https:\/\/www.transatel.com\/?s={search_term_string}"},"query-input":{"@type":"PropertyValueSpecification","valueRequired":true,"valueName":"search_term_string"}}],"inLanguage":"de-DE"},{"@type":"Organization","@id":"https:\/\/www.transatel.com\/#organization","name":"Transatel","url":"https:\/\/www.transatel.com\/","logo":{"@type":"ImageObject","inLanguage":"de-DE","@id":"https:\/\/www.transatel.com\/#\/schema\/logo\/image\/","url":"https:\/\/www.transatel.com\/wp-content\/uploads\/2025\/09\/logoTSL-NTT.svg","contentUrl":"https:\/\/www.transatel.com\/wp-content\/uploads\/2025\/09\/logoTSL-NTT.svg","width":1,"height":1,"caption":"Transatel"},"image":{"@id":"https:\/\/www.transatel.com\/#\/schema\/logo\/image\/"}}]}},"_links":{"self":[{"href":"https:\/\/www.transatel.com\/de\/wp-json\/wp\/v2\/pages\/123983","targetHints":{"allow":["GET"]}}],"collection":[{"href":"https:\/\/www.transatel.com\/de\/wp-json\/wp\/v2\/pages"}],"about":[{"href":"https:\/\/www.transatel.com\/de\/wp-json\/wp\/v2\/types\/page"}],"author":[{"embeddable":true,"href":"https:\/\/www.transatel.com\/de\/wp-json\/wp\/v2\/users\/66"}],"replies":[{"embeddable":true,"href":"https:\/\/www.transatel.com\/de\/wp-json\/wp\/v2\/comments?post=123983"}],"version-history":[{"count":1,"href":"https:\/\/www.transatel.com\/de\/wp-json\/wp\/v2\/pages\/123983\/revisions"}],"predecessor-version":[{"id":123984,"href":"https:\/\/www.transatel.com\/de\/wp-json\/wp\/v2\/pages\/123983\/revisions\/123984"}],"up":[{"embeddable":true,"href":"https:\/\/www.transatel.com\/de\/wp-json\/wp\/v2\/pages\/61774"}],"wp:featuredmedia":[{"embeddable":true,"href":"https:\/\/www.transatel.com\/de\/wp-json\/wp\/v2\/media\/55909"}],"wp:attachment":[{"href":"https:\/\/www.transatel.com\/de\/wp-json\/wp\/v2\/media?parent=123983"}],"curies":[{"name":"wp","href":"https:\/\/api.w.org\/{rel}","templated":true}]}}