{"id":124370,"date":"2021-10-28T16:44:27","date_gmt":"2021-10-28T15:44:27","guid":{"rendered":"https:\/\/www.transatel.com\/solutions\/m2m-and-iot\/cellular-data-connectivity-and-iot-solutions-for-media\/"},"modified":"2026-02-27T14:44:58","modified_gmt":"2026-02-27T13:44:58","slug":"cellular-data-connectivity-and-iot-solutions-for-media","status":"publish","type":"page","link":"https:\/\/www.transatel.com\/de\/solutions\/m2m-and-iot\/cellular-data-connectivity-and-iot-solutions-for-media\/","title":{"rendered":"Zellulare IoT-Konnektivit\u00e4tsl\u00f6sung f\u00fcr Medien &amp; Unterhaltung"},"content":{"rendered":"","protected":false},"excerpt":{"rendered":"","protected":false},"author":66,"featured_media":56443,"parent":111855,"menu_order":0,"comment_status":"closed","ping_status":"closed","template":"page-industry.php","meta":{"_acf_changed":false,"content-type":"","inline_featured_image":false,"footnotes":""},"class_list":["post-124370","page","type-page","status-publish","has-post-thumbnail","hentry"],"acf":[],"yoast_head":"<!-- This site is optimized with the Yoast SEO plugin v27.3 - https:\/\/yoast.com\/product\/yoast-seo-wordpress\/ -->\n<title>IoT-L\u00f6sungen f\u00fcr Medien und Unterhaltung | Transatel<\/title>\n<meta name=\"description\" content=\"Mit den M2M-SIM-Karten von Transatel k\u00f6nnen IoT-L\u00f6sungen f\u00fcr die Medien- und Unterhaltungsbranche mit globaler 3G\/4G\/5G- und LTE-M-Konnektivit\u00e4t \u00fcber Grenzen hinweg skalieren.\" \/>\n<meta name=\"robots\" content=\"index, follow, max-snippet:-1, max-image-preview:large, max-video-preview:-1\" \/>\n<link rel=\"canonical\" href=\"https:\/\/www.transatel.com\/de\/solutions\/m2m-and-iot\/cellular-data-connectivity-and-iot-solutions-for-media\/\" \/>\n<meta property=\"og:locale\" content=\"de_DE\" \/>\n<meta property=\"og:type\" content=\"article\" \/>\n<meta property=\"og:title\" content=\"IoT-L\u00f6sungen f\u00fcr Medien und Unterhaltung | Transatel\" \/>\n<meta property=\"og:description\" content=\"Mit den M2M-SIM-Karten von Transatel k\u00f6nnen IoT-L\u00f6sungen f\u00fcr die Medien- und Unterhaltungsbranche mit globaler 3G\/4G\/5G- und LTE-M-Konnektivit\u00e4t \u00fcber Grenzen hinweg skalieren.\" \/>\n<meta property=\"og:url\" content=\"https:\/\/www.transatel.com\/de\/solutions\/m2m-and-iot\/cellular-data-connectivity-and-iot-solutions-for-media\/\" \/>\n<meta property=\"og:site_name\" content=\"Transatel\" \/>\n<meta property=\"article:modified_time\" content=\"2026-02-27T13:44:58+00:00\" \/>\n<meta property=\"og:image\" content=\"https:\/\/www.transatel.com\/wp-content\/uploads\/2022\/01\/transatel-iot-media-s.jpg\" \/>\n<meta name=\"twitter:card\" content=\"summary_large_image\" \/>\n<meta name=\"twitter:label1\" content=\"Gesch\u00e4tzte Lesezeit\" \/>\n\t<meta name=\"twitter:data1\" content=\"1 Minute\" \/>\n<script type=\"application\/ld+json\" class=\"yoast-schema-graph\">{\"@context\":\"https:\\\/\\\/schema.org\",\"@graph\":[{\"@type\":\"WebPage\",\"@id\":\"https:\\\/\\\/www.transatel.com\\\/de\\\/solutions\\\/m2m-and-iot\\\/cellular-data-connectivity-and-iot-solutions-for-media\\\/\",\"url\":\"https:\\\/\\\/www.transatel.com\\\/de\\\/solutions\\\/m2m-and-iot\\\/cellular-data-connectivity-and-iot-solutions-for-media\\\/\",\"name\":\"IoT-L\u00f6sungen f\u00fcr Medien und Unterhaltung | Transatel\",\"isPartOf\":{\"@id\":\"https:\\\/\\\/www.transatel.com\\\/#website\"},\"primaryImageOfPage\":{\"@id\":\"https:\\\/\\\/www.transatel.com\\\/de\\\/solutions\\\/m2m-and-iot\\\/cellular-data-connectivity-and-iot-solutions-for-media\\\/#primaryimage\"},\"image\":{\"@id\":\"https:\\\/\\\/www.transatel.com\\\/de\\\/solutions\\\/m2m-and-iot\\\/cellular-data-connectivity-and-iot-solutions-for-media\\\/#primaryimage\"},\"thumbnailUrl\":\"https:\\\/\\\/www.transatel.com\\\/wp-content\\\/uploads\\\/2021\\\/10\\\/banniere-2.png\",\"datePublished\":\"2021-10-28T15:44:27+00:00\",\"dateModified\":\"2026-02-27T13:44:58+00:00\",\"description\":\"Mit den M2M-SIM-Karten von Transatel k\u00f6nnen IoT-L\u00f6sungen f\u00fcr die Medien- und Unterhaltungsbranche mit globaler 3G\\\/4G\\\/5G- und LTE-M-Konnektivit\u00e4t \u00fcber Grenzen hinweg skalieren.\",\"breadcrumb\":{\"@id\":\"https:\\\/\\\/www.transatel.com\\\/de\\\/solutions\\\/m2m-and-iot\\\/cellular-data-connectivity-and-iot-solutions-for-media\\\/#breadcrumb\"},\"inLanguage\":\"de-DE\",\"potentialAction\":[{\"@type\":\"ReadAction\",\"target\":[\"https:\\\/\\\/www.transatel.com\\\/de\\\/solutions\\\/m2m-and-iot\\\/cellular-data-connectivity-and-iot-solutions-for-media\\\/\"]}]},{\"@type\":\"ImageObject\",\"inLanguage\":\"de-DE\",\"@id\":\"https:\\\/\\\/www.transatel.com\\\/de\\\/solutions\\\/m2m-and-iot\\\/cellular-data-connectivity-and-iot-solutions-for-media\\\/#primaryimage\",\"url\":\"https:\\\/\\\/www.transatel.com\\\/wp-content\\\/uploads\\\/2021\\\/10\\\/banniere-2.png\",\"contentUrl\":\"https:\\\/\\\/www.transatel.com\\\/wp-content\\\/uploads\\\/2021\\\/10\\\/banniere-2.png\",\"width\":2560,\"height\":375,\"caption\":\"Banniere 2\"},{\"@type\":\"BreadcrumbList\",\"@id\":\"https:\\\/\\\/www.transatel.com\\\/de\\\/solutions\\\/m2m-and-iot\\\/cellular-data-connectivity-and-iot-solutions-for-media\\\/#breadcrumb\",\"itemListElement\":[{\"@type\":\"ListItem\",\"position\":1,\"name\":\"Home\",\"item\":\"https:\\\/\\\/www.transatel.com\\\/de\\\/global-cellular-connectivity-iot-mvno\\\/\"},{\"@type\":\"ListItem\",\"position\":2,\"name\":\"L\u00f6sungen\",\"item\":\"https:\\\/\\\/www.transatel.com\\\/de\\\/solutions\\\/\"},{\"@type\":\"ListItem\",\"position\":3,\"name\":\"IoT SOLUTIONS\",\"item\":\"https:\\\/\\\/www.transatel.com\\\/de\\\/m2m-and-iot\\\/\"},{\"@type\":\"ListItem\",\"position\":4,\"name\":\"Zellulare IoT-Konnektivit\u00e4tsl\u00f6sung f\u00fcr Medien &amp; Unterhaltung\"}]},{\"@type\":\"WebSite\",\"@id\":\"https:\\\/\\\/www.transatel.com\\\/#website\",\"url\":\"https:\\\/\\\/www.transatel.com\\\/\",\"name\":\"Transatel\",\"description\":\"From mobile Telephony  to Internet of Things\",\"publisher\":{\"@id\":\"https:\\\/\\\/www.transatel.com\\\/#organization\"},\"potentialAction\":[{\"@type\":\"SearchAction\",\"target\":{\"@type\":\"EntryPoint\",\"urlTemplate\":\"https:\\\/\\\/www.transatel.com\\\/?s={search_term_string}\"},\"query-input\":{\"@type\":\"PropertyValueSpecification\",\"valueRequired\":true,\"valueName\":\"search_term_string\"}}],\"inLanguage\":\"de-DE\"},{\"@type\":\"Organization\",\"@id\":\"https:\\\/\\\/www.transatel.com\\\/#organization\",\"name\":\"Transatel\",\"url\":\"https:\\\/\\\/www.transatel.com\\\/\",\"logo\":{\"@type\":\"ImageObject\",\"inLanguage\":\"de-DE\",\"@id\":\"https:\\\/\\\/www.transatel.com\\\/#\\\/schema\\\/logo\\\/image\\\/\",\"url\":\"https:\\\/\\\/www.transatel.com\\\/wp-content\\\/uploads\\\/2025\\\/09\\\/logoTSL-NTT.svg\",\"contentUrl\":\"https:\\\/\\\/www.transatel.com\\\/wp-content\\\/uploads\\\/2025\\\/09\\\/logoTSL-NTT.svg\",\"width\":1,\"height\":1,\"caption\":\"Transatel\"},\"image\":{\"@id\":\"https:\\\/\\\/www.transatel.com\\\/#\\\/schema\\\/logo\\\/image\\\/\"}}]}<\/script>\n<!-- \/ Yoast SEO plugin. -->","yoast_head_json":{"title":"IoT-L\u00f6sungen f\u00fcr Medien und Unterhaltung | Transatel","description":"Mit den M2M-SIM-Karten von Transatel k\u00f6nnen IoT-L\u00f6sungen f\u00fcr die Medien- und Unterhaltungsbranche mit globaler 3G\/4G\/5G- und LTE-M-Konnektivit\u00e4t \u00fcber Grenzen hinweg skalieren.","robots":{"index":"index","follow":"follow","max-snippet":"max-snippet:-1","max-image-preview":"max-image-preview:large","max-video-preview":"max-video-preview:-1"},"canonical":"https:\/\/www.transatel.com\/de\/solutions\/m2m-and-iot\/cellular-data-connectivity-and-iot-solutions-for-media\/","og_locale":"de_DE","og_type":"article","og_title":"IoT-L\u00f6sungen f\u00fcr Medien und Unterhaltung | Transatel","og_description":"Mit den M2M-SIM-Karten von Transatel k\u00f6nnen IoT-L\u00f6sungen f\u00fcr die Medien- und Unterhaltungsbranche mit globaler 3G\/4G\/5G- und LTE-M-Konnektivit\u00e4t \u00fcber Grenzen hinweg skalieren.","og_url":"https:\/\/www.transatel.com\/de\/solutions\/m2m-and-iot\/cellular-data-connectivity-and-iot-solutions-for-media\/","og_site_name":"Transatel","article_modified_time":"2026-02-27T13:44:58+00:00","og_image":[{"url":"https:\/\/www.transatel.com\/wp-content\/uploads\/2022\/01\/transatel-iot-media-s.jpg","type":"","width":"","height":""}],"twitter_card":"summary_large_image","twitter_misc":{"Gesch\u00e4tzte Lesezeit":"1 Minute"},"schema":{"@context":"https:\/\/schema.org","@graph":[{"@type":"WebPage","@id":"https:\/\/www.transatel.com\/de\/solutions\/m2m-and-iot\/cellular-data-connectivity-and-iot-solutions-for-media\/","url":"https:\/\/www.transatel.com\/de\/solutions\/m2m-and-iot\/cellular-data-connectivity-and-iot-solutions-for-media\/","name":"IoT-L\u00f6sungen f\u00fcr Medien und Unterhaltung | Transatel","isPartOf":{"@id":"https:\/\/www.transatel.com\/#website"},"primaryImageOfPage":{"@id":"https:\/\/www.transatel.com\/de\/solutions\/m2m-and-iot\/cellular-data-connectivity-and-iot-solutions-for-media\/#primaryimage"},"image":{"@id":"https:\/\/www.transatel.com\/de\/solutions\/m2m-and-iot\/cellular-data-connectivity-and-iot-solutions-for-media\/#primaryimage"},"thumbnailUrl":"https:\/\/www.transatel.com\/wp-content\/uploads\/2021\/10\/banniere-2.png","datePublished":"2021-10-28T15:44:27+00:00","dateModified":"2026-02-27T13:44:58+00:00","description":"Mit den M2M-SIM-Karten von Transatel k\u00f6nnen IoT-L\u00f6sungen f\u00fcr die Medien- und Unterhaltungsbranche mit globaler 3G\/4G\/5G- und LTE-M-Konnektivit\u00e4t \u00fcber Grenzen hinweg skalieren.","breadcrumb":{"@id":"https:\/\/www.transatel.com\/de\/solutions\/m2m-and-iot\/cellular-data-connectivity-and-iot-solutions-for-media\/#breadcrumb"},"inLanguage":"de-DE","potentialAction":[{"@type":"ReadAction","target":["https:\/\/www.transatel.com\/de\/solutions\/m2m-and-iot\/cellular-data-connectivity-and-iot-solutions-for-media\/"]}]},{"@type":"ImageObject","inLanguage":"de-DE","@id":"https:\/\/www.transatel.com\/de\/solutions\/m2m-and-iot\/cellular-data-connectivity-and-iot-solutions-for-media\/#primaryimage","url":"https:\/\/www.transatel.com\/wp-content\/uploads\/2021\/10\/banniere-2.png","contentUrl":"https:\/\/www.transatel.com\/wp-content\/uploads\/2021\/10\/banniere-2.png","width":2560,"height":375,"caption":"Banniere 2"},{"@type":"BreadcrumbList","@id":"https:\/\/www.transatel.com\/de\/solutions\/m2m-and-iot\/cellular-data-connectivity-and-iot-solutions-for-media\/#breadcrumb","itemListElement":[{"@type":"ListItem","position":1,"name":"Home","item":"https:\/\/www.transatel.com\/de\/global-cellular-connectivity-iot-mvno\/"},{"@type":"ListItem","position":2,"name":"L\u00f6sungen","item":"https:\/\/www.transatel.com\/de\/solutions\/"},{"@type":"ListItem","position":3,"name":"IoT SOLUTIONS","item":"https:\/\/www.transatel.com\/de\/m2m-and-iot\/"},{"@type":"ListItem","position":4,"name":"Zellulare IoT-Konnektivit\u00e4tsl\u00f6sung f\u00fcr Medien &amp; Unterhaltung"}]},{"@type":"WebSite","@id":"https:\/\/www.transatel.com\/#website","url":"https:\/\/www.transatel.com\/","name":"Transatel","description":"From mobile Telephony  to Internet of Things","publisher":{"@id":"https:\/\/www.transatel.com\/#organization"},"potentialAction":[{"@type":"SearchAction","target":{"@type":"EntryPoint","urlTemplate":"https:\/\/www.transatel.com\/?s={search_term_string}"},"query-input":{"@type":"PropertyValueSpecification","valueRequired":true,"valueName":"search_term_string"}}],"inLanguage":"de-DE"},{"@type":"Organization","@id":"https:\/\/www.transatel.com\/#organization","name":"Transatel","url":"https:\/\/www.transatel.com\/","logo":{"@type":"ImageObject","inLanguage":"de-DE","@id":"https:\/\/www.transatel.com\/#\/schema\/logo\/image\/","url":"https:\/\/www.transatel.com\/wp-content\/uploads\/2025\/09\/logoTSL-NTT.svg","contentUrl":"https:\/\/www.transatel.com\/wp-content\/uploads\/2025\/09\/logoTSL-NTT.svg","width":1,"height":1,"caption":"Transatel"},"image":{"@id":"https:\/\/www.transatel.com\/#\/schema\/logo\/image\/"}}]}},"_links":{"self":[{"href":"https:\/\/www.transatel.com\/de\/wp-json\/wp\/v2\/pages\/124370","targetHints":{"allow":["GET"]}}],"collection":[{"href":"https:\/\/www.transatel.com\/de\/wp-json\/wp\/v2\/pages"}],"about":[{"href":"https:\/\/www.transatel.com\/de\/wp-json\/wp\/v2\/types\/page"}],"author":[{"embeddable":true,"href":"https:\/\/www.transatel.com\/de\/wp-json\/wp\/v2\/users\/66"}],"replies":[{"embeddable":true,"href":"https:\/\/www.transatel.com\/de\/wp-json\/wp\/v2\/comments?post=124370"}],"version-history":[{"count":2,"href":"https:\/\/www.transatel.com\/de\/wp-json\/wp\/v2\/pages\/124370\/revisions"}],"predecessor-version":[{"id":124373,"href":"https:\/\/www.transatel.com\/de\/wp-json\/wp\/v2\/pages\/124370\/revisions\/124373"}],"up":[{"embeddable":true,"href":"https:\/\/www.transatel.com\/de\/wp-json\/wp\/v2\/pages\/111855"}],"wp:featuredmedia":[{"embeddable":true,"href":"https:\/\/www.transatel.com\/de\/wp-json\/wp\/v2\/media\/56443"}],"wp:attachment":[{"href":"https:\/\/www.transatel.com\/de\/wp-json\/wp\/v2\/media?parent=124370"}],"curies":[{"name":"wp","href":"https:\/\/api.w.org\/{rel}","templated":true}]}}