{"id":124380,"date":"2025-07-29T10:08:50","date_gmt":"2025-07-29T09:08:50","guid":{"rendered":"https:\/\/www.transatel.com\/solutions\/m2m-and-iot\/cellular-data-connectivity-solutions-for-retail\/"},"modified":"2026-02-27T15:29:01","modified_gmt":"2026-02-27T14:29:01","slug":"cellular-data-connectivity-solutions-for-retail","status":"publish","type":"page","link":"https:\/\/www.transatel.com\/de\/solutions\/m2m-and-iot\/cellular-data-connectivity-solutions-for-retail\/","title":{"rendered":"Zellulare IoT-Konnektivit\u00e4tsl\u00f6sung f\u00fcr den Einzelhandel"},"content":{"rendered":"","protected":false},"excerpt":{"rendered":"","protected":false},"author":85,"featured_media":97357,"parent":111855,"menu_order":0,"comment_status":"closed","ping_status":"closed","template":"page-iot-retail.php","meta":{"_acf_changed":false,"content-type":"","inline_featured_image":false,"footnotes":""},"class_list":["post-124380","page","type-page","status-publish","has-post-thumbnail","hentry"],"acf":[],"yoast_head":"<!-- This site is optimized with the Yoast SEO plugin v27.3 - https:\/\/yoast.com\/product\/yoast-seo-wordpress\/ -->\n<title>IoT-Konnektivit\u00e4t f\u00fcr unterbrechungsfreien Betrieb im Einzelhandel | Transatel<\/title>\n<meta name=\"description\" content=\"Die IoT-Konnektivit\u00e4t von Transatel f\u00fcr unterbrechungsfreie Einzelhandelsabl\u00e4ufe verbindet Ihr Einzelhandels-\u00d6kosystem sicher mit mehr als 200 Orten weltweit.\" \/>\n<meta name=\"robots\" content=\"index, follow, max-snippet:-1, max-image-preview:large, max-video-preview:-1\" \/>\n<link rel=\"canonical\" href=\"https:\/\/www.transatel.com\/de\/solutions\/m2m-and-iot\/cellular-data-connectivity-solutions-for-retail\/\" \/>\n<meta property=\"og:locale\" content=\"de_DE\" \/>\n<meta property=\"og:type\" content=\"article\" \/>\n<meta property=\"og:title\" content=\"IoT-Konnektivit\u00e4t f\u00fcr einen unterbrechungsfreien Betrieb im Einzelhandel\" \/>\n<meta property=\"og:description\" content=\"Die IoT-Konnektivit\u00e4t von Transatel f\u00fcr einen unterbrechungsfreien Einzelhandelsbetrieb verbindet Ihr Einzelhandels-\u00d6kosystem sicher mit einer 24\/7-Abdeckung an mehr als 200 Orten weltweit.\" \/>\n<meta property=\"og:url\" content=\"https:\/\/www.transatel.com\/de\/solutions\/m2m-and-iot\/cellular-data-connectivity-solutions-for-retail\/\" \/>\n<meta property=\"og:site_name\" content=\"Transatel\" \/>\n<meta property=\"article:modified_time\" content=\"2026-02-27T14:29:01+00:00\" \/>\n<meta property=\"og:image\" content=\"https:\/\/www.transatel.com\/wp-content\/uploads\/2025\/07\/AdobeStock_970028506.png\" \/>\n<meta name=\"twitter:card\" content=\"summary_large_image\" \/>\n<meta name=\"twitter:title\" content=\"IoT-Konnektivit\u00e4t f\u00fcr einen unterbrechungsfreien Betrieb im Einzelhandel\" \/>\n<meta name=\"twitter:description\" content=\"Die IoT-Konnektivit\u00e4t von Transatel f\u00fcr einen unterbrechungsfreien Betrieb im Einzelhandel verbindet Ihr Einzelhandels-\u00d6kosystem sicher mit einer 24\/7-Abdeckung an mehr als 200 Orten weltweit.\" \/>\n<meta name=\"twitter:image\" content=\"https:\/\/www.transatel.com\/wp-content\/uploads\/2025\/07\/AdobeStock_970028506.png\" \/>\n<meta name=\"twitter:label1\" content=\"Gesch\u00e4tzte Lesezeit\" \/>\n\t<meta name=\"twitter:data1\" content=\"1 Minute\" \/>\n<script type=\"application\/ld+json\" class=\"yoast-schema-graph\">{\"@context\":\"https:\\\/\\\/schema.org\",\"@graph\":[{\"@type\":\"WebPage\",\"@id\":\"https:\\\/\\\/www.transatel.com\\\/de\\\/solutions\\\/m2m-and-iot\\\/cellular-data-connectivity-solutions-for-retail\\\/\",\"url\":\"https:\\\/\\\/www.transatel.com\\\/de\\\/solutions\\\/m2m-and-iot\\\/cellular-data-connectivity-solutions-for-retail\\\/\",\"name\":\"IoT-Konnektivit\u00e4t f\u00fcr unterbrechungsfreien Betrieb im Einzelhandel | Transatel\",\"isPartOf\":{\"@id\":\"https:\\\/\\\/www.transatel.com\\\/#website\"},\"primaryImageOfPage\":{\"@id\":\"https:\\\/\\\/www.transatel.com\\\/de\\\/solutions\\\/m2m-and-iot\\\/cellular-data-connectivity-solutions-for-retail\\\/#primaryimage\"},\"image\":{\"@id\":\"https:\\\/\\\/www.transatel.com\\\/de\\\/solutions\\\/m2m-and-iot\\\/cellular-data-connectivity-solutions-for-retail\\\/#primaryimage\"},\"thumbnailUrl\":\"https:\\\/\\\/www.transatel.com\\\/wp-content\\\/uploads\\\/2025\\\/07\\\/AdobeStock_970028506.png\",\"datePublished\":\"2025-07-29T09:08:50+00:00\",\"dateModified\":\"2026-02-27T14:29:01+00:00\",\"description\":\"Die IoT-Konnektivit\u00e4t von Transatel f\u00fcr unterbrechungsfreie Einzelhandelsabl\u00e4ufe verbindet Ihr Einzelhandels-\u00d6kosystem sicher mit mehr als 200 Orten weltweit.\",\"breadcrumb\":{\"@id\":\"https:\\\/\\\/www.transatel.com\\\/de\\\/solutions\\\/m2m-and-iot\\\/cellular-data-connectivity-solutions-for-retail\\\/#breadcrumb\"},\"inLanguage\":\"de-DE\",\"potentialAction\":[{\"@type\":\"ReadAction\",\"target\":[\"https:\\\/\\\/www.transatel.com\\\/de\\\/solutions\\\/m2m-and-iot\\\/cellular-data-connectivity-solutions-for-retail\\\/\"]}]},{\"@type\":\"ImageObject\",\"inLanguage\":\"de-DE\",\"@id\":\"https:\\\/\\\/www.transatel.com\\\/de\\\/solutions\\\/m2m-and-iot\\\/cellular-data-connectivity-solutions-for-retail\\\/#primaryimage\",\"url\":\"https:\\\/\\\/www.transatel.com\\\/wp-content\\\/uploads\\\/2025\\\/07\\\/AdobeStock_970028506.png\",\"contentUrl\":\"https:\\\/\\\/www.transatel.com\\\/wp-content\\\/uploads\\\/2025\\\/07\\\/AdobeStock_970028506.png\",\"width\":960,\"height\":578,\"caption\":\"IoT-Konnektivit\u00e4t f\u00fcr einen unterbrechungsfreien Betrieb im Einzelhandel\"},{\"@type\":\"BreadcrumbList\",\"@id\":\"https:\\\/\\\/www.transatel.com\\\/de\\\/solutions\\\/m2m-and-iot\\\/cellular-data-connectivity-solutions-for-retail\\\/#breadcrumb\",\"itemListElement\":[{\"@type\":\"ListItem\",\"position\":1,\"name\":\"Home\",\"item\":\"https:\\\/\\\/www.transatel.com\\\/de\\\/global-cellular-connectivity-iot-mvno\\\/\"},{\"@type\":\"ListItem\",\"position\":2,\"name\":\"L\u00f6sungen\",\"item\":\"https:\\\/\\\/www.transatel.com\\\/de\\\/solutions\\\/\"},{\"@type\":\"ListItem\",\"position\":3,\"name\":\"IoT SOLUTIONS\",\"item\":\"https:\\\/\\\/www.transatel.com\\\/de\\\/m2m-and-iot\\\/\"},{\"@type\":\"ListItem\",\"position\":4,\"name\":\"Zellulare IoT-Konnektivit\u00e4tsl\u00f6sung f\u00fcr den Einzelhandel\"}]},{\"@type\":\"WebSite\",\"@id\":\"https:\\\/\\\/www.transatel.com\\\/#website\",\"url\":\"https:\\\/\\\/www.transatel.com\\\/\",\"name\":\"Transatel\",\"description\":\"From mobile Telephony  to Internet of Things\",\"publisher\":{\"@id\":\"https:\\\/\\\/www.transatel.com\\\/#organization\"},\"potentialAction\":[{\"@type\":\"SearchAction\",\"target\":{\"@type\":\"EntryPoint\",\"urlTemplate\":\"https:\\\/\\\/www.transatel.com\\\/?s={search_term_string}\"},\"query-input\":{\"@type\":\"PropertyValueSpecification\",\"valueRequired\":true,\"valueName\":\"search_term_string\"}}],\"inLanguage\":\"de-DE\"},{\"@type\":\"Organization\",\"@id\":\"https:\\\/\\\/www.transatel.com\\\/#organization\",\"name\":\"Transatel\",\"url\":\"https:\\\/\\\/www.transatel.com\\\/\",\"logo\":{\"@type\":\"ImageObject\",\"inLanguage\":\"de-DE\",\"@id\":\"https:\\\/\\\/www.transatel.com\\\/#\\\/schema\\\/logo\\\/image\\\/\",\"url\":\"https:\\\/\\\/www.transatel.com\\\/wp-content\\\/uploads\\\/2025\\\/09\\\/logoTSL-NTT.svg\",\"contentUrl\":\"https:\\\/\\\/www.transatel.com\\\/wp-content\\\/uploads\\\/2025\\\/09\\\/logoTSL-NTT.svg\",\"width\":1,\"height\":1,\"caption\":\"Transatel\"},\"image\":{\"@id\":\"https:\\\/\\\/www.transatel.com\\\/#\\\/schema\\\/logo\\\/image\\\/\"}}]}<\/script>\n<!-- \/ Yoast SEO plugin. -->","yoast_head_json":{"title":"IoT-Konnektivit\u00e4t f\u00fcr unterbrechungsfreien Betrieb im Einzelhandel | Transatel","description":"Die IoT-Konnektivit\u00e4t von Transatel f\u00fcr unterbrechungsfreie Einzelhandelsabl\u00e4ufe verbindet Ihr Einzelhandels-\u00d6kosystem sicher mit mehr als 200 Orten weltweit.","robots":{"index":"index","follow":"follow","max-snippet":"max-snippet:-1","max-image-preview":"max-image-preview:large","max-video-preview":"max-video-preview:-1"},"canonical":"https:\/\/www.transatel.com\/de\/solutions\/m2m-and-iot\/cellular-data-connectivity-solutions-for-retail\/","og_locale":"de_DE","og_type":"article","og_title":"IoT-Konnektivit\u00e4t f\u00fcr einen unterbrechungsfreien Betrieb im Einzelhandel","og_description":"Die IoT-Konnektivit\u00e4t von Transatel f\u00fcr einen unterbrechungsfreien Einzelhandelsbetrieb verbindet Ihr Einzelhandels-\u00d6kosystem sicher mit einer 24\/7-Abdeckung an mehr als 200 Orten weltweit.","og_url":"https:\/\/www.transatel.com\/de\/solutions\/m2m-and-iot\/cellular-data-connectivity-solutions-for-retail\/","og_site_name":"Transatel","article_modified_time":"2026-02-27T14:29:01+00:00","og_image":[{"url":"https:\/\/www.transatel.com\/wp-content\/uploads\/2025\/07\/AdobeStock_970028506.png","type":"","width":"","height":""}],"twitter_card":"summary_large_image","twitter_title":"IoT-Konnektivit\u00e4t f\u00fcr einen unterbrechungsfreien Betrieb im Einzelhandel","twitter_description":"Die IoT-Konnektivit\u00e4t von Transatel f\u00fcr einen unterbrechungsfreien Betrieb im Einzelhandel verbindet Ihr Einzelhandels-\u00d6kosystem sicher mit einer 24\/7-Abdeckung an mehr als 200 Orten weltweit.","twitter_image":"https:\/\/www.transatel.com\/wp-content\/uploads\/2025\/07\/AdobeStock_970028506.png","twitter_misc":{"Gesch\u00e4tzte Lesezeit":"1 Minute"},"schema":{"@context":"https:\/\/schema.org","@graph":[{"@type":"WebPage","@id":"https:\/\/www.transatel.com\/de\/solutions\/m2m-and-iot\/cellular-data-connectivity-solutions-for-retail\/","url":"https:\/\/www.transatel.com\/de\/solutions\/m2m-and-iot\/cellular-data-connectivity-solutions-for-retail\/","name":"IoT-Konnektivit\u00e4t f\u00fcr unterbrechungsfreien Betrieb im Einzelhandel | Transatel","isPartOf":{"@id":"https:\/\/www.transatel.com\/#website"},"primaryImageOfPage":{"@id":"https:\/\/www.transatel.com\/de\/solutions\/m2m-and-iot\/cellular-data-connectivity-solutions-for-retail\/#primaryimage"},"image":{"@id":"https:\/\/www.transatel.com\/de\/solutions\/m2m-and-iot\/cellular-data-connectivity-solutions-for-retail\/#primaryimage"},"thumbnailUrl":"https:\/\/www.transatel.com\/wp-content\/uploads\/2025\/07\/AdobeStock_970028506.png","datePublished":"2025-07-29T09:08:50+00:00","dateModified":"2026-02-27T14:29:01+00:00","description":"Die IoT-Konnektivit\u00e4t von Transatel f\u00fcr unterbrechungsfreie Einzelhandelsabl\u00e4ufe verbindet Ihr Einzelhandels-\u00d6kosystem sicher mit mehr als 200 Orten weltweit.","breadcrumb":{"@id":"https:\/\/www.transatel.com\/de\/solutions\/m2m-and-iot\/cellular-data-connectivity-solutions-for-retail\/#breadcrumb"},"inLanguage":"de-DE","potentialAction":[{"@type":"ReadAction","target":["https:\/\/www.transatel.com\/de\/solutions\/m2m-and-iot\/cellular-data-connectivity-solutions-for-retail\/"]}]},{"@type":"ImageObject","inLanguage":"de-DE","@id":"https:\/\/www.transatel.com\/de\/solutions\/m2m-and-iot\/cellular-data-connectivity-solutions-for-retail\/#primaryimage","url":"https:\/\/www.transatel.com\/wp-content\/uploads\/2025\/07\/AdobeStock_970028506.png","contentUrl":"https:\/\/www.transatel.com\/wp-content\/uploads\/2025\/07\/AdobeStock_970028506.png","width":960,"height":578,"caption":"IoT-Konnektivit\u00e4t f\u00fcr einen unterbrechungsfreien Betrieb im Einzelhandel"},{"@type":"BreadcrumbList","@id":"https:\/\/www.transatel.com\/de\/solutions\/m2m-and-iot\/cellular-data-connectivity-solutions-for-retail\/#breadcrumb","itemListElement":[{"@type":"ListItem","position":1,"name":"Home","item":"https:\/\/www.transatel.com\/de\/global-cellular-connectivity-iot-mvno\/"},{"@type":"ListItem","position":2,"name":"L\u00f6sungen","item":"https:\/\/www.transatel.com\/de\/solutions\/"},{"@type":"ListItem","position":3,"name":"IoT SOLUTIONS","item":"https:\/\/www.transatel.com\/de\/m2m-and-iot\/"},{"@type":"ListItem","position":4,"name":"Zellulare IoT-Konnektivit\u00e4tsl\u00f6sung f\u00fcr den Einzelhandel"}]},{"@type":"WebSite","@id":"https:\/\/www.transatel.com\/#website","url":"https:\/\/www.transatel.com\/","name":"Transatel","description":"From mobile Telephony  to Internet of Things","publisher":{"@id":"https:\/\/www.transatel.com\/#organization"},"potentialAction":[{"@type":"SearchAction","target":{"@type":"EntryPoint","urlTemplate":"https:\/\/www.transatel.com\/?s={search_term_string}"},"query-input":{"@type":"PropertyValueSpecification","valueRequired":true,"valueName":"search_term_string"}}],"inLanguage":"de-DE"},{"@type":"Organization","@id":"https:\/\/www.transatel.com\/#organization","name":"Transatel","url":"https:\/\/www.transatel.com\/","logo":{"@type":"ImageObject","inLanguage":"de-DE","@id":"https:\/\/www.transatel.com\/#\/schema\/logo\/image\/","url":"https:\/\/www.transatel.com\/wp-content\/uploads\/2025\/09\/logoTSL-NTT.svg","contentUrl":"https:\/\/www.transatel.com\/wp-content\/uploads\/2025\/09\/logoTSL-NTT.svg","width":1,"height":1,"caption":"Transatel"},"image":{"@id":"https:\/\/www.transatel.com\/#\/schema\/logo\/image\/"}}]}},"_links":{"self":[{"href":"https:\/\/www.transatel.com\/de\/wp-json\/wp\/v2\/pages\/124380","targetHints":{"allow":["GET"]}}],"collection":[{"href":"https:\/\/www.transatel.com\/de\/wp-json\/wp\/v2\/pages"}],"about":[{"href":"https:\/\/www.transatel.com\/de\/wp-json\/wp\/v2\/types\/page"}],"author":[{"embeddable":true,"href":"https:\/\/www.transatel.com\/de\/wp-json\/wp\/v2\/users\/85"}],"replies":[{"embeddable":true,"href":"https:\/\/www.transatel.com\/de\/wp-json\/wp\/v2\/comments?post=124380"}],"version-history":[{"count":2,"href":"https:\/\/www.transatel.com\/de\/wp-json\/wp\/v2\/pages\/124380\/revisions"}],"predecessor-version":[{"id":124383,"href":"https:\/\/www.transatel.com\/de\/wp-json\/wp\/v2\/pages\/124380\/revisions\/124383"}],"up":[{"embeddable":true,"href":"https:\/\/www.transatel.com\/de\/wp-json\/wp\/v2\/pages\/111855"}],"wp:featuredmedia":[{"embeddable":true,"href":"https:\/\/www.transatel.com\/de\/wp-json\/wp\/v2\/media\/97357"}],"wp:attachment":[{"href":"https:\/\/www.transatel.com\/de\/wp-json\/wp\/v2\/media?parent=124380"}],"curies":[{"name":"wp","href":"https:\/\/api.w.org\/{rel}","templated":true}]}}