{"id":61774,"date":"2023-01-11T11:20:31","date_gmt":"2023-01-11T10:20:31","guid":{"rendered":"https:\/\/www.transatel.com\/?page_id=61774"},"modified":"2026-03-19T11:58:59","modified_gmt":"2026-03-19T10:58:59","slug":"iot","status":"publish","type":"page","link":"https:\/\/www.transatel.com\/de\/iot\/","title":{"rendered":"IoT"},"content":{"rendered":"","protected":false},"excerpt":{"rendered":"","protected":false},"author":50,"featured_media":0,"parent":0,"menu_order":0,"comment_status":"closed","ping_status":"closed","template":"page-home-iot.php","meta":{"_acf_changed":false,"content-type":"","inline_featured_image":false,"footnotes":""},"class_list":["post-61774","page","type-page","status-publish","hentry"],"acf":[],"yoast_head":"<!-- This site is optimized with the Yoast SEO plugin v27.3 - https:\/\/yoast.com\/product\/yoast-seo-wordpress\/ -->\n<title>Globale M2M\u2011 und IoT\u2011Konnektivit\u00e4t \u00fcber Mobilfunk<\/title>\n<meta name=\"description\" content=\"Verbinden Sie Ihre Endger\u00e4te weltweit \u00fcber 2G bis 5G und LTE\u2011M mit der IoT\u2011Mobilfunkplattform von Transatel f\u00fcr M2M\u2011 und IoT\u2011Anwendungen.\" \/>\n<meta name=\"robots\" content=\"index, follow, max-snippet:-1, max-image-preview:large, max-video-preview:-1\" \/>\n<link rel=\"canonical\" href=\"https:\/\/www.transatel.com\/de\/iot\/\" \/>\n<meta property=\"og:locale\" content=\"de_DE\" \/>\n<meta property=\"og:type\" content=\"article\" \/>\n<meta property=\"og:title\" content=\"Globale M2M\u2011 und IoT\u2011Konnektivit\u00e4t \u00fcber Mobilfunk\" \/>\n<meta property=\"og:description\" content=\"Verbinden Sie Ihre Endger\u00e4te weltweit \u00fcber 2G bis 5G und LTE\u2011M mit der IoT\u2011Mobilfunkplattform von Transatel f\u00fcr M2M\u2011 und IoT\u2011Anwendungen.\" \/>\n<meta property=\"og:url\" content=\"https:\/\/www.transatel.com\/de\/iot\/\" \/>\n<meta property=\"og:site_name\" content=\"Transatel\" \/>\n<meta property=\"article:modified_time\" content=\"2026-03-19T10:58:59+00:00\" \/>\n<meta property=\"og:image\" content=\"https:\/\/www.transatel.com\/wp-content\/uploads\/2022\/04\/scale-iot-internationally.jpg\" \/>\n<meta name=\"twitter:card\" content=\"summary_large_image\" \/>\n<script type=\"application\/ld+json\" class=\"yoast-schema-graph\">{\"@context\":\"https:\\\/\\\/schema.org\",\"@graph\":[{\"@type\":\"WebPage\",\"@id\":\"https:\\\/\\\/www.transatel.com\\\/de\\\/iot\\\/\",\"url\":\"https:\\\/\\\/www.transatel.com\\\/de\\\/iot\\\/\",\"name\":\"Globale M2M\u2011 und IoT\u2011Konnektivit\u00e4t \u00fcber Mobilfunk\",\"isPartOf\":{\"@id\":\"https:\\\/\\\/www.transatel.com\\\/#website\"},\"datePublished\":\"2023-01-11T10:20:31+00:00\",\"dateModified\":\"2026-03-19T10:58:59+00:00\",\"description\":\"Verbinden Sie Ihre Endger\u00e4te weltweit \u00fcber 2G bis 5G und LTE\u2011M mit der IoT\u2011Mobilfunkplattform von Transatel f\u00fcr M2M\u2011 und IoT\u2011Anwendungen.\",\"breadcrumb\":{\"@id\":\"https:\\\/\\\/www.transatel.com\\\/de\\\/iot\\\/#breadcrumb\"},\"inLanguage\":\"de-DE\",\"potentialAction\":[{\"@type\":\"ReadAction\",\"target\":[\"https:\\\/\\\/www.transatel.com\\\/de\\\/iot\\\/\"]}]},{\"@type\":\"BreadcrumbList\",\"@id\":\"https:\\\/\\\/www.transatel.com\\\/de\\\/iot\\\/#breadcrumb\",\"itemListElement\":[{\"@type\":\"ListItem\",\"position\":1,\"name\":\"Home\",\"item\":\"https:\\\/\\\/www.transatel.com\\\/de\\\/global-cellular-connectivity-iot-mvno\\\/\"},{\"@type\":\"ListItem\",\"position\":2,\"name\":\"IoT\"}]},{\"@type\":\"WebSite\",\"@id\":\"https:\\\/\\\/www.transatel.com\\\/#website\",\"url\":\"https:\\\/\\\/www.transatel.com\\\/\",\"name\":\"Transatel\",\"description\":\"From mobile Telephony  to Internet of Things\",\"publisher\":{\"@id\":\"https:\\\/\\\/www.transatel.com\\\/#organization\"},\"potentialAction\":[{\"@type\":\"SearchAction\",\"target\":{\"@type\":\"EntryPoint\",\"urlTemplate\":\"https:\\\/\\\/www.transatel.com\\\/?s={search_term_string}\"},\"query-input\":{\"@type\":\"PropertyValueSpecification\",\"valueRequired\":true,\"valueName\":\"search_term_string\"}}],\"inLanguage\":\"de-DE\"},{\"@type\":\"Organization\",\"@id\":\"https:\\\/\\\/www.transatel.com\\\/#organization\",\"name\":\"Transatel\",\"url\":\"https:\\\/\\\/www.transatel.com\\\/\",\"logo\":{\"@type\":\"ImageObject\",\"inLanguage\":\"de-DE\",\"@id\":\"https:\\\/\\\/www.transatel.com\\\/#\\\/schema\\\/logo\\\/image\\\/\",\"url\":\"https:\\\/\\\/www.transatel.com\\\/wp-content\\\/uploads\\\/2025\\\/09\\\/logoTSL-NTT.svg\",\"contentUrl\":\"https:\\\/\\\/www.transatel.com\\\/wp-content\\\/uploads\\\/2025\\\/09\\\/logoTSL-NTT.svg\",\"width\":1,\"height\":1,\"caption\":\"Transatel\"},\"image\":{\"@id\":\"https:\\\/\\\/www.transatel.com\\\/#\\\/schema\\\/logo\\\/image\\\/\"}}]}<\/script>\n<!-- \/ Yoast SEO plugin. -->","yoast_head_json":{"title":"Globale M2M\u2011 und IoT\u2011Konnektivit\u00e4t \u00fcber Mobilfunk","description":"Verbinden Sie Ihre Endger\u00e4te weltweit \u00fcber 2G bis 5G und LTE\u2011M mit der IoT\u2011Mobilfunkplattform von Transatel f\u00fcr M2M\u2011 und IoT\u2011Anwendungen.","robots":{"index":"index","follow":"follow","max-snippet":"max-snippet:-1","max-image-preview":"max-image-preview:large","max-video-preview":"max-video-preview:-1"},"canonical":"https:\/\/www.transatel.com\/de\/iot\/","og_locale":"de_DE","og_type":"article","og_title":"Globale M2M\u2011 und IoT\u2011Konnektivit\u00e4t \u00fcber Mobilfunk","og_description":"Verbinden Sie Ihre Endger\u00e4te weltweit \u00fcber 2G bis 5G und LTE\u2011M mit der IoT\u2011Mobilfunkplattform von Transatel f\u00fcr M2M\u2011 und IoT\u2011Anwendungen.","og_url":"https:\/\/www.transatel.com\/de\/iot\/","og_site_name":"Transatel","article_modified_time":"2026-03-19T10:58:59+00:00","og_image":[{"url":"https:\/\/www.transatel.com\/wp-content\/uploads\/2022\/04\/scale-iot-internationally.jpg","type":"","width":"","height":""}],"twitter_card":"summary_large_image","schema":{"@context":"https:\/\/schema.org","@graph":[{"@type":"WebPage","@id":"https:\/\/www.transatel.com\/de\/iot\/","url":"https:\/\/www.transatel.com\/de\/iot\/","name":"Globale M2M\u2011 und IoT\u2011Konnektivit\u00e4t \u00fcber Mobilfunk","isPartOf":{"@id":"https:\/\/www.transatel.com\/#website"},"datePublished":"2023-01-11T10:20:31+00:00","dateModified":"2026-03-19T10:58:59+00:00","description":"Verbinden Sie Ihre Endger\u00e4te weltweit \u00fcber 2G bis 5G und LTE\u2011M mit der IoT\u2011Mobilfunkplattform von Transatel f\u00fcr M2M\u2011 und IoT\u2011Anwendungen.","breadcrumb":{"@id":"https:\/\/www.transatel.com\/de\/iot\/#breadcrumb"},"inLanguage":"de-DE","potentialAction":[{"@type":"ReadAction","target":["https:\/\/www.transatel.com\/de\/iot\/"]}]},{"@type":"BreadcrumbList","@id":"https:\/\/www.transatel.com\/de\/iot\/#breadcrumb","itemListElement":[{"@type":"ListItem","position":1,"name":"Home","item":"https:\/\/www.transatel.com\/de\/global-cellular-connectivity-iot-mvno\/"},{"@type":"ListItem","position":2,"name":"IoT"}]},{"@type":"WebSite","@id":"https:\/\/www.transatel.com\/#website","url":"https:\/\/www.transatel.com\/","name":"Transatel","description":"From mobile Telephony  to Internet of Things","publisher":{"@id":"https:\/\/www.transatel.com\/#organization"},"potentialAction":[{"@type":"SearchAction","target":{"@type":"EntryPoint","urlTemplate":"https:\/\/www.transatel.com\/?s={search_term_string}"},"query-input":{"@type":"PropertyValueSpecification","valueRequired":true,"valueName":"search_term_string"}}],"inLanguage":"de-DE"},{"@type":"Organization","@id":"https:\/\/www.transatel.com\/#organization","name":"Transatel","url":"https:\/\/www.transatel.com\/","logo":{"@type":"ImageObject","inLanguage":"de-DE","@id":"https:\/\/www.transatel.com\/#\/schema\/logo\/image\/","url":"https:\/\/www.transatel.com\/wp-content\/uploads\/2025\/09\/logoTSL-NTT.svg","contentUrl":"https:\/\/www.transatel.com\/wp-content\/uploads\/2025\/09\/logoTSL-NTT.svg","width":1,"height":1,"caption":"Transatel"},"image":{"@id":"https:\/\/www.transatel.com\/#\/schema\/logo\/image\/"}}]}},"_links":{"self":[{"href":"https:\/\/www.transatel.com\/de\/wp-json\/wp\/v2\/pages\/61774","targetHints":{"allow":["GET"]}}],"collection":[{"href":"https:\/\/www.transatel.com\/de\/wp-json\/wp\/v2\/pages"}],"about":[{"href":"https:\/\/www.transatel.com\/de\/wp-json\/wp\/v2\/types\/page"}],"author":[{"embeddable":true,"href":"https:\/\/www.transatel.com\/de\/wp-json\/wp\/v2\/users\/50"}],"replies":[{"embeddable":true,"href":"https:\/\/www.transatel.com\/de\/wp-json\/wp\/v2\/comments?post=61774"}],"version-history":[{"count":4,"href":"https:\/\/www.transatel.com\/de\/wp-json\/wp\/v2\/pages\/61774\/revisions"}],"predecessor-version":[{"id":125401,"href":"https:\/\/www.transatel.com\/de\/wp-json\/wp\/v2\/pages\/61774\/revisions\/125401"}],"wp:attachment":[{"href":"https:\/\/www.transatel.com\/de\/wp-json\/wp\/v2\/media?parent=61774"}],"curies":[{"name":"wp","href":"https:\/\/api.w.org\/{rel}","templated":true}]}}