{"id":124675,"date":"2021-09-14T14:17:47","date_gmt":"2021-09-14T13:17:47","guid":{"rendered":"https:\/\/www.transatel.com\/solutions\/m2m-and-iot\/smart-mobility\/"},"modified":"2026-03-11T16:05:16","modified_gmt":"2026-03-11T15:05:16","slug":"smart-mobility","status":"publish","type":"page","link":"https:\/\/www.transatel.com\/es\/solutions\/m2m-and-iot\/smart-mobility\/","title":{"rendered":"Conectividad celular IoT mundial para una movilidad inteligente"},"content":{"rendered":"\r\n<p class=\"has-text-align-center\">\u00a0<\/p>\r\n","protected":false},"excerpt":{"rendered":"<p>\u00a0<\/p>\n","protected":false},"author":66,"featured_media":63608,"parent":111854,"menu_order":0,"comment_status":"closed","ping_status":"closed","template":"page-industry.php","meta":{"_acf_changed":false,"content-type":"","inline_featured_image":false,"footnotes":""},"class_list":["post-124675","page","type-page","status-publish","has-post-thumbnail","hentry"],"acf":[],"yoast_head":"<!-- This site is optimized with the Yoast SEO plugin v27.3 - https:\/\/yoast.com\/product\/yoast-seo-wordpress\/ -->\n<title>Conectividad IoT para la Movilidad Inteligente | Transatel<\/title>\n<meta name=\"description\" content=\"La SIM M2M multirred de Transatel permite que las soluciones IoT para la movilidad inteligente se ampl\u00eden m\u00e1s all\u00e1 de las fronteras con conectividad global 3G\/4G\/5G y LTE-M.\" \/>\n<meta name=\"robots\" content=\"index, follow, max-snippet:-1, max-image-preview:large, max-video-preview:-1\" \/>\n<link rel=\"canonical\" href=\"https:\/\/www.transatel.com\/es\/solutions\/m2m-and-iot\/smart-mobility\/\" \/>\n<meta property=\"og:locale\" content=\"es_ES\" \/>\n<meta property=\"og:type\" content=\"article\" \/>\n<meta property=\"og:title\" content=\"Conectividad IoT para la Movilidad Inteligente | Transatel\" \/>\n<meta property=\"og:description\" content=\"La SIM M2M multirred de Transatel permite que las soluciones IoT para la movilidad inteligente se ampl\u00eden m\u00e1s all\u00e1 de las fronteras con conectividad global 3G\/4G\/5G y LTE-M.\" \/>\n<meta property=\"og:url\" content=\"https:\/\/www.transatel.com\/es\/solutions\/m2m-and-iot\/smart-mobility\/\" \/>\n<meta property=\"og:site_name\" content=\"Transatel\" \/>\n<meta property=\"article:modified_time\" content=\"2026-03-11T15:05:16+00:00\" \/>\n<meta property=\"og:image\" content=\"https:\/\/www.transatel.com\/wp-content\/uploads\/2022\/01\/transatel-iot-mobility-s.jpg\" \/>\n<meta name=\"twitter:card\" content=\"summary_large_image\" \/>\n<meta name=\"twitter:label1\" content=\"Tiempo de lectura\" \/>\n\t<meta name=\"twitter:data1\" content=\"1 minuto\" \/>\n<script type=\"application\/ld+json\" class=\"yoast-schema-graph\">{\"@context\":\"https:\\\/\\\/schema.org\",\"@graph\":[{\"@type\":\"WebPage\",\"@id\":\"https:\\\/\\\/www.transatel.com\\\/es\\\/solutions\\\/m2m-and-iot\\\/smart-mobility\\\/\",\"url\":\"https:\\\/\\\/www.transatel.com\\\/es\\\/solutions\\\/m2m-and-iot\\\/smart-mobility\\\/\",\"name\":\"Conectividad IoT para la Movilidad Inteligente | Transatel\",\"isPartOf\":{\"@id\":\"https:\\\/\\\/www.transatel.com\\\/#website\"},\"primaryImageOfPage\":{\"@id\":\"https:\\\/\\\/www.transatel.com\\\/es\\\/solutions\\\/m2m-and-iot\\\/smart-mobility\\\/#primaryimage\"},\"image\":{\"@id\":\"https:\\\/\\\/www.transatel.com\\\/es\\\/solutions\\\/m2m-and-iot\\\/smart-mobility\\\/#primaryimage\"},\"thumbnailUrl\":\"https:\\\/\\\/www.transatel.com\\\/wp-content\\\/uploads\\\/2021\\\/09\\\/electric-cars-in-parkin-lot.jpg\",\"datePublished\":\"2021-09-14T13:17:47+00:00\",\"dateModified\":\"2026-03-11T15:05:16+00:00\",\"description\":\"La SIM M2M multirred de Transatel permite que las soluciones IoT para la movilidad inteligente se ampl\u00eden m\u00e1s all\u00e1 de las fronteras con conectividad global 3G\\\/4G\\\/5G y LTE-M.\",\"breadcrumb\":{\"@id\":\"https:\\\/\\\/www.transatel.com\\\/es\\\/solutions\\\/m2m-and-iot\\\/smart-mobility\\\/#breadcrumb\"},\"inLanguage\":\"es\",\"potentialAction\":[{\"@type\":\"ReadAction\",\"target\":[\"https:\\\/\\\/www.transatel.com\\\/es\\\/solutions\\\/m2m-and-iot\\\/smart-mobility\\\/\"]}]},{\"@type\":\"ImageObject\",\"inLanguage\":\"es\",\"@id\":\"https:\\\/\\\/www.transatel.com\\\/es\\\/solutions\\\/m2m-and-iot\\\/smart-mobility\\\/#primaryimage\",\"url\":\"https:\\\/\\\/www.transatel.com\\\/wp-content\\\/uploads\\\/2021\\\/09\\\/electric-cars-in-parkin-lot.jpg\",\"contentUrl\":\"https:\\\/\\\/www.transatel.com\\\/wp-content\\\/uploads\\\/2021\\\/09\\\/electric-cars-in-parkin-lot.jpg\",\"width\":2336,\"height\":375,\"caption\":\"coches el\u00e9ctricos en el aparcamiento\"},{\"@type\":\"BreadcrumbList\",\"@id\":\"https:\\\/\\\/www.transatel.com\\\/es\\\/solutions\\\/m2m-and-iot\\\/smart-mobility\\\/#breadcrumb\",\"itemListElement\":[{\"@type\":\"ListItem\",\"position\":1,\"name\":\"Home\",\"item\":\"https:\\\/\\\/www.transatel.com\\\/es\\\/\"},{\"@type\":\"ListItem\",\"position\":2,\"name\":\"Solutions\",\"item\":\"https:\\\/\\\/www.transatel.com\\\/es\\\/solutions\\\/\"},{\"@type\":\"ListItem\",\"position\":3,\"name\":\"IoT SOLUTIONS\",\"item\":\"https:\\\/\\\/www.transatel.com\\\/es\\\/m2m-and-iot\\\/\"},{\"@type\":\"ListItem\",\"position\":4,\"name\":\"Conectividad celular IoT mundial para una movilidad inteligente\"}]},{\"@type\":\"WebSite\",\"@id\":\"https:\\\/\\\/www.transatel.com\\\/#website\",\"url\":\"https:\\\/\\\/www.transatel.com\\\/\",\"name\":\"Transatel\",\"description\":\"From mobile Telephony  to Internet of Things\",\"publisher\":{\"@id\":\"https:\\\/\\\/www.transatel.com\\\/#organization\"},\"potentialAction\":[{\"@type\":\"SearchAction\",\"target\":{\"@type\":\"EntryPoint\",\"urlTemplate\":\"https:\\\/\\\/www.transatel.com\\\/?s={search_term_string}\"},\"query-input\":{\"@type\":\"PropertyValueSpecification\",\"valueRequired\":true,\"valueName\":\"search_term_string\"}}],\"inLanguage\":\"es\"},{\"@type\":\"Organization\",\"@id\":\"https:\\\/\\\/www.transatel.com\\\/#organization\",\"name\":\"Transatel\",\"url\":\"https:\\\/\\\/www.transatel.com\\\/\",\"logo\":{\"@type\":\"ImageObject\",\"inLanguage\":\"es\",\"@id\":\"https:\\\/\\\/www.transatel.com\\\/#\\\/schema\\\/logo\\\/image\\\/\",\"url\":\"https:\\\/\\\/www.transatel.com\\\/wp-content\\\/uploads\\\/2025\\\/09\\\/logoTSL-NTT.svg\",\"contentUrl\":\"https:\\\/\\\/www.transatel.com\\\/wp-content\\\/uploads\\\/2025\\\/09\\\/logoTSL-NTT.svg\",\"width\":1,\"height\":1,\"caption\":\"Transatel\"},\"image\":{\"@id\":\"https:\\\/\\\/www.transatel.com\\\/#\\\/schema\\\/logo\\\/image\\\/\"}}]}<\/script>\n<!-- \/ Yoast SEO plugin. -->","yoast_head_json":{"title":"Conectividad IoT para la Movilidad Inteligente | Transatel","description":"La SIM M2M multirred de Transatel permite que las soluciones IoT para la movilidad inteligente se ampl\u00eden m\u00e1s all\u00e1 de las fronteras con conectividad global 3G\/4G\/5G y LTE-M.","robots":{"index":"index","follow":"follow","max-snippet":"max-snippet:-1","max-image-preview":"max-image-preview:large","max-video-preview":"max-video-preview:-1"},"canonical":"https:\/\/www.transatel.com\/es\/solutions\/m2m-and-iot\/smart-mobility\/","og_locale":"es_ES","og_type":"article","og_title":"Conectividad IoT para la Movilidad Inteligente | Transatel","og_description":"La SIM M2M multirred de Transatel permite que las soluciones IoT para la movilidad inteligente se ampl\u00eden m\u00e1s all\u00e1 de las fronteras con conectividad global 3G\/4G\/5G y LTE-M.","og_url":"https:\/\/www.transatel.com\/es\/solutions\/m2m-and-iot\/smart-mobility\/","og_site_name":"Transatel","article_modified_time":"2026-03-11T15:05:16+00:00","og_image":[{"url":"https:\/\/www.transatel.com\/wp-content\/uploads\/2022\/01\/transatel-iot-mobility-s.jpg","type":"","width":"","height":""}],"twitter_card":"summary_large_image","twitter_misc":{"Tiempo de lectura":"1 minuto"},"schema":{"@context":"https:\/\/schema.org","@graph":[{"@type":"WebPage","@id":"https:\/\/www.transatel.com\/es\/solutions\/m2m-and-iot\/smart-mobility\/","url":"https:\/\/www.transatel.com\/es\/solutions\/m2m-and-iot\/smart-mobility\/","name":"Conectividad IoT para la Movilidad Inteligente | Transatel","isPartOf":{"@id":"https:\/\/www.transatel.com\/#website"},"primaryImageOfPage":{"@id":"https:\/\/www.transatel.com\/es\/solutions\/m2m-and-iot\/smart-mobility\/#primaryimage"},"image":{"@id":"https:\/\/www.transatel.com\/es\/solutions\/m2m-and-iot\/smart-mobility\/#primaryimage"},"thumbnailUrl":"https:\/\/www.transatel.com\/wp-content\/uploads\/2021\/09\/electric-cars-in-parkin-lot.jpg","datePublished":"2021-09-14T13:17:47+00:00","dateModified":"2026-03-11T15:05:16+00:00","description":"La SIM M2M multirred de Transatel permite que las soluciones IoT para la movilidad inteligente se ampl\u00eden m\u00e1s all\u00e1 de las fronteras con conectividad global 3G\/4G\/5G y LTE-M.","breadcrumb":{"@id":"https:\/\/www.transatel.com\/es\/solutions\/m2m-and-iot\/smart-mobility\/#breadcrumb"},"inLanguage":"es","potentialAction":[{"@type":"ReadAction","target":["https:\/\/www.transatel.com\/es\/solutions\/m2m-and-iot\/smart-mobility\/"]}]},{"@type":"ImageObject","inLanguage":"es","@id":"https:\/\/www.transatel.com\/es\/solutions\/m2m-and-iot\/smart-mobility\/#primaryimage","url":"https:\/\/www.transatel.com\/wp-content\/uploads\/2021\/09\/electric-cars-in-parkin-lot.jpg","contentUrl":"https:\/\/www.transatel.com\/wp-content\/uploads\/2021\/09\/electric-cars-in-parkin-lot.jpg","width":2336,"height":375,"caption":"coches el\u00e9ctricos en el aparcamiento"},{"@type":"BreadcrumbList","@id":"https:\/\/www.transatel.com\/es\/solutions\/m2m-and-iot\/smart-mobility\/#breadcrumb","itemListElement":[{"@type":"ListItem","position":1,"name":"Home","item":"https:\/\/www.transatel.com\/es\/"},{"@type":"ListItem","position":2,"name":"Solutions","item":"https:\/\/www.transatel.com\/es\/solutions\/"},{"@type":"ListItem","position":3,"name":"IoT SOLUTIONS","item":"https:\/\/www.transatel.com\/es\/m2m-and-iot\/"},{"@type":"ListItem","position":4,"name":"Conectividad celular IoT mundial para una movilidad inteligente"}]},{"@type":"WebSite","@id":"https:\/\/www.transatel.com\/#website","url":"https:\/\/www.transatel.com\/","name":"Transatel","description":"From mobile Telephony  to Internet of Things","publisher":{"@id":"https:\/\/www.transatel.com\/#organization"},"potentialAction":[{"@type":"SearchAction","target":{"@type":"EntryPoint","urlTemplate":"https:\/\/www.transatel.com\/?s={search_term_string}"},"query-input":{"@type":"PropertyValueSpecification","valueRequired":true,"valueName":"search_term_string"}}],"inLanguage":"es"},{"@type":"Organization","@id":"https:\/\/www.transatel.com\/#organization","name":"Transatel","url":"https:\/\/www.transatel.com\/","logo":{"@type":"ImageObject","inLanguage":"es","@id":"https:\/\/www.transatel.com\/#\/schema\/logo\/image\/","url":"https:\/\/www.transatel.com\/wp-content\/uploads\/2025\/09\/logoTSL-NTT.svg","contentUrl":"https:\/\/www.transatel.com\/wp-content\/uploads\/2025\/09\/logoTSL-NTT.svg","width":1,"height":1,"caption":"Transatel"},"image":{"@id":"https:\/\/www.transatel.com\/#\/schema\/logo\/image\/"}}]}},"_links":{"self":[{"href":"https:\/\/www.transatel.com\/es\/wp-json\/wp\/v2\/pages\/124675","targetHints":{"allow":["GET"]}}],"collection":[{"href":"https:\/\/www.transatel.com\/es\/wp-json\/wp\/v2\/pages"}],"about":[{"href":"https:\/\/www.transatel.com\/es\/wp-json\/wp\/v2\/types\/page"}],"author":[{"embeddable":true,"href":"https:\/\/www.transatel.com\/es\/wp-json\/wp\/v2\/users\/66"}],"replies":[{"embeddable":true,"href":"https:\/\/www.transatel.com\/es\/wp-json\/wp\/v2\/comments?post=124675"}],"version-history":[{"count":1,"href":"https:\/\/www.transatel.com\/es\/wp-json\/wp\/v2\/pages\/124675\/revisions"}],"predecessor-version":[{"id":124676,"href":"https:\/\/www.transatel.com\/es\/wp-json\/wp\/v2\/pages\/124675\/revisions\/124676"}],"up":[{"embeddable":true,"href":"https:\/\/www.transatel.com\/es\/wp-json\/wp\/v2\/pages\/111854"}],"wp:featuredmedia":[{"embeddable":true,"href":"https:\/\/www.transatel.com\/es\/wp-json\/wp\/v2\/media\/63608"}],"wp:attachment":[{"href":"https:\/\/www.transatel.com\/es\/wp-json\/wp\/v2\/media?parent=124675"}],"curies":[{"name":"wp","href":"https:\/\/api.w.org\/{rel}","templated":true}]}}