{"id":100742,"date":"2025-10-28T11:41:43","date_gmt":"2025-10-28T10:41:43","guid":{"rendered":"https:\/\/www.transatel.com\/iot\/iot-esim\/"},"modified":"2026-01-21T15:11:18","modified_gmt":"2026-01-21T14:11:18","slug":"iot-esim","status":"publish","type":"page","link":"https:\/\/www.transatel.com\/fr\/iot\/iot-esim\/","title":{"rendered":"eSIM IoT"},"content":{"rendered":"","protected":false},"excerpt":{"rendered":"","protected":false},"author":85,"featured_media":0,"parent":41834,"menu_order":0,"comment_status":"closed","ping_status":"closed","template":"page-iot-esim.php","meta":{"_acf_changed":false,"content-type":"","inline_featured_image":false,"footnotes":""},"class_list":["post-100742","page","type-page","status-publish","hentry"],"acf":[],"yoast_head":"<!-- This site is optimized with the Yoast SEO plugin v27.3 - https:\/\/yoast.com\/product\/yoast-seo-wordpress\/ -->\n<title>eSIM IoT multi-op\u00e9rateur I Transatel<\/title>\n<meta name=\"description\" content=\"Simplifiez le d\u00e9ploiement de vos objets connect\u00e9s gr\u00e2ce \u00e0 l\u2019eSIM IoT. Avec Transatel, vous b\u00e9n\u00e9ficiez d\u2019une couverture data mondiale sur les r\u00e9seaux 2G-5G et LTE-M de plus de 300 op\u00e9rateurs.\" \/>\n<meta name=\"robots\" content=\"index, follow, max-snippet:-1, max-image-preview:large, max-video-preview:-1\" \/>\n<link rel=\"canonical\" href=\"https:\/\/www.transatel.com\/fr\/iot\/iot-esim\/\" \/>\n<meta property=\"og:locale\" content=\"fr_FR\" \/>\n<meta property=\"og:type\" content=\"article\" \/>\n<meta property=\"og:title\" content=\"Transatel Global IoT eSIM\" \/>\n<meta property=\"og:description\" content=\"Transatel Global IoT eSIM offre une connectivit\u00e9 cellulaire transparente dans plus de 200 pays et territoires, prenant en charge les r\u00e9seaux 2G \u00e0 5G et LTE-M.\" \/>\n<meta property=\"og:url\" content=\"https:\/\/www.transatel.com\/fr\/iot\/iot-esim\/\" \/>\n<meta property=\"og:site_name\" content=\"Transatel\" \/>\n<meta property=\"article:modified_time\" content=\"2026-01-21T14:11:18+00:00\" \/>\n<meta property=\"og:image\" content=\"https:\/\/www.transatel.com\/wp-content\/uploads\/2025\/10\/Groupe-7926-1.png\" \/>\n\t<meta property=\"og:image:width\" content=\"960\" \/>\n\t<meta property=\"og:image:height\" content=\"491\" \/>\n\t<meta property=\"og:image:type\" content=\"image\/png\" \/>\n<meta name=\"twitter:card\" content=\"summary_large_image\" \/>\n<meta name=\"twitter:title\" content=\"Transatel Global IoT eSIM\" \/>\n<meta name=\"twitter:description\" content=\"Transatel Global IoT eSIM offre une connectivit\u00e9 cellulaire transparente dans plus de 200 pays et territoires, prenant en charge les r\u00e9seaux 2G \u00e0 5G et LTE-M.\" \/>\n<meta name=\"twitter:image\" content=\"https:\/\/www.transatel.com\/wp-content\/uploads\/2025\/10\/Groupe-7926-1.png\" \/>\n<script type=\"application\/ld+json\" class=\"yoast-schema-graph\">{\"@context\":\"https:\\\/\\\/schema.org\",\"@graph\":[{\"@type\":\"WebPage\",\"@id\":\"https:\\\/\\\/www.transatel.com\\\/fr\\\/iot\\\/iot-esim\\\/\",\"url\":\"https:\\\/\\\/www.transatel.com\\\/fr\\\/iot\\\/iot-esim\\\/\",\"name\":\"eSIM IoT multi-op\u00e9rateur I Transatel\",\"isPartOf\":{\"@id\":\"https:\\\/\\\/www.transatel.com\\\/#website\"},\"datePublished\":\"2025-10-28T10:41:43+00:00\",\"dateModified\":\"2026-01-21T14:11:18+00:00\",\"description\":\"Simplifiez le d\u00e9ploiement de vos objets connect\u00e9s gr\u00e2ce \u00e0 l\u2019eSIM IoT. Avec Transatel, vous b\u00e9n\u00e9ficiez d\u2019une couverture data mondiale sur les r\u00e9seaux 2G-5G et LTE-M de plus de 300 op\u00e9rateurs.\",\"breadcrumb\":{\"@id\":\"https:\\\/\\\/www.transatel.com\\\/fr\\\/iot\\\/iot-esim\\\/#breadcrumb\"},\"inLanguage\":\"fr-FR\",\"potentialAction\":[{\"@type\":\"ReadAction\",\"target\":[\"https:\\\/\\\/www.transatel.com\\\/fr\\\/iot\\\/iot-esim\\\/\"]}]},{\"@type\":\"BreadcrumbList\",\"@id\":\"https:\\\/\\\/www.transatel.com\\\/fr\\\/iot\\\/iot-esim\\\/#breadcrumb\",\"itemListElement\":[{\"@type\":\"ListItem\",\"position\":1,\"name\":\"Home\",\"item\":\"https:\\\/\\\/www.transatel.com\\\/fr\\\/\"},{\"@type\":\"ListItem\",\"position\":2,\"name\":\"IoT\",\"item\":\"https:\\\/\\\/www.transatel.com\\\/fr\\\/iot\\\/\"},{\"@type\":\"ListItem\",\"position\":3,\"name\":\"eSIM IoT\"}]},{\"@type\":\"WebSite\",\"@id\":\"https:\\\/\\\/www.transatel.com\\\/#website\",\"url\":\"https:\\\/\\\/www.transatel.com\\\/\",\"name\":\"Transatel\",\"description\":\"From mobile Telephony  to Internet of Things\",\"publisher\":{\"@id\":\"https:\\\/\\\/www.transatel.com\\\/#organization\"},\"potentialAction\":[{\"@type\":\"SearchAction\",\"target\":{\"@type\":\"EntryPoint\",\"urlTemplate\":\"https:\\\/\\\/www.transatel.com\\\/?s={search_term_string}\"},\"query-input\":{\"@type\":\"PropertyValueSpecification\",\"valueRequired\":true,\"valueName\":\"search_term_string\"}}],\"inLanguage\":\"fr-FR\"},{\"@type\":\"Organization\",\"@id\":\"https:\\\/\\\/www.transatel.com\\\/#organization\",\"name\":\"Transatel\",\"url\":\"https:\\\/\\\/www.transatel.com\\\/\",\"logo\":{\"@type\":\"ImageObject\",\"inLanguage\":\"fr-FR\",\"@id\":\"https:\\\/\\\/www.transatel.com\\\/#\\\/schema\\\/logo\\\/image\\\/\",\"url\":\"https:\\\/\\\/www.transatel.com\\\/wp-content\\\/uploads\\\/2025\\\/09\\\/logoTSL-NTT.svg\",\"contentUrl\":\"https:\\\/\\\/www.transatel.com\\\/wp-content\\\/uploads\\\/2025\\\/09\\\/logoTSL-NTT.svg\",\"width\":1,\"height\":1,\"caption\":\"Transatel\"},\"image\":{\"@id\":\"https:\\\/\\\/www.transatel.com\\\/#\\\/schema\\\/logo\\\/image\\\/\"}}]}<\/script>\n<!-- \/ Yoast SEO plugin. -->","yoast_head_json":{"title":"eSIM IoT multi-op\u00e9rateur I Transatel","description":"Simplifiez le d\u00e9ploiement de vos objets connect\u00e9s gr\u00e2ce \u00e0 l\u2019eSIM IoT. Avec Transatel, vous b\u00e9n\u00e9ficiez d\u2019une couverture data mondiale sur les r\u00e9seaux 2G-5G et LTE-M de plus de 300 op\u00e9rateurs.","robots":{"index":"index","follow":"follow","max-snippet":"max-snippet:-1","max-image-preview":"max-image-preview:large","max-video-preview":"max-video-preview:-1"},"canonical":"https:\/\/www.transatel.com\/fr\/iot\/iot-esim\/","og_locale":"fr_FR","og_type":"article","og_title":"Transatel Global IoT eSIM","og_description":"Transatel Global IoT eSIM offre une connectivit\u00e9 cellulaire transparente dans plus de 200 pays et territoires, prenant en charge les r\u00e9seaux 2G \u00e0 5G et LTE-M.","og_url":"https:\/\/www.transatel.com\/fr\/iot\/iot-esim\/","og_site_name":"Transatel","article_modified_time":"2026-01-21T14:11:18+00:00","og_image":[{"width":960,"height":491,"url":"https:\/\/www.transatel.com\/wp-content\/uploads\/2025\/10\/Groupe-7926-1.png","type":"image\/png"}],"twitter_card":"summary_large_image","twitter_title":"Transatel Global IoT eSIM","twitter_description":"Transatel Global IoT eSIM offre une connectivit\u00e9 cellulaire transparente dans plus de 200 pays et territoires, prenant en charge les r\u00e9seaux 2G \u00e0 5G et LTE-M.","twitter_image":"https:\/\/www.transatel.com\/wp-content\/uploads\/2025\/10\/Groupe-7926-1.png","schema":{"@context":"https:\/\/schema.org","@graph":[{"@type":"WebPage","@id":"https:\/\/www.transatel.com\/fr\/iot\/iot-esim\/","url":"https:\/\/www.transatel.com\/fr\/iot\/iot-esim\/","name":"eSIM IoT multi-op\u00e9rateur I Transatel","isPartOf":{"@id":"https:\/\/www.transatel.com\/#website"},"datePublished":"2025-10-28T10:41:43+00:00","dateModified":"2026-01-21T14:11:18+00:00","description":"Simplifiez le d\u00e9ploiement de vos objets connect\u00e9s gr\u00e2ce \u00e0 l\u2019eSIM IoT. Avec Transatel, vous b\u00e9n\u00e9ficiez d\u2019une couverture data mondiale sur les r\u00e9seaux 2G-5G et LTE-M de plus de 300 op\u00e9rateurs.","breadcrumb":{"@id":"https:\/\/www.transatel.com\/fr\/iot\/iot-esim\/#breadcrumb"},"inLanguage":"fr-FR","potentialAction":[{"@type":"ReadAction","target":["https:\/\/www.transatel.com\/fr\/iot\/iot-esim\/"]}]},{"@type":"BreadcrumbList","@id":"https:\/\/www.transatel.com\/fr\/iot\/iot-esim\/#breadcrumb","itemListElement":[{"@type":"ListItem","position":1,"name":"Home","item":"https:\/\/www.transatel.com\/fr\/"},{"@type":"ListItem","position":2,"name":"IoT","item":"https:\/\/www.transatel.com\/fr\/iot\/"},{"@type":"ListItem","position":3,"name":"eSIM IoT"}]},{"@type":"WebSite","@id":"https:\/\/www.transatel.com\/#website","url":"https:\/\/www.transatel.com\/","name":"Transatel","description":"From mobile Telephony  to Internet of Things","publisher":{"@id":"https:\/\/www.transatel.com\/#organization"},"potentialAction":[{"@type":"SearchAction","target":{"@type":"EntryPoint","urlTemplate":"https:\/\/www.transatel.com\/?s={search_term_string}"},"query-input":{"@type":"PropertyValueSpecification","valueRequired":true,"valueName":"search_term_string"}}],"inLanguage":"fr-FR"},{"@type":"Organization","@id":"https:\/\/www.transatel.com\/#organization","name":"Transatel","url":"https:\/\/www.transatel.com\/","logo":{"@type":"ImageObject","inLanguage":"fr-FR","@id":"https:\/\/www.transatel.com\/#\/schema\/logo\/image\/","url":"https:\/\/www.transatel.com\/wp-content\/uploads\/2025\/09\/logoTSL-NTT.svg","contentUrl":"https:\/\/www.transatel.com\/wp-content\/uploads\/2025\/09\/logoTSL-NTT.svg","width":1,"height":1,"caption":"Transatel"},"image":{"@id":"https:\/\/www.transatel.com\/#\/schema\/logo\/image\/"}}]}},"_links":{"self":[{"href":"https:\/\/www.transatel.com\/fr\/wp-json\/wp\/v2\/pages\/100742","targetHints":{"allow":["GET"]}}],"collection":[{"href":"https:\/\/www.transatel.com\/fr\/wp-json\/wp\/v2\/pages"}],"about":[{"href":"https:\/\/www.transatel.com\/fr\/wp-json\/wp\/v2\/types\/page"}],"author":[{"embeddable":true,"href":"https:\/\/www.transatel.com\/fr\/wp-json\/wp\/v2\/users\/85"}],"replies":[{"embeddable":true,"href":"https:\/\/www.transatel.com\/fr\/wp-json\/wp\/v2\/comments?post=100742"}],"version-history":[{"count":0,"href":"https:\/\/www.transatel.com\/fr\/wp-json\/wp\/v2\/pages\/100742\/revisions"}],"up":[{"embeddable":true,"href":"https:\/\/www.transatel.com\/fr\/wp-json\/wp\/v2\/pages\/41834"}],"wp:attachment":[{"href":"https:\/\/www.transatel.com\/fr\/wp-json\/wp\/v2\/media?parent=100742"}],"curies":[{"name":"wp","href":"https:\/\/api.w.org\/{rel}","templated":true}]}}