{"id":101775,"date":"2025-11-12T09:42:14","date_gmt":"2025-11-12T08:42:14","guid":{"rendered":"https:\/\/www.transatel.com\/solutions\/m2m-et-iot\/defense-and-public-safety\/"},"modified":"2026-01-22T17:12:11","modified_gmt":"2026-01-22T16:12:11","slug":"defense-et-securite-publique","status":"publish","type":"page","link":"https:\/\/www.transatel.com\/fr\/solutions\/m2m-et-iot\/defense-et-securite-publique\/","title":{"rendered":"IoT Connectivity for Defense &amp; Public Safety"},"content":{"rendered":"","protected":false},"excerpt":{"rendered":"","protected":false},"author":84,"featured_media":100913,"parent":4733,"menu_order":0,"comment_status":"closed","ping_status":"closed","template":"page-iot-retail.php","meta":{"_acf_changed":false,"content-type":"","inline_featured_image":false,"footnotes":""},"class_list":["post-101775","page","type-page","status-publish","has-post-thumbnail","hentry"],"acf":[],"yoast_head":"<!-- This site is optimized with the Yoast SEO plugin v27.3 - https:\/\/yoast.com\/product\/yoast-seo-wordpress\/ -->\n<title>Solutions de connectivit\u00e9 pour la D\u00e9fense et la S\u00e9curit\u00e9 Publique | Transatel\u200b<\/title>\n<meta name=\"description\" content=\"Transatel offre des solutions de connectivit\u00e9 pour la D\u00e9fense et la S\u00e9curit\u00e9 Publique. Nous assurons la fiabilit\u00e9 des communications critiques et la continuit\u00e9 des missions dans les situations d\u2019urgence, dans plus de 200 pays et territoires.\" \/>\n<meta name=\"robots\" content=\"index, follow, max-snippet:-1, max-image-preview:large, max-video-preview:-1\" \/>\n<link rel=\"canonical\" href=\"https:\/\/www.transatel.com\/fr\/solutions\/m2m-et-iot\/defense-et-securite-publique\/\" \/>\n<meta property=\"og:locale\" content=\"fr_FR\" \/>\n<meta property=\"og:type\" content=\"article\" \/>\n<meta property=\"og:title\" content=\"Solutions de connectivit\u00e9 pour la D\u00e9fense et la S\u00e9curit\u00e9 Publique | Transatel\u200b\" \/>\n<meta property=\"og:description\" content=\"Transatel offre des solutions de connectivit\u00e9 pour la D\u00e9fense et la S\u00e9curit\u00e9 Publique. Nous assurons la fiabilit\u00e9 des communications critiques et la continuit\u00e9 des missions dans les situations d\u2019urgence, dans plus de 200 pays et territoires.\" \/>\n<meta property=\"og:url\" content=\"https:\/\/www.transatel.com\/fr\/solutions\/m2m-et-iot\/defense-et-securite-publique\/\" \/>\n<meta property=\"og:site_name\" content=\"Transatel\" \/>\n<meta property=\"article:modified_time\" content=\"2026-01-22T16:12:11+00:00\" \/>\n<meta property=\"og:image\" content=\"https:\/\/www.transatel.com\/wp-content\/uploads\/2025\/11\/Copy-Brazil.jpg\" \/>\n\t<meta property=\"og:image:width\" content=\"1920\" \/>\n\t<meta property=\"og:image:height\" content=\"1080\" \/>\n\t<meta property=\"og:image:type\" content=\"image\/jpeg\" \/>\n<meta name=\"twitter:card\" content=\"summary_large_image\" \/>\n<meta name=\"twitter:title\" content=\"Solutions de connectivit\u00e9 pour la D\u00e9fense et la S\u00e9curit\u00e9 Publique | Transatel\u200b\" \/>\n<meta name=\"twitter:description\" content=\"Transatel offre des solutions de connectivit\u00e9 pour la D\u00e9fense et la S\u00e9curit\u00e9 Publique. Nous assurons la fiabilit\u00e9 des communications critiques et la continuit\u00e9 des missions dans les situations d\u2019urgence, dans plus de 200 pays et territoires.\" \/>\n<meta name=\"twitter:label1\" content=\"Dur\u00e9e de lecture estim\u00e9e\" \/>\n\t<meta name=\"twitter:data1\" content=\"1 minute\" \/>\n<script type=\"application\/ld+json\" class=\"yoast-schema-graph\">{\"@context\":\"https:\\\/\\\/schema.org\",\"@graph\":[{\"@type\":\"WebPage\",\"@id\":\"https:\\\/\\\/www.transatel.com\\\/fr\\\/solutions\\\/m2m-et-iot\\\/defense-et-securite-publique\\\/\",\"url\":\"https:\\\/\\\/www.transatel.com\\\/fr\\\/solutions\\\/m2m-et-iot\\\/defense-et-securite-publique\\\/\",\"name\":\"Solutions de connectivit\u00e9 pour la D\u00e9fense et la S\u00e9curit\u00e9 Publique | Transatel\u200b\",\"isPartOf\":{\"@id\":\"https:\\\/\\\/www.transatel.com\\\/#website\"},\"primaryImageOfPage\":{\"@id\":\"https:\\\/\\\/www.transatel.com\\\/fr\\\/solutions\\\/m2m-et-iot\\\/defense-et-securite-publique\\\/#primaryimage\"},\"image\":{\"@id\":\"https:\\\/\\\/www.transatel.com\\\/fr\\\/solutions\\\/m2m-et-iot\\\/defense-et-securite-publique\\\/#primaryimage\"},\"thumbnailUrl\":\"https:\\\/\\\/www.transatel.com\\\/wp-content\\\/uploads\\\/2025\\\/11\\\/Copy-Brazil.jpg\",\"datePublished\":\"2025-11-12T08:42:14+00:00\",\"dateModified\":\"2026-01-22T16:12:11+00:00\",\"description\":\"Transatel offre des solutions de connectivit\u00e9 pour la D\u00e9fense et la S\u00e9curit\u00e9 Publique. Nous assurons la fiabilit\u00e9 des communications critiques et la continuit\u00e9 des missions dans les situations d\u2019urgence, dans plus de 200 pays et territoires.\",\"breadcrumb\":{\"@id\":\"https:\\\/\\\/www.transatel.com\\\/fr\\\/solutions\\\/m2m-et-iot\\\/defense-et-securite-publique\\\/#breadcrumb\"},\"inLanguage\":\"fr-FR\",\"potentialAction\":[{\"@type\":\"ReadAction\",\"target\":[\"https:\\\/\\\/www.transatel.com\\\/fr\\\/solutions\\\/m2m-et-iot\\\/defense-et-securite-publique\\\/\"]}]},{\"@type\":\"ImageObject\",\"inLanguage\":\"fr-FR\",\"@id\":\"https:\\\/\\\/www.transatel.com\\\/fr\\\/solutions\\\/m2m-et-iot\\\/defense-et-securite-publique\\\/#primaryimage\",\"url\":\"https:\\\/\\\/www.transatel.com\\\/wp-content\\\/uploads\\\/2025\\\/11\\\/Copy-Brazil.jpg\",\"contentUrl\":\"https:\\\/\\\/www.transatel.com\\\/wp-content\\\/uploads\\\/2025\\\/11\\\/Copy-Brazil.jpg\",\"width\":1920,\"height\":1080,\"caption\":\"IoT Connectivity for Defense & Public Welfare\"},{\"@type\":\"BreadcrumbList\",\"@id\":\"https:\\\/\\\/www.transatel.com\\\/fr\\\/solutions\\\/m2m-et-iot\\\/defense-et-securite-publique\\\/#breadcrumb\",\"itemListElement\":[{\"@type\":\"ListItem\",\"position\":1,\"name\":\"Home\",\"item\":\"https:\\\/\\\/www.transatel.com\\\/fr\\\/\"},{\"@type\":\"ListItem\",\"position\":2,\"name\":\"Solutions\",\"item\":\"https:\\\/\\\/www.transatel.com\\\/fr\\\/solutions\\\/\"},{\"@type\":\"ListItem\",\"position\":3,\"name\":\"Solutions pour l&#8217;IoT\",\"item\":\"https:\\\/\\\/www.transatel.com\\\/fr\\\/solutions\\\/m2m-et-iot\\\/\"},{\"@type\":\"ListItem\",\"position\":4,\"name\":\"IoT Connectivity for Defense &amp; Public Safety\"}]},{\"@type\":\"WebSite\",\"@id\":\"https:\\\/\\\/www.transatel.com\\\/#website\",\"url\":\"https:\\\/\\\/www.transatel.com\\\/\",\"name\":\"Transatel\",\"description\":\"From mobile Telephony  to Internet of Things\",\"publisher\":{\"@id\":\"https:\\\/\\\/www.transatel.com\\\/#organization\"},\"potentialAction\":[{\"@type\":\"SearchAction\",\"target\":{\"@type\":\"EntryPoint\",\"urlTemplate\":\"https:\\\/\\\/www.transatel.com\\\/?s={search_term_string}\"},\"query-input\":{\"@type\":\"PropertyValueSpecification\",\"valueRequired\":true,\"valueName\":\"search_term_string\"}}],\"inLanguage\":\"fr-FR\"},{\"@type\":\"Organization\",\"@id\":\"https:\\\/\\\/www.transatel.com\\\/#organization\",\"name\":\"Transatel\",\"url\":\"https:\\\/\\\/www.transatel.com\\\/\",\"logo\":{\"@type\":\"ImageObject\",\"inLanguage\":\"fr-FR\",\"@id\":\"https:\\\/\\\/www.transatel.com\\\/#\\\/schema\\\/logo\\\/image\\\/\",\"url\":\"https:\\\/\\\/www.transatel.com\\\/wp-content\\\/uploads\\\/2025\\\/09\\\/logoTSL-NTT.svg\",\"contentUrl\":\"https:\\\/\\\/www.transatel.com\\\/wp-content\\\/uploads\\\/2025\\\/09\\\/logoTSL-NTT.svg\",\"width\":1,\"height\":1,\"caption\":\"Transatel\"},\"image\":{\"@id\":\"https:\\\/\\\/www.transatel.com\\\/#\\\/schema\\\/logo\\\/image\\\/\"}}]}<\/script>\n<!-- \/ Yoast SEO plugin. -->","yoast_head_json":{"title":"Solutions de connectivit\u00e9 pour la D\u00e9fense et la S\u00e9curit\u00e9 Publique | Transatel\u200b","description":"Transatel offre des solutions de connectivit\u00e9 pour la D\u00e9fense et la S\u00e9curit\u00e9 Publique. Nous assurons la fiabilit\u00e9 des communications critiques et la continuit\u00e9 des missions dans les situations d\u2019urgence, dans plus de 200 pays et territoires.","robots":{"index":"index","follow":"follow","max-snippet":"max-snippet:-1","max-image-preview":"max-image-preview:large","max-video-preview":"max-video-preview:-1"},"canonical":"https:\/\/www.transatel.com\/fr\/solutions\/m2m-et-iot\/defense-et-securite-publique\/","og_locale":"fr_FR","og_type":"article","og_title":"Solutions de connectivit\u00e9 pour la D\u00e9fense et la S\u00e9curit\u00e9 Publique | Transatel\u200b","og_description":"Transatel offre des solutions de connectivit\u00e9 pour la D\u00e9fense et la S\u00e9curit\u00e9 Publique. Nous assurons la fiabilit\u00e9 des communications critiques et la continuit\u00e9 des missions dans les situations d\u2019urgence, dans plus de 200 pays et territoires.","og_url":"https:\/\/www.transatel.com\/fr\/solutions\/m2m-et-iot\/defense-et-securite-publique\/","og_site_name":"Transatel","article_modified_time":"2026-01-22T16:12:11+00:00","og_image":[{"width":1920,"height":1080,"url":"https:\/\/www.transatel.com\/wp-content\/uploads\/2025\/11\/Copy-Brazil.jpg","type":"image\/jpeg"}],"twitter_card":"summary_large_image","twitter_title":"Solutions de connectivit\u00e9 pour la D\u00e9fense et la S\u00e9curit\u00e9 Publique | Transatel\u200b","twitter_description":"Transatel offre des solutions de connectivit\u00e9 pour la D\u00e9fense et la S\u00e9curit\u00e9 Publique. Nous assurons la fiabilit\u00e9 des communications critiques et la continuit\u00e9 des missions dans les situations d\u2019urgence, dans plus de 200 pays et territoires.","twitter_misc":{"Dur\u00e9e de lecture estim\u00e9e":"1 minute"},"schema":{"@context":"https:\/\/schema.org","@graph":[{"@type":"WebPage","@id":"https:\/\/www.transatel.com\/fr\/solutions\/m2m-et-iot\/defense-et-securite-publique\/","url":"https:\/\/www.transatel.com\/fr\/solutions\/m2m-et-iot\/defense-et-securite-publique\/","name":"Solutions de connectivit\u00e9 pour la D\u00e9fense et la S\u00e9curit\u00e9 Publique | Transatel\u200b","isPartOf":{"@id":"https:\/\/www.transatel.com\/#website"},"primaryImageOfPage":{"@id":"https:\/\/www.transatel.com\/fr\/solutions\/m2m-et-iot\/defense-et-securite-publique\/#primaryimage"},"image":{"@id":"https:\/\/www.transatel.com\/fr\/solutions\/m2m-et-iot\/defense-et-securite-publique\/#primaryimage"},"thumbnailUrl":"https:\/\/www.transatel.com\/wp-content\/uploads\/2025\/11\/Copy-Brazil.jpg","datePublished":"2025-11-12T08:42:14+00:00","dateModified":"2026-01-22T16:12:11+00:00","description":"Transatel offre des solutions de connectivit\u00e9 pour la D\u00e9fense et la S\u00e9curit\u00e9 Publique. Nous assurons la fiabilit\u00e9 des communications critiques et la continuit\u00e9 des missions dans les situations d\u2019urgence, dans plus de 200 pays et territoires.","breadcrumb":{"@id":"https:\/\/www.transatel.com\/fr\/solutions\/m2m-et-iot\/defense-et-securite-publique\/#breadcrumb"},"inLanguage":"fr-FR","potentialAction":[{"@type":"ReadAction","target":["https:\/\/www.transatel.com\/fr\/solutions\/m2m-et-iot\/defense-et-securite-publique\/"]}]},{"@type":"ImageObject","inLanguage":"fr-FR","@id":"https:\/\/www.transatel.com\/fr\/solutions\/m2m-et-iot\/defense-et-securite-publique\/#primaryimage","url":"https:\/\/www.transatel.com\/wp-content\/uploads\/2025\/11\/Copy-Brazil.jpg","contentUrl":"https:\/\/www.transatel.com\/wp-content\/uploads\/2025\/11\/Copy-Brazil.jpg","width":1920,"height":1080,"caption":"IoT Connectivity for Defense & Public Welfare"},{"@type":"BreadcrumbList","@id":"https:\/\/www.transatel.com\/fr\/solutions\/m2m-et-iot\/defense-et-securite-publique\/#breadcrumb","itemListElement":[{"@type":"ListItem","position":1,"name":"Home","item":"https:\/\/www.transatel.com\/fr\/"},{"@type":"ListItem","position":2,"name":"Solutions","item":"https:\/\/www.transatel.com\/fr\/solutions\/"},{"@type":"ListItem","position":3,"name":"Solutions pour l&#8217;IoT","item":"https:\/\/www.transatel.com\/fr\/solutions\/m2m-et-iot\/"},{"@type":"ListItem","position":4,"name":"IoT Connectivity for Defense &amp; Public Safety"}]},{"@type":"WebSite","@id":"https:\/\/www.transatel.com\/#website","url":"https:\/\/www.transatel.com\/","name":"Transatel","description":"From mobile Telephony  to Internet of Things","publisher":{"@id":"https:\/\/www.transatel.com\/#organization"},"potentialAction":[{"@type":"SearchAction","target":{"@type":"EntryPoint","urlTemplate":"https:\/\/www.transatel.com\/?s={search_term_string}"},"query-input":{"@type":"PropertyValueSpecification","valueRequired":true,"valueName":"search_term_string"}}],"inLanguage":"fr-FR"},{"@type":"Organization","@id":"https:\/\/www.transatel.com\/#organization","name":"Transatel","url":"https:\/\/www.transatel.com\/","logo":{"@type":"ImageObject","inLanguage":"fr-FR","@id":"https:\/\/www.transatel.com\/#\/schema\/logo\/image\/","url":"https:\/\/www.transatel.com\/wp-content\/uploads\/2025\/09\/logoTSL-NTT.svg","contentUrl":"https:\/\/www.transatel.com\/wp-content\/uploads\/2025\/09\/logoTSL-NTT.svg","width":1,"height":1,"caption":"Transatel"},"image":{"@id":"https:\/\/www.transatel.com\/#\/schema\/logo\/image\/"}}]}},"_links":{"self":[{"href":"https:\/\/www.transatel.com\/fr\/wp-json\/wp\/v2\/pages\/101775","targetHints":{"allow":["GET"]}}],"collection":[{"href":"https:\/\/www.transatel.com\/fr\/wp-json\/wp\/v2\/pages"}],"about":[{"href":"https:\/\/www.transatel.com\/fr\/wp-json\/wp\/v2\/types\/page"}],"author":[{"embeddable":true,"href":"https:\/\/www.transatel.com\/fr\/wp-json\/wp\/v2\/users\/84"}],"replies":[{"embeddable":true,"href":"https:\/\/www.transatel.com\/fr\/wp-json\/wp\/v2\/comments?post=101775"}],"version-history":[{"count":0,"href":"https:\/\/www.transatel.com\/fr\/wp-json\/wp\/v2\/pages\/101775\/revisions"}],"up":[{"embeddable":true,"href":"https:\/\/www.transatel.com\/fr\/wp-json\/wp\/v2\/pages\/4733"}],"wp:featuredmedia":[{"embeddable":true,"href":"https:\/\/www.transatel.com\/fr\/wp-json\/wp\/v2\/media\/100913"}],"wp:attachment":[{"href":"https:\/\/www.transatel.com\/fr\/wp-json\/wp\/v2\/media?parent=101775"}],"curies":[{"name":"wp","href":"https:\/\/api.w.org\/{rel}","templated":true}]}}