{"id":38690,"date":"2021-09-13T18:27:15","date_gmt":"2021-09-13T17:27:15","guid":{"rendered":"https:\/\/www.transatel.com\/?page_id=38690"},"modified":"2024-02-16T10:55:11","modified_gmt":"2024-02-16T09:55:11","slug":"mobilite-intelligente","status":"publish","type":"page","link":"https:\/\/www.transatel.com\/fr\/solutions\/m2m-et-iot\/mobilite-intelligente\/","title":{"rendered":"Solutions de connectivit\u00e9 IoT cellulaire au service de la mobilit\u00e9 intelligente"},"content":{"rendered":"\n<p class=\"has-text-align-center\"><\/p>\n","protected":false},"excerpt":{"rendered":"","protected":false},"author":66,"featured_media":38800,"parent":4733,"menu_order":0,"comment_status":"closed","ping_status":"closed","template":"page-industry.php","meta":{"_acf_changed":false,"content-type":"","inline_featured_image":false,"footnotes":""},"class_list":["post-38690","page","type-page","status-publish","has-post-thumbnail","hentry"],"acf":[],"yoast_head":"<!-- This site is optimized with the Yoast SEO plugin v27.3 - https:\/\/yoast.com\/product\/yoast-seo-wordpress\/ -->\n<title>Solutions de connectivit\u00e9 IoT cellulaire pour la mobilit\u00e9 intelligente<\/title>\n<meta name=\"description\" content=\"Nos cartes SIM M2M connectent vos flottes de v\u00e9hicules en 3G, 4G, LTE-M et bient\u00f4t 5G, partout dans le monde.\" \/>\n<meta name=\"robots\" content=\"index, follow, max-snippet:-1, max-image-preview:large, max-video-preview:-1\" \/>\n<link rel=\"canonical\" href=\"https:\/\/www.transatel.com\/fr\/solutions\/m2m-et-iot\/mobilite-intelligente\/\" \/>\n<meta property=\"og:locale\" content=\"fr_FR\" \/>\n<meta property=\"og:type\" content=\"article\" \/>\n<meta property=\"og:title\" content=\"Solutions de connectivit\u00e9 IoT cellulaire pour la mobilit\u00e9 intelligente\" \/>\n<meta property=\"og:description\" content=\"Nos cartes SIM M2M connectent vos flottes de v\u00e9hicules en 3G, 4G, LTE-M et bient\u00f4t 5G, partout dans le monde.\" \/>\n<meta property=\"og:url\" content=\"https:\/\/www.transatel.com\/fr\/solutions\/m2m-et-iot\/mobilite-intelligente\/\" \/>\n<meta property=\"og:site_name\" content=\"Transatel\" \/>\n<meta property=\"article:modified_time\" content=\"2024-02-16T09:55:11+00:00\" \/>\n<meta property=\"og:image\" content=\"https:\/\/www.transatel.com\/wp-content\/uploads\/2022\/01\/transatel-iot-mobility-s.jpg\" \/>\n\t<meta property=\"og:image:width\" content=\"1900\" \/>\n\t<meta property=\"og:image:height\" content=\"1068\" \/>\n\t<meta property=\"og:image:type\" content=\"image\/jpeg\" \/>\n<meta name=\"twitter:card\" content=\"summary_large_image\" \/>\n<script type=\"application\/ld+json\" class=\"yoast-schema-graph\">{\"@context\":\"https:\\\/\\\/schema.org\",\"@graph\":[{\"@type\":\"WebPage\",\"@id\":\"https:\\\/\\\/www.transatel.com\\\/fr\\\/solutions\\\/m2m-et-iot\\\/mobilite-intelligente\\\/\",\"url\":\"https:\\\/\\\/www.transatel.com\\\/fr\\\/solutions\\\/m2m-et-iot\\\/mobilite-intelligente\\\/\",\"name\":\"Solutions de connectivit\u00e9 IoT cellulaire pour la mobilit\u00e9 intelligente\",\"isPartOf\":{\"@id\":\"https:\\\/\\\/www.transatel.com\\\/#website\"},\"primaryImageOfPage\":{\"@id\":\"https:\\\/\\\/www.transatel.com\\\/fr\\\/solutions\\\/m2m-et-iot\\\/mobilite-intelligente\\\/#primaryimage\"},\"image\":{\"@id\":\"https:\\\/\\\/www.transatel.com\\\/fr\\\/solutions\\\/m2m-et-iot\\\/mobilite-intelligente\\\/#primaryimage\"},\"thumbnailUrl\":\"https:\\\/\\\/www.transatel.com\\\/wp-content\\\/uploads\\\/2021\\\/09\\\/electric-cars-in-parkin-lot.jpg\",\"datePublished\":\"2021-09-13T17:27:15+00:00\",\"dateModified\":\"2024-02-16T09:55:11+00:00\",\"description\":\"Nos cartes SIM M2M connectent vos flottes de v\u00e9hicules en 3G, 4G, LTE-M et bient\u00f4t 5G, partout dans le monde.\",\"breadcrumb\":{\"@id\":\"https:\\\/\\\/www.transatel.com\\\/fr\\\/solutions\\\/m2m-et-iot\\\/mobilite-intelligente\\\/#breadcrumb\"},\"inLanguage\":\"fr-FR\",\"potentialAction\":[{\"@type\":\"ReadAction\",\"target\":[\"https:\\\/\\\/www.transatel.com\\\/fr\\\/solutions\\\/m2m-et-iot\\\/mobilite-intelligente\\\/\"]}]},{\"@type\":\"ImageObject\",\"inLanguage\":\"fr-FR\",\"@id\":\"https:\\\/\\\/www.transatel.com\\\/fr\\\/solutions\\\/m2m-et-iot\\\/mobilite-intelligente\\\/#primaryimage\",\"url\":\"https:\\\/\\\/www.transatel.com\\\/wp-content\\\/uploads\\\/2021\\\/09\\\/electric-cars-in-parkin-lot.jpg\",\"contentUrl\":\"https:\\\/\\\/www.transatel.com\\\/wp-content\\\/uploads\\\/2021\\\/09\\\/electric-cars-in-parkin-lot.jpg\",\"width\":2336,\"height\":375,\"caption\":\"electric cars in parkin lot\"},{\"@type\":\"BreadcrumbList\",\"@id\":\"https:\\\/\\\/www.transatel.com\\\/fr\\\/solutions\\\/m2m-et-iot\\\/mobilite-intelligente\\\/#breadcrumb\",\"itemListElement\":[{\"@type\":\"ListItem\",\"position\":1,\"name\":\"Home\",\"item\":\"https:\\\/\\\/www.transatel.com\\\/fr\\\/\"},{\"@type\":\"ListItem\",\"position\":2,\"name\":\"Solutions\",\"item\":\"https:\\\/\\\/www.transatel.com\\\/fr\\\/solutions\\\/\"},{\"@type\":\"ListItem\",\"position\":3,\"name\":\"Solutions pour l&#8217;IoT\",\"item\":\"https:\\\/\\\/www.transatel.com\\\/fr\\\/solutions\\\/m2m-et-iot\\\/\"},{\"@type\":\"ListItem\",\"position\":4,\"name\":\"Solutions de connectivit\u00e9 IoT cellulaire au service de la mobilit\u00e9 intelligente\"}]},{\"@type\":\"WebSite\",\"@id\":\"https:\\\/\\\/www.transatel.com\\\/#website\",\"url\":\"https:\\\/\\\/www.transatel.com\\\/\",\"name\":\"Transatel\",\"description\":\"From mobile Telephony  to Internet of Things\",\"publisher\":{\"@id\":\"https:\\\/\\\/www.transatel.com\\\/#organization\"},\"potentialAction\":[{\"@type\":\"SearchAction\",\"target\":{\"@type\":\"EntryPoint\",\"urlTemplate\":\"https:\\\/\\\/www.transatel.com\\\/?s={search_term_string}\"},\"query-input\":{\"@type\":\"PropertyValueSpecification\",\"valueRequired\":true,\"valueName\":\"search_term_string\"}}],\"inLanguage\":\"fr-FR\"},{\"@type\":\"Organization\",\"@id\":\"https:\\\/\\\/www.transatel.com\\\/#organization\",\"name\":\"Transatel\",\"url\":\"https:\\\/\\\/www.transatel.com\\\/\",\"logo\":{\"@type\":\"ImageObject\",\"inLanguage\":\"fr-FR\",\"@id\":\"https:\\\/\\\/www.transatel.com\\\/#\\\/schema\\\/logo\\\/image\\\/\",\"url\":\"https:\\\/\\\/www.transatel.com\\\/wp-content\\\/uploads\\\/2025\\\/09\\\/logoTSL-NTT.svg\",\"contentUrl\":\"https:\\\/\\\/www.transatel.com\\\/wp-content\\\/uploads\\\/2025\\\/09\\\/logoTSL-NTT.svg\",\"width\":1,\"height\":1,\"caption\":\"Transatel\"},\"image\":{\"@id\":\"https:\\\/\\\/www.transatel.com\\\/#\\\/schema\\\/logo\\\/image\\\/\"}}]}<\/script>\n<!-- \/ Yoast SEO plugin. -->","yoast_head_json":{"title":"Solutions de connectivit\u00e9 IoT cellulaire pour la mobilit\u00e9 intelligente","description":"Nos cartes SIM M2M connectent vos flottes de v\u00e9hicules en 3G, 4G, LTE-M et bient\u00f4t 5G, partout dans le monde.","robots":{"index":"index","follow":"follow","max-snippet":"max-snippet:-1","max-image-preview":"max-image-preview:large","max-video-preview":"max-video-preview:-1"},"canonical":"https:\/\/www.transatel.com\/fr\/solutions\/m2m-et-iot\/mobilite-intelligente\/","og_locale":"fr_FR","og_type":"article","og_title":"Solutions de connectivit\u00e9 IoT cellulaire pour la mobilit\u00e9 intelligente","og_description":"Nos cartes SIM M2M connectent vos flottes de v\u00e9hicules en 3G, 4G, LTE-M et bient\u00f4t 5G, partout dans le monde.","og_url":"https:\/\/www.transatel.com\/fr\/solutions\/m2m-et-iot\/mobilite-intelligente\/","og_site_name":"Transatel","article_modified_time":"2024-02-16T09:55:11+00:00","og_image":[{"width":1900,"height":1068,"url":"https:\/\/www.transatel.com\/wp-content\/uploads\/2022\/01\/transatel-iot-mobility-s.jpg","type":"image\/jpeg"}],"twitter_card":"summary_large_image","schema":{"@context":"https:\/\/schema.org","@graph":[{"@type":"WebPage","@id":"https:\/\/www.transatel.com\/fr\/solutions\/m2m-et-iot\/mobilite-intelligente\/","url":"https:\/\/www.transatel.com\/fr\/solutions\/m2m-et-iot\/mobilite-intelligente\/","name":"Solutions de connectivit\u00e9 IoT cellulaire pour la mobilit\u00e9 intelligente","isPartOf":{"@id":"https:\/\/www.transatel.com\/#website"},"primaryImageOfPage":{"@id":"https:\/\/www.transatel.com\/fr\/solutions\/m2m-et-iot\/mobilite-intelligente\/#primaryimage"},"image":{"@id":"https:\/\/www.transatel.com\/fr\/solutions\/m2m-et-iot\/mobilite-intelligente\/#primaryimage"},"thumbnailUrl":"https:\/\/www.transatel.com\/wp-content\/uploads\/2021\/09\/electric-cars-in-parkin-lot.jpg","datePublished":"2021-09-13T17:27:15+00:00","dateModified":"2024-02-16T09:55:11+00:00","description":"Nos cartes SIM M2M connectent vos flottes de v\u00e9hicules en 3G, 4G, LTE-M et bient\u00f4t 5G, partout dans le monde.","breadcrumb":{"@id":"https:\/\/www.transatel.com\/fr\/solutions\/m2m-et-iot\/mobilite-intelligente\/#breadcrumb"},"inLanguage":"fr-FR","potentialAction":[{"@type":"ReadAction","target":["https:\/\/www.transatel.com\/fr\/solutions\/m2m-et-iot\/mobilite-intelligente\/"]}]},{"@type":"ImageObject","inLanguage":"fr-FR","@id":"https:\/\/www.transatel.com\/fr\/solutions\/m2m-et-iot\/mobilite-intelligente\/#primaryimage","url":"https:\/\/www.transatel.com\/wp-content\/uploads\/2021\/09\/electric-cars-in-parkin-lot.jpg","contentUrl":"https:\/\/www.transatel.com\/wp-content\/uploads\/2021\/09\/electric-cars-in-parkin-lot.jpg","width":2336,"height":375,"caption":"electric cars in parkin lot"},{"@type":"BreadcrumbList","@id":"https:\/\/www.transatel.com\/fr\/solutions\/m2m-et-iot\/mobilite-intelligente\/#breadcrumb","itemListElement":[{"@type":"ListItem","position":1,"name":"Home","item":"https:\/\/www.transatel.com\/fr\/"},{"@type":"ListItem","position":2,"name":"Solutions","item":"https:\/\/www.transatel.com\/fr\/solutions\/"},{"@type":"ListItem","position":3,"name":"Solutions pour l&#8217;IoT","item":"https:\/\/www.transatel.com\/fr\/solutions\/m2m-et-iot\/"},{"@type":"ListItem","position":4,"name":"Solutions de connectivit\u00e9 IoT cellulaire au service de la mobilit\u00e9 intelligente"}]},{"@type":"WebSite","@id":"https:\/\/www.transatel.com\/#website","url":"https:\/\/www.transatel.com\/","name":"Transatel","description":"From mobile Telephony  to Internet of Things","publisher":{"@id":"https:\/\/www.transatel.com\/#organization"},"potentialAction":[{"@type":"SearchAction","target":{"@type":"EntryPoint","urlTemplate":"https:\/\/www.transatel.com\/?s={search_term_string}"},"query-input":{"@type":"PropertyValueSpecification","valueRequired":true,"valueName":"search_term_string"}}],"inLanguage":"fr-FR"},{"@type":"Organization","@id":"https:\/\/www.transatel.com\/#organization","name":"Transatel","url":"https:\/\/www.transatel.com\/","logo":{"@type":"ImageObject","inLanguage":"fr-FR","@id":"https:\/\/www.transatel.com\/#\/schema\/logo\/image\/","url":"https:\/\/www.transatel.com\/wp-content\/uploads\/2025\/09\/logoTSL-NTT.svg","contentUrl":"https:\/\/www.transatel.com\/wp-content\/uploads\/2025\/09\/logoTSL-NTT.svg","width":1,"height":1,"caption":"Transatel"},"image":{"@id":"https:\/\/www.transatel.com\/#\/schema\/logo\/image\/"}}]}},"_links":{"self":[{"href":"https:\/\/www.transatel.com\/fr\/wp-json\/wp\/v2\/pages\/38690","targetHints":{"allow":["GET"]}}],"collection":[{"href":"https:\/\/www.transatel.com\/fr\/wp-json\/wp\/v2\/pages"}],"about":[{"href":"https:\/\/www.transatel.com\/fr\/wp-json\/wp\/v2\/types\/page"}],"author":[{"embeddable":true,"href":"https:\/\/www.transatel.com\/fr\/wp-json\/wp\/v2\/users\/66"}],"replies":[{"embeddable":true,"href":"https:\/\/www.transatel.com\/fr\/wp-json\/wp\/v2\/comments?post=38690"}],"version-history":[{"count":0,"href":"https:\/\/www.transatel.com\/fr\/wp-json\/wp\/v2\/pages\/38690\/revisions"}],"up":[{"embeddable":true,"href":"https:\/\/www.transatel.com\/fr\/wp-json\/wp\/v2\/pages\/4733"}],"wp:featuredmedia":[{"embeddable":true,"href":"https:\/\/www.transatel.com\/fr\/wp-json\/wp\/v2\/media\/38800"}],"wp:attachment":[{"href":"https:\/\/www.transatel.com\/fr\/wp-json\/wp\/v2\/media?parent=38690"}],"curies":[{"name":"wp","href":"https:\/\/api.w.org\/{rel}","templated":true}]}}