{"id":41702,"date":"2022-01-11T12:00:09","date_gmt":"2022-01-11T11:00:09","guid":{"rendered":"https:\/\/www.transatel.com\/telephonie-mobile\/mvno\/b2b\/"},"modified":"2025-11-26T14:02:46","modified_gmt":"2025-11-26T13:02:46","slug":"b2b","status":"publish","type":"page","link":"https:\/\/www.transatel.com\/fr\/telephonie-mobile\/mvno\/b2b\/","title":{"rendered":"Solutions MVNO B2B"},"content":{"rendered":"","protected":false},"excerpt":{"rendered":"","protected":false},"author":50,"featured_media":0,"parent":41600,"menu_order":0,"comment_status":"closed","ping_status":"closed","template":"page-mvno-internal.php","meta":{"_acf_changed":false,"content-type":"","inline_featured_image":false,"footnotes":""},"class_list":["post-41702","page","type-page","status-publish","hentry"],"acf":[],"yoast_head":"<!-- This site is optimized with the Yoast SEO plugin v27.3 - https:\/\/yoast.com\/product\/yoast-seo-wordpress\/ -->\n<title>Transatel: solutions B2B pour op\u00e9rateurs mobiles virtuels (MVNO)<\/title>\n<meta name=\"description\" content=\"Lancez votre offre de t\u00e9l\u00e9phonie mobile \u00e0 destination des professionnels et des entreprises avec Transatel, 1er MVNE en Europe.\" \/>\n<meta name=\"robots\" content=\"index, follow, max-snippet:-1, max-image-preview:large, max-video-preview:-1\" \/>\n<link rel=\"canonical\" href=\"https:\/\/www.transatel.com\/fr\/telephonie-mobile\/mvno\/b2b\/\" \/>\n<meta property=\"og:locale\" content=\"fr_FR\" \/>\n<meta property=\"og:type\" content=\"article\" \/>\n<meta property=\"og:title\" content=\"Transatel: solutions B2B pour op\u00e9rateurs mobiles virtuels (MVNO)\" \/>\n<meta property=\"og:description\" content=\"Lancez votre offre de t\u00e9l\u00e9phonie mobile \u00e0 destination des professionnels et des entreprises avec Transatel, 1er MVNE en Europe.\" \/>\n<meta property=\"og:url\" content=\"https:\/\/www.transatel.com\/fr\/telephonie-mobile\/mvno\/b2b\/\" \/>\n<meta property=\"og:site_name\" content=\"Transatel\" \/>\n<meta property=\"article:modified_time\" content=\"2025-11-26T13:02:46+00:00\" \/>\n<meta name=\"twitter:card\" content=\"summary_large_image\" \/>\n<script type=\"application\/ld+json\" class=\"yoast-schema-graph\">{\"@context\":\"https:\\\/\\\/schema.org\",\"@graph\":[{\"@type\":\"WebPage\",\"@id\":\"https:\\\/\\\/www.transatel.com\\\/fr\\\/telephonie-mobile\\\/mvno\\\/b2b\\\/\",\"url\":\"https:\\\/\\\/www.transatel.com\\\/fr\\\/telephonie-mobile\\\/mvno\\\/b2b\\\/\",\"name\":\"Transatel: solutions B2B pour op\u00e9rateurs mobiles virtuels (MVNO)\",\"isPartOf\":{\"@id\":\"https:\\\/\\\/www.transatel.com\\\/#website\"},\"datePublished\":\"2022-01-11T11:00:09+00:00\",\"dateModified\":\"2025-11-26T13:02:46+00:00\",\"description\":\"Lancez votre offre de t\u00e9l\u00e9phonie mobile \u00e0 destination des professionnels et des entreprises avec Transatel, 1er MVNE en Europe.\",\"breadcrumb\":{\"@id\":\"https:\\\/\\\/www.transatel.com\\\/fr\\\/telephonie-mobile\\\/mvno\\\/b2b\\\/#breadcrumb\"},\"inLanguage\":\"fr-FR\",\"potentialAction\":[{\"@type\":\"ReadAction\",\"target\":[\"https:\\\/\\\/www.transatel.com\\\/fr\\\/telephonie-mobile\\\/mvno\\\/b2b\\\/\"]}]},{\"@type\":\"BreadcrumbList\",\"@id\":\"https:\\\/\\\/www.transatel.com\\\/fr\\\/telephonie-mobile\\\/mvno\\\/b2b\\\/#breadcrumb\",\"itemListElement\":[{\"@type\":\"ListItem\",\"position\":1,\"name\":\"Home\",\"item\":\"https:\\\/\\\/www.transatel.com\\\/fr\\\/\"},{\"@type\":\"ListItem\",\"position\":2,\"name\":\"T\u00e9l\u00e9phonie Mobile\",\"item\":\"https:\\\/\\\/www.transatel.com\\\/fr\\\/telephonie-mobile\\\/\"},{\"@type\":\"ListItem\",\"position\":3,\"name\":\"Launch your MVNo\",\"item\":\"https:\\\/\\\/www.transatel.com\\\/fr\\\/telephonie-mobile\\\/mvno\\\/\"},{\"@type\":\"ListItem\",\"position\":4,\"name\":\"Solutions MVNO B2B\"}]},{\"@type\":\"WebSite\",\"@id\":\"https:\\\/\\\/www.transatel.com\\\/#website\",\"url\":\"https:\\\/\\\/www.transatel.com\\\/\",\"name\":\"Transatel\",\"description\":\"From mobile Telephony  to Internet of Things\",\"publisher\":{\"@id\":\"https:\\\/\\\/www.transatel.com\\\/#organization\"},\"potentialAction\":[{\"@type\":\"SearchAction\",\"target\":{\"@type\":\"EntryPoint\",\"urlTemplate\":\"https:\\\/\\\/www.transatel.com\\\/?s={search_term_string}\"},\"query-input\":{\"@type\":\"PropertyValueSpecification\",\"valueRequired\":true,\"valueName\":\"search_term_string\"}}],\"inLanguage\":\"fr-FR\"},{\"@type\":\"Organization\",\"@id\":\"https:\\\/\\\/www.transatel.com\\\/#organization\",\"name\":\"Transatel\",\"url\":\"https:\\\/\\\/www.transatel.com\\\/\",\"logo\":{\"@type\":\"ImageObject\",\"inLanguage\":\"fr-FR\",\"@id\":\"https:\\\/\\\/www.transatel.com\\\/#\\\/schema\\\/logo\\\/image\\\/\",\"url\":\"https:\\\/\\\/www.transatel.com\\\/wp-content\\\/uploads\\\/2025\\\/09\\\/logoTSL-NTT.svg\",\"contentUrl\":\"https:\\\/\\\/www.transatel.com\\\/wp-content\\\/uploads\\\/2025\\\/09\\\/logoTSL-NTT.svg\",\"width\":1,\"height\":1,\"caption\":\"Transatel\"},\"image\":{\"@id\":\"https:\\\/\\\/www.transatel.com\\\/#\\\/schema\\\/logo\\\/image\\\/\"}}]}<\/script>\n<!-- \/ Yoast SEO plugin. -->","yoast_head_json":{"title":"Transatel: solutions B2B pour op\u00e9rateurs mobiles virtuels (MVNO)","description":"Lancez votre offre de t\u00e9l\u00e9phonie mobile \u00e0 destination des professionnels et des entreprises avec Transatel, 1er MVNE en Europe.","robots":{"index":"index","follow":"follow","max-snippet":"max-snippet:-1","max-image-preview":"max-image-preview:large","max-video-preview":"max-video-preview:-1"},"canonical":"https:\/\/www.transatel.com\/fr\/telephonie-mobile\/mvno\/b2b\/","og_locale":"fr_FR","og_type":"article","og_title":"Transatel: solutions B2B pour op\u00e9rateurs mobiles virtuels (MVNO)","og_description":"Lancez votre offre de t\u00e9l\u00e9phonie mobile \u00e0 destination des professionnels et des entreprises avec Transatel, 1er MVNE en Europe.","og_url":"https:\/\/www.transatel.com\/fr\/telephonie-mobile\/mvno\/b2b\/","og_site_name":"Transatel","article_modified_time":"2025-11-26T13:02:46+00:00","twitter_card":"summary_large_image","schema":{"@context":"https:\/\/schema.org","@graph":[{"@type":"WebPage","@id":"https:\/\/www.transatel.com\/fr\/telephonie-mobile\/mvno\/b2b\/","url":"https:\/\/www.transatel.com\/fr\/telephonie-mobile\/mvno\/b2b\/","name":"Transatel: solutions B2B pour op\u00e9rateurs mobiles virtuels (MVNO)","isPartOf":{"@id":"https:\/\/www.transatel.com\/#website"},"datePublished":"2022-01-11T11:00:09+00:00","dateModified":"2025-11-26T13:02:46+00:00","description":"Lancez votre offre de t\u00e9l\u00e9phonie mobile \u00e0 destination des professionnels et des entreprises avec Transatel, 1er MVNE en Europe.","breadcrumb":{"@id":"https:\/\/www.transatel.com\/fr\/telephonie-mobile\/mvno\/b2b\/#breadcrumb"},"inLanguage":"fr-FR","potentialAction":[{"@type":"ReadAction","target":["https:\/\/www.transatel.com\/fr\/telephonie-mobile\/mvno\/b2b\/"]}]},{"@type":"BreadcrumbList","@id":"https:\/\/www.transatel.com\/fr\/telephonie-mobile\/mvno\/b2b\/#breadcrumb","itemListElement":[{"@type":"ListItem","position":1,"name":"Home","item":"https:\/\/www.transatel.com\/fr\/"},{"@type":"ListItem","position":2,"name":"T\u00e9l\u00e9phonie Mobile","item":"https:\/\/www.transatel.com\/fr\/telephonie-mobile\/"},{"@type":"ListItem","position":3,"name":"Launch your MVNo","item":"https:\/\/www.transatel.com\/fr\/telephonie-mobile\/mvno\/"},{"@type":"ListItem","position":4,"name":"Solutions MVNO B2B"}]},{"@type":"WebSite","@id":"https:\/\/www.transatel.com\/#website","url":"https:\/\/www.transatel.com\/","name":"Transatel","description":"From mobile Telephony  to Internet of Things","publisher":{"@id":"https:\/\/www.transatel.com\/#organization"},"potentialAction":[{"@type":"SearchAction","target":{"@type":"EntryPoint","urlTemplate":"https:\/\/www.transatel.com\/?s={search_term_string}"},"query-input":{"@type":"PropertyValueSpecification","valueRequired":true,"valueName":"search_term_string"}}],"inLanguage":"fr-FR"},{"@type":"Organization","@id":"https:\/\/www.transatel.com\/#organization","name":"Transatel","url":"https:\/\/www.transatel.com\/","logo":{"@type":"ImageObject","inLanguage":"fr-FR","@id":"https:\/\/www.transatel.com\/#\/schema\/logo\/image\/","url":"https:\/\/www.transatel.com\/wp-content\/uploads\/2025\/09\/logoTSL-NTT.svg","contentUrl":"https:\/\/www.transatel.com\/wp-content\/uploads\/2025\/09\/logoTSL-NTT.svg","width":1,"height":1,"caption":"Transatel"},"image":{"@id":"https:\/\/www.transatel.com\/#\/schema\/logo\/image\/"}}]}},"_links":{"self":[{"href":"https:\/\/www.transatel.com\/fr\/wp-json\/wp\/v2\/pages\/41702","targetHints":{"allow":["GET"]}}],"collection":[{"href":"https:\/\/www.transatel.com\/fr\/wp-json\/wp\/v2\/pages"}],"about":[{"href":"https:\/\/www.transatel.com\/fr\/wp-json\/wp\/v2\/types\/page"}],"author":[{"embeddable":true,"href":"https:\/\/www.transatel.com\/fr\/wp-json\/wp\/v2\/users\/50"}],"replies":[{"embeddable":true,"href":"https:\/\/www.transatel.com\/fr\/wp-json\/wp\/v2\/comments?post=41702"}],"version-history":[{"count":0,"href":"https:\/\/www.transatel.com\/fr\/wp-json\/wp\/v2\/pages\/41702\/revisions"}],"up":[{"embeddable":true,"href":"https:\/\/www.transatel.com\/fr\/wp-json\/wp\/v2\/pages\/41600"}],"wp:attachment":[{"href":"https:\/\/www.transatel.com\/fr\/wp-json\/wp\/v2\/media?parent=41702"}],"curies":[{"name":"wp","href":"https:\/\/api.w.org\/{rel}","templated":true}]}}