{"id":43439,"date":"2022-03-17T11:38:37","date_gmt":"2022-03-17T10:38:37","guid":{"rendered":"https:\/\/www.transatel.com\/?page_id=43439"},"modified":"2025-12-10T15:09:21","modified_gmt":"2025-12-10T14:09:21","slug":"management","status":"publish","type":"page","link":"https:\/\/www.transatel.com\/fr\/a-propos\/management\/","title":{"rendered":"Notre \u00e9quipe de direction"},"content":{"rendered":"","protected":false},"excerpt":{"rendered":"","protected":false},"author":50,"featured_media":0,"parent":43571,"menu_order":0,"comment_status":"closed","ping_status":"closed","template":"page-management.php","meta":{"_acf_changed":false,"content-type":"","inline_featured_image":false,"footnotes":""},"class_list":["post-43439","page","type-page","status-publish","hentry"],"acf":[],"yoast_head":"<!-- This site is optimized with the Yoast SEO plugin v27.0 - https:\/\/yoast.com\/product\/yoast-seo-wordpress\/ -->\n<title>\u00c9quipe de direction Transatel<\/title>\n<meta name=\"description\" content=\"Jacques Bonifay (Pr\u00e9sident), Bertrand Salomon (Directeur G\u00e9n\u00e9ral Adjoint), Romain Durand (Directeur de l&#039;Innovation), Phillipe Vigneau (Directeur Commercial), ...\" \/>\n<meta name=\"robots\" content=\"index, follow, max-snippet:-1, max-image-preview:large, max-video-preview:-1\" \/>\n<link rel=\"canonical\" href=\"https:\/\/www.transatel.com\/fr\/a-propos\/management\/\" \/>\n<meta property=\"og:locale\" content=\"fr_FR\" \/>\n<meta property=\"og:type\" content=\"article\" \/>\n<meta property=\"og:title\" content=\"\u00c9quipe de direction Transatel\" \/>\n<meta property=\"og:description\" content=\"Jacques Bonifay (Pr\u00e9sident), Bertrand Salomon (Directeur G\u00e9n\u00e9ral Adjoint), Romain Durand (Directeur de l&#039;Innovation), Phillipe Vigneau (Directeur Commercial), ...\" \/>\n<meta property=\"og:url\" content=\"https:\/\/www.transatel.com\/fr\/a-propos\/management\/\" \/>\n<meta property=\"og:site_name\" content=\"Transatel\" \/>\n<meta property=\"article:modified_time\" content=\"2025-12-10T14:09:21+00:00\" \/>\n<meta name=\"twitter:card\" content=\"summary_large_image\" \/>\n<script type=\"application\/ld+json\" class=\"yoast-schema-graph\">{\"@context\":\"https:\/\/schema.org\",\"@graph\":[{\"@type\":\"WebPage\",\"@id\":\"https:\/\/www.transatel.com\/fr\/a-propos\/management\/\",\"url\":\"https:\/\/www.transatel.com\/fr\/a-propos\/management\/\",\"name\":\"\u00c9quipe de direction Transatel\",\"isPartOf\":{\"@id\":\"https:\/\/www.transatel.com\/#website\"},\"datePublished\":\"2022-03-17T10:38:37+00:00\",\"dateModified\":\"2025-12-10T14:09:21+00:00\",\"description\":\"Jacques Bonifay (Pr\u00e9sident), Bertrand Salomon (Directeur G\u00e9n\u00e9ral Adjoint), Romain Durand (Directeur de l'Innovation), Phillipe Vigneau (Directeur Commercial), ...\",\"breadcrumb\":{\"@id\":\"https:\/\/www.transatel.com\/fr\/a-propos\/management\/#breadcrumb\"},\"inLanguage\":\"fr-FR\",\"potentialAction\":[{\"@type\":\"ReadAction\",\"target\":[\"https:\/\/www.transatel.com\/fr\/a-propos\/management\/\"]}]},{\"@type\":\"BreadcrumbList\",\"@id\":\"https:\/\/www.transatel.com\/fr\/a-propos\/management\/#breadcrumb\",\"itemListElement\":[{\"@type\":\"ListItem\",\"position\":1,\"name\":\"Home\",\"item\":\"https:\/\/www.transatel.com\/fr\/\"},{\"@type\":\"ListItem\",\"position\":2,\"name\":\"A Propos\",\"item\":\"https:\/\/www.transatel.com\/fr\/a-propos\/\"},{\"@type\":\"ListItem\",\"position\":3,\"name\":\"Notre \u00e9quipe de direction\"}]},{\"@type\":\"WebSite\",\"@id\":\"https:\/\/www.transatel.com\/#website\",\"url\":\"https:\/\/www.transatel.com\/\",\"name\":\"Transatel\",\"description\":\"From mobile Telephony  to Internet of Things\",\"publisher\":{\"@id\":\"https:\/\/www.transatel.com\/#organization\"},\"potentialAction\":[{\"@type\":\"SearchAction\",\"target\":{\"@type\":\"EntryPoint\",\"urlTemplate\":\"https:\/\/www.transatel.com\/?s={search_term_string}\"},\"query-input\":{\"@type\":\"PropertyValueSpecification\",\"valueRequired\":true,\"valueName\":\"search_term_string\"}}],\"inLanguage\":\"fr-FR\"},{\"@type\":\"Organization\",\"@id\":\"https:\/\/www.transatel.com\/#organization\",\"name\":\"Transatel\",\"url\":\"https:\/\/www.transatel.com\/\",\"logo\":{\"@type\":\"ImageObject\",\"inLanguage\":\"fr-FR\",\"@id\":\"https:\/\/www.transatel.com\/#\/schema\/logo\/image\/\",\"url\":\"https:\/\/www.transatel.com\/wp-content\/uploads\/2025\/09\/logoTSL-NTT.svg\",\"contentUrl\":\"https:\/\/www.transatel.com\/wp-content\/uploads\/2025\/09\/logoTSL-NTT.svg\",\"width\":1,\"height\":1,\"caption\":\"Transatel\"},\"image\":{\"@id\":\"https:\/\/www.transatel.com\/#\/schema\/logo\/image\/\"}}]}<\/script>\n<!-- \/ Yoast SEO plugin. -->","yoast_head_json":{"title":"\u00c9quipe de direction Transatel","description":"Jacques Bonifay (Pr\u00e9sident), Bertrand Salomon (Directeur G\u00e9n\u00e9ral Adjoint), Romain Durand (Directeur de l'Innovation), Phillipe Vigneau (Directeur Commercial), ...","robots":{"index":"index","follow":"follow","max-snippet":"max-snippet:-1","max-image-preview":"max-image-preview:large","max-video-preview":"max-video-preview:-1"},"canonical":"https:\/\/www.transatel.com\/fr\/a-propos\/management\/","og_locale":"fr_FR","og_type":"article","og_title":"\u00c9quipe de direction Transatel","og_description":"Jacques Bonifay (Pr\u00e9sident), Bertrand Salomon (Directeur G\u00e9n\u00e9ral Adjoint), Romain Durand (Directeur de l'Innovation), Phillipe Vigneau (Directeur Commercial), ...","og_url":"https:\/\/www.transatel.com\/fr\/a-propos\/management\/","og_site_name":"Transatel","article_modified_time":"2025-12-10T14:09:21+00:00","twitter_card":"summary_large_image","schema":{"@context":"https:\/\/schema.org","@graph":[{"@type":"WebPage","@id":"https:\/\/www.transatel.com\/fr\/a-propos\/management\/","url":"https:\/\/www.transatel.com\/fr\/a-propos\/management\/","name":"\u00c9quipe de direction Transatel","isPartOf":{"@id":"https:\/\/www.transatel.com\/#website"},"datePublished":"2022-03-17T10:38:37+00:00","dateModified":"2025-12-10T14:09:21+00:00","description":"Jacques Bonifay (Pr\u00e9sident), Bertrand Salomon (Directeur G\u00e9n\u00e9ral Adjoint), Romain Durand (Directeur de l'Innovation), Phillipe Vigneau (Directeur Commercial), ...","breadcrumb":{"@id":"https:\/\/www.transatel.com\/fr\/a-propos\/management\/#breadcrumb"},"inLanguage":"fr-FR","potentialAction":[{"@type":"ReadAction","target":["https:\/\/www.transatel.com\/fr\/a-propos\/management\/"]}]},{"@type":"BreadcrumbList","@id":"https:\/\/www.transatel.com\/fr\/a-propos\/management\/#breadcrumb","itemListElement":[{"@type":"ListItem","position":1,"name":"Home","item":"https:\/\/www.transatel.com\/fr\/"},{"@type":"ListItem","position":2,"name":"A Propos","item":"https:\/\/www.transatel.com\/fr\/a-propos\/"},{"@type":"ListItem","position":3,"name":"Notre \u00e9quipe de direction"}]},{"@type":"WebSite","@id":"https:\/\/www.transatel.com\/#website","url":"https:\/\/www.transatel.com\/","name":"Transatel","description":"From mobile Telephony  to Internet of Things","publisher":{"@id":"https:\/\/www.transatel.com\/#organization"},"potentialAction":[{"@type":"SearchAction","target":{"@type":"EntryPoint","urlTemplate":"https:\/\/www.transatel.com\/?s={search_term_string}"},"query-input":{"@type":"PropertyValueSpecification","valueRequired":true,"valueName":"search_term_string"}}],"inLanguage":"fr-FR"},{"@type":"Organization","@id":"https:\/\/www.transatel.com\/#organization","name":"Transatel","url":"https:\/\/www.transatel.com\/","logo":{"@type":"ImageObject","inLanguage":"fr-FR","@id":"https:\/\/www.transatel.com\/#\/schema\/logo\/image\/","url":"https:\/\/www.transatel.com\/wp-content\/uploads\/2025\/09\/logoTSL-NTT.svg","contentUrl":"https:\/\/www.transatel.com\/wp-content\/uploads\/2025\/09\/logoTSL-NTT.svg","width":1,"height":1,"caption":"Transatel"},"image":{"@id":"https:\/\/www.transatel.com\/#\/schema\/logo\/image\/"}}]}},"_links":{"self":[{"href":"https:\/\/www.transatel.com\/fr\/wp-json\/wp\/v2\/pages\/43439","targetHints":{"allow":["GET"]}}],"collection":[{"href":"https:\/\/www.transatel.com\/fr\/wp-json\/wp\/v2\/pages"}],"about":[{"href":"https:\/\/www.transatel.com\/fr\/wp-json\/wp\/v2\/types\/page"}],"author":[{"embeddable":true,"href":"https:\/\/www.transatel.com\/fr\/wp-json\/wp\/v2\/users\/50"}],"replies":[{"embeddable":true,"href":"https:\/\/www.transatel.com\/fr\/wp-json\/wp\/v2\/comments?post=43439"}],"version-history":[{"count":0,"href":"https:\/\/www.transatel.com\/fr\/wp-json\/wp\/v2\/pages\/43439\/revisions"}],"up":[{"embeddable":true,"href":"https:\/\/www.transatel.com\/fr\/wp-json\/wp\/v2\/pages\/43571"}],"wp:attachment":[{"href":"https:\/\/www.transatel.com\/fr\/wp-json\/wp\/v2\/media?parent=43439"}],"curies":[{"name":"wp","href":"https:\/\/api.w.org\/{rel}","templated":true}]}}