{"id":45733,"date":"2022-09-07T11:35:22","date_gmt":"2022-09-07T10:35:22","guid":{"rendered":"https:\/\/www.transatel.com\/?page_id=45733"},"modified":"2022-09-07T13:21:37","modified_gmt":"2022-09-07T12:21:37","slug":"nous-rejoindre","status":"publish","type":"page","link":"https:\/\/www.transatel.com\/fr\/nous-rejoindre\/","title":{"rendered":"Nous rejoindre"},"content":{"rendered":"","protected":false},"excerpt":{"rendered":"","protected":false},"author":50,"featured_media":0,"parent":0,"menu_order":0,"comment_status":"closed","ping_status":"closed","template":"page-carreer-center.php","meta":{"_acf_changed":false,"content-type":"","inline_featured_image":false,"footnotes":""},"class_list":["post-45733","page","type-page","status-publish","hentry"],"acf":[],"yoast_head":"<!-- This site is optimized with the Yoast SEO plugin v27.0 - https:\/\/yoast.com\/product\/yoast-seo-wordpress\/ -->\n<title>Transatel recrute, rejoignez nos \u00e9quipes!<\/title>\n<meta name=\"description\" content=\"Filiale du groupe NTT, Transatel recrute des talents internationaux dans les domaines des t\u00e9l\u00e9coms et de l&#039;IoT. De nombreuses opportunit\u00e9s de carri\u00e8res vous attendent.\" \/>\n<meta name=\"robots\" content=\"index, follow, max-snippet:-1, max-image-preview:large, max-video-preview:-1\" \/>\n<link rel=\"canonical\" href=\"https:\/\/www.transatel.com\/fr\/nous-rejoindre\/\" \/>\n<meta property=\"og:locale\" content=\"fr_FR\" \/>\n<meta property=\"og:type\" content=\"article\" \/>\n<meta property=\"og:title\" content=\"Transatel recrute, rejoignez nos \u00e9quipes!\" \/>\n<meta property=\"og:description\" content=\"Filiale du groupe NTT, Transatel recrute des talents internationaux dans les domaines des t\u00e9l\u00e9coms et de l&#039;IoT. De nombreuses opportunit\u00e9s de carri\u00e8res vous attendent.\" \/>\n<meta property=\"og:url\" content=\"https:\/\/www.transatel.com\/fr\/nous-rejoindre\/\" \/>\n<meta property=\"og:site_name\" content=\"Transatel\" \/>\n<meta property=\"article:modified_time\" content=\"2022-09-07T12:21:37+00:00\" \/>\n<meta property=\"og:image\" content=\"https:\/\/www.transatel.com\/wp-content\/uploads\/2022\/09\/transatel-carreer-center.jpg\" \/>\n\t<meta property=\"og:image:width\" content=\"1900\" \/>\n\t<meta property=\"og:image:height\" content=\"1068\" \/>\n\t<meta property=\"og:image:type\" content=\"image\/jpeg\" \/>\n<meta name=\"twitter:card\" content=\"summary_large_image\" \/>\n<script type=\"application\/ld+json\" class=\"yoast-schema-graph\">{\"@context\":\"https:\/\/schema.org\",\"@graph\":[{\"@type\":\"WebPage\",\"@id\":\"https:\/\/www.transatel.com\/fr\/nous-rejoindre\/\",\"url\":\"https:\/\/www.transatel.com\/fr\/nous-rejoindre\/\",\"name\":\"Transatel recrute, rejoignez nos \u00e9quipes!\",\"isPartOf\":{\"@id\":\"https:\/\/www.transatel.com\/#website\"},\"datePublished\":\"2022-09-07T10:35:22+00:00\",\"dateModified\":\"2022-09-07T12:21:37+00:00\",\"description\":\"Filiale du groupe NTT, Transatel recrute des talents internationaux dans les domaines des t\u00e9l\u00e9coms et de l'IoT. De nombreuses opportunit\u00e9s de carri\u00e8res vous attendent.\",\"breadcrumb\":{\"@id\":\"https:\/\/www.transatel.com\/fr\/nous-rejoindre\/#breadcrumb\"},\"inLanguage\":\"fr-FR\",\"potentialAction\":[{\"@type\":\"ReadAction\",\"target\":[\"https:\/\/www.transatel.com\/fr\/nous-rejoindre\/\"]}]},{\"@type\":\"BreadcrumbList\",\"@id\":\"https:\/\/www.transatel.com\/fr\/nous-rejoindre\/#breadcrumb\",\"itemListElement\":[{\"@type\":\"ListItem\",\"position\":1,\"name\":\"Home\",\"item\":\"https:\/\/www.transatel.com\/fr\/\"},{\"@type\":\"ListItem\",\"position\":2,\"name\":\"Nous rejoindre\"}]},{\"@type\":\"WebSite\",\"@id\":\"https:\/\/www.transatel.com\/#website\",\"url\":\"https:\/\/www.transatel.com\/\",\"name\":\"Transatel\",\"description\":\"From mobile Telephony  to Internet of Things\",\"publisher\":{\"@id\":\"https:\/\/www.transatel.com\/#organization\"},\"potentialAction\":[{\"@type\":\"SearchAction\",\"target\":{\"@type\":\"EntryPoint\",\"urlTemplate\":\"https:\/\/www.transatel.com\/?s={search_term_string}\"},\"query-input\":{\"@type\":\"PropertyValueSpecification\",\"valueRequired\":true,\"valueName\":\"search_term_string\"}}],\"inLanguage\":\"fr-FR\"},{\"@type\":\"Organization\",\"@id\":\"https:\/\/www.transatel.com\/#organization\",\"name\":\"Transatel\",\"url\":\"https:\/\/www.transatel.com\/\",\"logo\":{\"@type\":\"ImageObject\",\"inLanguage\":\"fr-FR\",\"@id\":\"https:\/\/www.transatel.com\/#\/schema\/logo\/image\/\",\"url\":\"https:\/\/www.transatel.com\/wp-content\/uploads\/2025\/09\/logoTSL-NTT.svg\",\"contentUrl\":\"https:\/\/www.transatel.com\/wp-content\/uploads\/2025\/09\/logoTSL-NTT.svg\",\"width\":1,\"height\":1,\"caption\":\"Transatel\"},\"image\":{\"@id\":\"https:\/\/www.transatel.com\/#\/schema\/logo\/image\/\"}}]}<\/script>\n<!-- \/ Yoast SEO plugin. -->","yoast_head_json":{"title":"Transatel recrute, rejoignez nos \u00e9quipes!","description":"Filiale du groupe NTT, Transatel recrute des talents internationaux dans les domaines des t\u00e9l\u00e9coms et de l'IoT. De nombreuses opportunit\u00e9s de carri\u00e8res vous attendent.","robots":{"index":"index","follow":"follow","max-snippet":"max-snippet:-1","max-image-preview":"max-image-preview:large","max-video-preview":"max-video-preview:-1"},"canonical":"https:\/\/www.transatel.com\/fr\/nous-rejoindre\/","og_locale":"fr_FR","og_type":"article","og_title":"Transatel recrute, rejoignez nos \u00e9quipes!","og_description":"Filiale du groupe NTT, Transatel recrute des talents internationaux dans les domaines des t\u00e9l\u00e9coms et de l'IoT. De nombreuses opportunit\u00e9s de carri\u00e8res vous attendent.","og_url":"https:\/\/www.transatel.com\/fr\/nous-rejoindre\/","og_site_name":"Transatel","article_modified_time":"2022-09-07T12:21:37+00:00","og_image":[{"width":1900,"height":1068,"url":"https:\/\/www.transatel.com\/wp-content\/uploads\/2022\/09\/transatel-carreer-center.jpg","type":"image\/jpeg"}],"twitter_card":"summary_large_image","schema":{"@context":"https:\/\/schema.org","@graph":[{"@type":"WebPage","@id":"https:\/\/www.transatel.com\/fr\/nous-rejoindre\/","url":"https:\/\/www.transatel.com\/fr\/nous-rejoindre\/","name":"Transatel recrute, rejoignez nos \u00e9quipes!","isPartOf":{"@id":"https:\/\/www.transatel.com\/#website"},"datePublished":"2022-09-07T10:35:22+00:00","dateModified":"2022-09-07T12:21:37+00:00","description":"Filiale du groupe NTT, Transatel recrute des talents internationaux dans les domaines des t\u00e9l\u00e9coms et de l'IoT. De nombreuses opportunit\u00e9s de carri\u00e8res vous attendent.","breadcrumb":{"@id":"https:\/\/www.transatel.com\/fr\/nous-rejoindre\/#breadcrumb"},"inLanguage":"fr-FR","potentialAction":[{"@type":"ReadAction","target":["https:\/\/www.transatel.com\/fr\/nous-rejoindre\/"]}]},{"@type":"BreadcrumbList","@id":"https:\/\/www.transatel.com\/fr\/nous-rejoindre\/#breadcrumb","itemListElement":[{"@type":"ListItem","position":1,"name":"Home","item":"https:\/\/www.transatel.com\/fr\/"},{"@type":"ListItem","position":2,"name":"Nous rejoindre"}]},{"@type":"WebSite","@id":"https:\/\/www.transatel.com\/#website","url":"https:\/\/www.transatel.com\/","name":"Transatel","description":"From mobile Telephony  to Internet of Things","publisher":{"@id":"https:\/\/www.transatel.com\/#organization"},"potentialAction":[{"@type":"SearchAction","target":{"@type":"EntryPoint","urlTemplate":"https:\/\/www.transatel.com\/?s={search_term_string}"},"query-input":{"@type":"PropertyValueSpecification","valueRequired":true,"valueName":"search_term_string"}}],"inLanguage":"fr-FR"},{"@type":"Organization","@id":"https:\/\/www.transatel.com\/#organization","name":"Transatel","url":"https:\/\/www.transatel.com\/","logo":{"@type":"ImageObject","inLanguage":"fr-FR","@id":"https:\/\/www.transatel.com\/#\/schema\/logo\/image\/","url":"https:\/\/www.transatel.com\/wp-content\/uploads\/2025\/09\/logoTSL-NTT.svg","contentUrl":"https:\/\/www.transatel.com\/wp-content\/uploads\/2025\/09\/logoTSL-NTT.svg","width":1,"height":1,"caption":"Transatel"},"image":{"@id":"https:\/\/www.transatel.com\/#\/schema\/logo\/image\/"}}]}},"_links":{"self":[{"href":"https:\/\/www.transatel.com\/fr\/wp-json\/wp\/v2\/pages\/45733","targetHints":{"allow":["GET"]}}],"collection":[{"href":"https:\/\/www.transatel.com\/fr\/wp-json\/wp\/v2\/pages"}],"about":[{"href":"https:\/\/www.transatel.com\/fr\/wp-json\/wp\/v2\/types\/page"}],"author":[{"embeddable":true,"href":"https:\/\/www.transatel.com\/fr\/wp-json\/wp\/v2\/users\/50"}],"replies":[{"embeddable":true,"href":"https:\/\/www.transatel.com\/fr\/wp-json\/wp\/v2\/comments?post=45733"}],"version-history":[{"count":0,"href":"https:\/\/www.transatel.com\/fr\/wp-json\/wp\/v2\/pages\/45733\/revisions"}],"wp:attachment":[{"href":"https:\/\/www.transatel.com\/fr\/wp-json\/wp\/v2\/media?parent=45733"}],"curies":[{"name":"wp","href":"https:\/\/api.w.org\/{rel}","templated":true}]}}