{"id":6913,"date":"2017-11-22T14:55:17","date_gmt":"2017-11-22T13:55:17","guid":{"rendered":"https:\/\/transatel.wpengine.com\/fr\/?page_id=6913"},"modified":"2024-02-16T11:29:35","modified_gmt":"2024-02-16T10:29:35","slug":"pcs-tablettes","status":"publish","type":"page","link":"https:\/\/www.transatel.com\/fr\/solutions\/connected-workplace\/pcs-tablettes\/","title":{"rendered":"Solution 4G\/5G constructeurs"},"content":{"rendered":"<div class='content-column one_third'><p><img loading=\"lazy\" decoding=\"async\" class=\"segment-icon aligncenter wp-image-6663 size-thumbnail\" src=\"\/wp-content\/uploads\/2017\/10\/segment-laptop-tablet-150x150.png\" alt=\"\" width=\"150\" height=\"150\" srcset=\"https:\/\/www.transatel.com\/wp-content\/uploads\/2017\/10\/segment-laptop-tablet-150x150.png 150w, https:\/\/www.transatel.com\/wp-content\/uploads\/2017\/10\/segment-laptop-tablet.png 300w\" sizes=\"auto, (max-width: 150px) 100vw, 150px\" \/><div class=\"whitepaper-button-container\"><figure id=\"attachment_6670\" class=\"wp-caption aligncenter\" style=\"width: 212px\"><a class=\"notlink poplight whitepaper-button-mobile whitepaper-button\" href=\"#\" target=\"_blank\" rel=\"noopener noreferrer\" data-width=\"500\" data-rel=\"download-whitepaper-modal-mobile\" style=\"float: none;\"><img loading=\"lazy\" decoding=\"async\" class=\"wp-image-6670 size-full\" src=\"\/wp-content\/uploads\/2018\/11\/security-data-employees.png\" alt=\"security data employees\" width=\"250\" height=\"173\" \/><\/a><figcaption class=\"wp-caption-text\"><a class=\"notlink poplight whitepaper-button-mobile whitepaper-button\" href=\"#\" target=\"_blank\" rel=\"noopener noreferrer\" data-width=\"500\" data-rel=\"download-whitepaper-modal-mobile\" style=\"float: none;\">T\u00c9L\u00c9CHARGEZ NOTRE LIVRE BLANC SUR LA S\u00c9CURIT\u00c9 DES DONN\u00c9ES FACE A LA MOBILIT\u00c9 DES CADRES <span style=\"color: #0072BC;\">ICI<\/span><\/a><\/figcaption><\/figure><div class=\"whitepaper-link whitepaper-link-mobile\" style=\"display: none;\" onclick=\"window.open('\/wp-content\/uploads\/2017\/06\/TRANSATEL_Whitepaper_DataSecurityForMobileEmployees.pdf', '_blank');\">Le t\u00e9l\u00e9chargement n\u2019a pas march\u00e9 ?<br\/>Essayez <span>ici<\/span>.<\/div><script type=\"text\/javascript\">var whitepaperUrl, whitepaperLink;  $(document).ready(function(){ $('.whitepaper-button-mobile').on('click', function(){ whitepaperLink = $('.whitepaper-link-mobile'); whitepaperUrl = $('body').find('.whitepaper-link-mobile').html(); }); });<\/script><div class=\"popup_block download-whitepaper-modal\" id=\"download-whitepaper-modal-mobile\" style=\"text-align: left !important; \"><br\/>\n<div class=\"wpcf7 no-js\" id=\"wpcf7-f25702-o1\" lang=\"en-US\" dir=\"ltr\" data-wpcf7-id=\"25702\">\n<div class=\"screen-reader-response\"><p role=\"status\" aria-live=\"polite\" aria-atomic=\"true\"><\/p> <ul><\/ul><\/div>\n<form action=\"\/fr\/wp-json\/wp\/v2\/pages\/6913#wpcf7-f25702-o1\" method=\"post\" class=\"wpcf7-form init\" aria-label=\"Contact form\" novalidate=\"novalidate\" data-status=\"init\">\n<fieldset class=\"hidden-fields-container\"><input type=\"hidden\" name=\"_wpcf7\" value=\"25702\" \/><input type=\"hidden\" name=\"_wpcf7_version\" value=\"6.1.5\" \/><input type=\"hidden\" name=\"_wpcf7_locale\" value=\"en_US\" \/><input type=\"hidden\" name=\"_wpcf7_unit_tag\" value=\"wpcf7-f25702-o1\" \/><input type=\"hidden\" name=\"_wpcf7_container_post\" value=\"0\" \/><input type=\"hidden\" name=\"_wpcf7_posted_data_hash\" value=\"\" \/>\n<\/fieldset>\n<p class=\"m-0\"><a id=\"contact-us\" class=\"contact-tsl\"><\/a><\/p><div class=\"new-contact-form fields-light-grey focus-orange color-dark-grey partnership\">\n<div class=\"fields\">\n<div class=\"col-12 col-md-8 col-xl-7 p-0 col-h\">\n<div class=\"d-inline-block\">\n<label> Pr\u00e9nom<sup>*<\/sup>\n    <span class=\"wpcf7-form-control-wrap\" data-name=\"first-name\"><input size=\"40\" maxlength=\"400\" class=\"wpcf7-form-control wpcf7-text wpcf7-validates-as-required\" aria-required=\"true\" aria-invalid=\"false\" value=\"\" type=\"text\" name=\"first-name\" \/><\/span> <\/label>\n<\/div>\n<div class=\"d-inline-block\">\n<label> Nom<sup>*<\/sup>\n    <span class=\"wpcf7-form-control-wrap\" data-name=\"last-name\"><input size=\"40\" maxlength=\"400\" class=\"wpcf7-form-control wpcf7-text wpcf7-validates-as-required\" aria-required=\"true\" aria-invalid=\"false\" value=\"\" type=\"text\" name=\"last-name\" \/><\/span> <\/label>\n<\/div>\n<div class=\"d-inline-block\">\n<label> Fonction<sup>*<\/sup>\n<span class=\"wpcf7-form-control-wrap\" data-name=\"title\"><input size=\"40\" maxlength=\"400\" class=\"wpcf7-form-control wpcf7-text wpcf7-validates-as-required\" aria-required=\"true\" aria-invalid=\"false\" value=\"\" type=\"text\" name=\"title\" \/><\/span><\/label> \n<\/div>\n<div class=\"d-inline-block alignleft mr-0\">\n<label> Email<sup>*<\/sup>\n    <span class=\"wpcf7-form-control-wrap\" data-name=\"your-email\"><input size=\"40\" maxlength=\"400\" class=\"wpcf7-form-control wpcf7-email wpcf7-validates-as-required wpcf7-text wpcf7-validates-as-email\" aria-required=\"true\" aria-invalid=\"false\" value=\"\" type=\"email\" name=\"your-email\" \/><\/span> <\/label>\n<\/div>\n<div class=\"d-inline-block alignleft mr-0\">\n<label> Soci\u00e9t\u00e9<sup>*<\/sup>\n    <span class=\"wpcf7-form-control-wrap\" data-name=\"your-company\"><input size=\"40\" maxlength=\"400\" class=\"wpcf7-form-control wpcf7-text wpcf7-validates-as-required\" aria-required=\"true\" aria-invalid=\"false\" value=\"\" type=\"text\" name=\"your-company\" \/><\/span> <\/label>\n<\/div>\n<div class=\"d-inline-block phone-infos phone-intern\">\n<div class=\"flex\">\n<label>T\u00e9l\u00e9phone<sup>*<\/sup><\/label><div class=\"phone\"><span class=\"wpcf7-form-control-wrap phone\"><input class=\"wpcf7-form-control wpcf7-intl_tel wpcf7-validates-as-required wpcf7-intl-tel\" aria-required=\"true\" aria-invalid=\"false\" data-initialcountry=\"fr\" value=\"\" type=\"tel\" name=\"phone-cf7it-national\" \/><input name=\"phone\" type=\"hidden\" class=\"wpcf7-intl-tel-full\" \/><input type=\"hidden\" name=\"phone-cf7it-country-name\" class=\"wpcf7-intl-tel-country-name\" \/><input type=\"hidden\" name=\"phone-cf7it-country-code\" class=\"wpcf7-intl-tel-country-code\" \/><input type=\"hidden\" name=\"phone-cf7it-country-iso2\" class=\"wpcf7-intl-tel-country-iso2\" \/><\/span><div class=\"arrow-select-down\"><img decoding=\"async\" src=\"\/wp-content\/themes\/transatel\/images\/form-select-drop-arrow.svg\"><\/div><\/div><\/div><\/div>\n<\/div>\n<\/div>\n<div class=\"mandatory color-grey\"><sup>*<\/sup>Champs obligatoires<\/div>\n<div class=\"acts trik-checkbox\"><label style=\"float:none;\"> <span class=\"wpcf7-form-control-wrap\" data-name=\"trik-checkbox\"><span class=\"wpcf7-form-control wpcf7-acceptance invert\"><span class=\"wpcf7-list-item\"><label><input type=\"checkbox\" name=\"trik-checkbox\" value=\"1\" checked=\"checked\" class=\"form-check\" aria-invalid=\"false\" \/><span class=\"wpcf7-list-item-label\">Je ne suis pas un robot<\/span><\/label><\/span><\/span><\/span><\/label><input class=\"wpcf7-form-control wpcf7-hidden\" value=\"\" type=\"hidden\" name=\"referrer-url\" \/><input class=\"wpcf7-form-control wpcf7-hidden\" value=\"\" type=\"hidden\" name=\"page-url\" \/><input class=\"wpcf7-form-control wpcf7-hidden\" value=\"Merci de choisir votre pays\" type=\"hidden\" name=\"phone_message\" \/><input class=\"wpcf7-form-control wpcf7-submit has-spinner\" type=\"submit\" value=\"Envoyer\" \/><\/div>\n<div class=\"mention text-center color-grey mb-4 pb-1\">En soumettant ce formulaire je consens au traitement de mes donn\u00e9es personnelles par&nbsp;Transatel, conform\u00e9ment \u00e0&nbsp;<a href=\"https:\/\/transatel.com\/wp-content\/uploads\/2018\/11\/Privacy-Policy.docxall%C3%A9g%C3%A9e-1.pdf\" style=\"text-decoration: underline;\" target=\"_blank\">sa&nbsp;politique<\/a> en&nbsp;la&nbsp;mati\u00e8re, et&nbsp;je&nbsp;dispose d\u2019un droit d\u2019acc\u00e8s\/modification\/suppression \u00e0&nbsp;l\u2019adresse <a href=\"mailto:&#100;&#112;&#111;&#064;&#116;&#114;&#097;&#110;&#115;&#097;&#116;&#101;&#108;&#046;&#099;&#111;&#109;\" style=\"text-decoration: underline;\">&#100;&#112;&#111;&#064;&#116;&#114;&#097;&#110;&#115;&#097;&#116;&#101;&#108;&#046;&#099;&#111;&#109;<\/a><\/div>\n<\/div>\n<style>\n.contact-tsl {\n    position: absolute;\n    top: -9rem;\n}\ninput[type=\"submit\"] {\n    margin-left: auto;\n    margin-right: auto;\n}\n@media screen and (min-width:1025px) and (-webkit-min-device-pixel-ratio: 1.45) {\n    .contact-tsl  {\n    position: absolute;\n    top: -11rem;\n}\n}\n<\/style><p style=\"display: none !important;\" class=\"akismet-fields-container\" data-prefix=\"_wpcf7_ak_\"><label>&#916;<textarea name=\"_wpcf7_ak_hp_textarea\" cols=\"45\" rows=\"8\" maxlength=\"100\"><\/textarea><\/label><input type=\"hidden\" id=\"ak_js_1\" name=\"_wpcf7_ak_js\" value=\"209\"\/><script>document.getElementById( \"ak_js_1\" ).setAttribute( \"value\", ( new Date() ).getTime() );<\/script><\/p><div class=\"wpcf7-response-output\" aria-hidden=\"true\"><\/div>\n<\/form>\n<\/div>\n<\/div><\/div><\/p><\/div>\n<div class='content-column two_third last_column'><h2>FABRICANTS\u2014PERMETTEZ \u00c0 VOS UTILISATEURS DE RESTER CONNECT\u00c9S !<\/h2>\n<h4>Partenaire historique de Microsoft pour les PCs \u00ab\u00a0toujours connect\u00e9s\u00a0\u00bb, Transatel conduit la r\u00e9volution cellulaire du segment des PCs et tablettes. Une r\u00e9volution qui devrait g\u00e9n\u00e9rer de nouvelles sources de revenus pour les fabricants, ainsi que pour les op\u00e9rateurs de r\u00e9seaux mobiles.<\/h4>\n<p>Si vous \u00eates fabricant de PCs et tablettes, vos perspectives de business s&rsquo;am\u00e9liorent depuis peu. Aujourd&rsquo;hui, apr\u00e8s des ann\u00e9es de contraction des marges, fruit d&rsquo;une comp\u00e9tition exacerb\u00e9e, vous pouvez d\u00e9sormais enrichir vos appareils de connectivit\u00e9 cellulaire et ainsi renouer avec la rentabilit\u00e9.<\/p>\n<h3>CONSTRUISONS VOTRE SOLUTION DE CONNECTIVIT\u00c9 ENSEMBLE!<\/h3>\n<p>Transatel vous offre plusieurs options pour profiter de la demande de vos clients de rester connect\u00e9s, m\u00eame en l&rsquo;absence de Wi-Fi. Les r\u00e9seaux cellulaires offrent \u00e9galement l&rsquo;avantage d&rsquo;\u00eatre intrins\u00e8quement s\u00e9curis\u00e9s pour la transmission de donn\u00e9es. Mais surtout, Transatel a les moyens de vous b\u00e2tir une solution sur-mesure qui r\u00e9ponde au mieux \u00e0 vos besoins et \u00e0 ceux de votre march\u00e9 cible, ainsi qu&rsquo;\u00e0 toutes vos contraintes techniques.<\/p><\/div><div class='clear_column'><\/div>\n","protected":false},"excerpt":{"rendered":"","protected":false},"author":66,"featured_media":30108,"parent":31976,"menu_order":0,"comment_status":"closed","ping_status":"closed","template":"page-iot-segment.php","meta":{"_acf_changed":false,"content-type":"","inline_featured_image":false,"footnotes":""},"class_list":["post-6913","page","type-page","status-publish","has-post-thumbnail","hentry"],"acf":[],"yoast_head":"<!-- This site is optimized with the Yoast SEO plugin v27.3 - https:\/\/yoast.com\/product\/yoast-seo-wordpress\/ -->\n<title>Connectivit\u00e9 IoT pour les appareils-Transatel<\/title>\n<meta name=\"description\" content=\"Nous offrons aux fabricants d&#039;ordinateurs portables et de tablettes une solution \u00e9prouv\u00e9e pour enrichir leurs appareils d&#039;une connectivit\u00e9 cellulaire int\u00e9gr\u00e9e\" \/>\n<meta name=\"robots\" content=\"index, follow, max-snippet:-1, max-image-preview:large, max-video-preview:-1\" \/>\n<link rel=\"canonical\" href=\"https:\/\/www.transatel.com\/fr\/solutions\/connected-workplace\/pcs-tablettes\/\" \/>\n<meta property=\"og:locale\" content=\"fr_FR\" \/>\n<meta property=\"og:type\" content=\"article\" \/>\n<meta property=\"og:title\" content=\"Connectivit\u00e9 IoT pour les appareils-Transatel\" \/>\n<meta property=\"og:description\" content=\"Nous offrons aux fabricants d&#039;ordinateurs portables et de tablettes une solution \u00e9prouv\u00e9e pour enrichir leurs appareils d&#039;une connectivit\u00e9 cellulaire int\u00e9gr\u00e9e\" \/>\n<meta property=\"og:url\" content=\"https:\/\/www.transatel.com\/fr\/solutions\/connected-workplace\/pcs-tablettes\/\" \/>\n<meta property=\"og:site_name\" content=\"Transatel\" \/>\n<meta property=\"article:modified_time\" content=\"2024-02-16T10:29:35+00:00\" \/>\n<meta property=\"og:image\" content=\"https:\/\/www.transatel.com\/wp-content\/uploads\/2018\/11\/3-chipsets-modules-industrial-IoT.png\" \/>\n\t<meta property=\"og:image:width\" content=\"450\" \/>\n\t<meta property=\"og:image:height\" content=\"450\" \/>\n\t<meta property=\"og:image:type\" content=\"image\/png\" \/>\n<meta name=\"twitter:card\" content=\"summary_large_image\" \/>\n<meta name=\"twitter:label1\" content=\"Dur\u00e9e de lecture estim\u00e9e\" \/>\n\t<meta name=\"twitter:data1\" content=\"1 minute\" \/>\n<script type=\"application\/ld+json\" class=\"yoast-schema-graph\">{\"@context\":\"https:\\\/\\\/schema.org\",\"@graph\":[{\"@type\":\"WebPage\",\"@id\":\"https:\\\/\\\/www.transatel.com\\\/fr\\\/solutions\\\/connected-workplace\\\/pcs-tablettes\\\/\",\"url\":\"https:\\\/\\\/www.transatel.com\\\/fr\\\/solutions\\\/connected-workplace\\\/pcs-tablettes\\\/\",\"name\":\"Connectivit\u00e9 IoT pour les appareils-Transatel\",\"isPartOf\":{\"@id\":\"https:\\\/\\\/www.transatel.com\\\/#website\"},\"primaryImageOfPage\":{\"@id\":\"https:\\\/\\\/www.transatel.com\\\/fr\\\/solutions\\\/connected-workplace\\\/pcs-tablettes\\\/#primaryimage\"},\"image\":{\"@id\":\"https:\\\/\\\/www.transatel.com\\\/fr\\\/solutions\\\/connected-workplace\\\/pcs-tablettes\\\/#primaryimage\"},\"thumbnailUrl\":\"https:\\\/\\\/www.transatel.com\\\/wp-content\\\/uploads\\\/2018\\\/11\\\/3-chipsets-modules-industrial-IoT.png\",\"datePublished\":\"2017-11-22T13:55:17+00:00\",\"dateModified\":\"2024-02-16T10:29:35+00:00\",\"description\":\"Nous offrons aux fabricants d'ordinateurs portables et de tablettes une solution \u00e9prouv\u00e9e pour enrichir leurs appareils d'une connectivit\u00e9 cellulaire int\u00e9gr\u00e9e\",\"breadcrumb\":{\"@id\":\"https:\\\/\\\/www.transatel.com\\\/fr\\\/solutions\\\/connected-workplace\\\/pcs-tablettes\\\/#breadcrumb\"},\"inLanguage\":\"fr-FR\",\"potentialAction\":[{\"@type\":\"ReadAction\",\"target\":[\"https:\\\/\\\/www.transatel.com\\\/fr\\\/solutions\\\/connected-workplace\\\/pcs-tablettes\\\/\"]}]},{\"@type\":\"ImageObject\",\"inLanguage\":\"fr-FR\",\"@id\":\"https:\\\/\\\/www.transatel.com\\\/fr\\\/solutions\\\/connected-workplace\\\/pcs-tablettes\\\/#primaryimage\",\"url\":\"https:\\\/\\\/www.transatel.com\\\/wp-content\\\/uploads\\\/2018\\\/11\\\/3-chipsets-modules-industrial-IoT.png\",\"contentUrl\":\"https:\\\/\\\/www.transatel.com\\\/wp-content\\\/uploads\\\/2018\\\/11\\\/3-chipsets-modules-industrial-IoT.png\",\"width\":450,\"height\":450,\"caption\":\"3 chipsets modules industrial IoT\"},{\"@type\":\"BreadcrumbList\",\"@id\":\"https:\\\/\\\/www.transatel.com\\\/fr\\\/solutions\\\/connected-workplace\\\/pcs-tablettes\\\/#breadcrumb\",\"itemListElement\":[{\"@type\":\"ListItem\",\"position\":1,\"name\":\"Home\",\"item\":\"https:\\\/\\\/www.transatel.com\\\/fr\\\/\"},{\"@type\":\"ListItem\",\"position\":2,\"name\":\"Solutions\",\"item\":\"https:\\\/\\\/www.transatel.com\\\/fr\\\/solutions\\\/\"},{\"@type\":\"ListItem\",\"position\":3,\"name\":\"L&#8217;entreprise connect\u00e9e\",\"item\":\"https:\\\/\\\/www.transatel.com\\\/fr\\\/solutions\\\/connected-workplace\\\/\"},{\"@type\":\"ListItem\",\"position\":4,\"name\":\"Solution 4G\\\/5G constructeurs\"}]},{\"@type\":\"WebSite\",\"@id\":\"https:\\\/\\\/www.transatel.com\\\/#website\",\"url\":\"https:\\\/\\\/www.transatel.com\\\/\",\"name\":\"Transatel\",\"description\":\"From mobile Telephony  to Internet of Things\",\"publisher\":{\"@id\":\"https:\\\/\\\/www.transatel.com\\\/#organization\"},\"potentialAction\":[{\"@type\":\"SearchAction\",\"target\":{\"@type\":\"EntryPoint\",\"urlTemplate\":\"https:\\\/\\\/www.transatel.com\\\/?s={search_term_string}\"},\"query-input\":{\"@type\":\"PropertyValueSpecification\",\"valueRequired\":true,\"valueName\":\"search_term_string\"}}],\"inLanguage\":\"fr-FR\"},{\"@type\":\"Organization\",\"@id\":\"https:\\\/\\\/www.transatel.com\\\/#organization\",\"name\":\"Transatel\",\"url\":\"https:\\\/\\\/www.transatel.com\\\/\",\"logo\":{\"@type\":\"ImageObject\",\"inLanguage\":\"fr-FR\",\"@id\":\"https:\\\/\\\/www.transatel.com\\\/#\\\/schema\\\/logo\\\/image\\\/\",\"url\":\"https:\\\/\\\/www.transatel.com\\\/wp-content\\\/uploads\\\/2025\\\/09\\\/logoTSL-NTT.svg\",\"contentUrl\":\"https:\\\/\\\/www.transatel.com\\\/wp-content\\\/uploads\\\/2025\\\/09\\\/logoTSL-NTT.svg\",\"width\":1,\"height\":1,\"caption\":\"Transatel\"},\"image\":{\"@id\":\"https:\\\/\\\/www.transatel.com\\\/#\\\/schema\\\/logo\\\/image\\\/\"}}]}<\/script>\n<!-- \/ Yoast SEO plugin. -->","yoast_head_json":{"title":"Connectivit\u00e9 IoT pour les appareils-Transatel","description":"Nous offrons aux fabricants d'ordinateurs portables et de tablettes une solution \u00e9prouv\u00e9e pour enrichir leurs appareils d'une connectivit\u00e9 cellulaire int\u00e9gr\u00e9e","robots":{"index":"index","follow":"follow","max-snippet":"max-snippet:-1","max-image-preview":"max-image-preview:large","max-video-preview":"max-video-preview:-1"},"canonical":"https:\/\/www.transatel.com\/fr\/solutions\/connected-workplace\/pcs-tablettes\/","og_locale":"fr_FR","og_type":"article","og_title":"Connectivit\u00e9 IoT pour les appareils-Transatel","og_description":"Nous offrons aux fabricants d'ordinateurs portables et de tablettes une solution \u00e9prouv\u00e9e pour enrichir leurs appareils d'une connectivit\u00e9 cellulaire int\u00e9gr\u00e9e","og_url":"https:\/\/www.transatel.com\/fr\/solutions\/connected-workplace\/pcs-tablettes\/","og_site_name":"Transatel","article_modified_time":"2024-02-16T10:29:35+00:00","og_image":[{"width":450,"height":450,"url":"https:\/\/www.transatel.com\/wp-content\/uploads\/2018\/11\/3-chipsets-modules-industrial-IoT.png","type":"image\/png"}],"twitter_card":"summary_large_image","twitter_misc":{"Dur\u00e9e de lecture estim\u00e9e":"1 minute"},"schema":{"@context":"https:\/\/schema.org","@graph":[{"@type":"WebPage","@id":"https:\/\/www.transatel.com\/fr\/solutions\/connected-workplace\/pcs-tablettes\/","url":"https:\/\/www.transatel.com\/fr\/solutions\/connected-workplace\/pcs-tablettes\/","name":"Connectivit\u00e9 IoT pour les appareils-Transatel","isPartOf":{"@id":"https:\/\/www.transatel.com\/#website"},"primaryImageOfPage":{"@id":"https:\/\/www.transatel.com\/fr\/solutions\/connected-workplace\/pcs-tablettes\/#primaryimage"},"image":{"@id":"https:\/\/www.transatel.com\/fr\/solutions\/connected-workplace\/pcs-tablettes\/#primaryimage"},"thumbnailUrl":"https:\/\/www.transatel.com\/wp-content\/uploads\/2018\/11\/3-chipsets-modules-industrial-IoT.png","datePublished":"2017-11-22T13:55:17+00:00","dateModified":"2024-02-16T10:29:35+00:00","description":"Nous offrons aux fabricants d'ordinateurs portables et de tablettes une solution \u00e9prouv\u00e9e pour enrichir leurs appareils d'une connectivit\u00e9 cellulaire int\u00e9gr\u00e9e","breadcrumb":{"@id":"https:\/\/www.transatel.com\/fr\/solutions\/connected-workplace\/pcs-tablettes\/#breadcrumb"},"inLanguage":"fr-FR","potentialAction":[{"@type":"ReadAction","target":["https:\/\/www.transatel.com\/fr\/solutions\/connected-workplace\/pcs-tablettes\/"]}]},{"@type":"ImageObject","inLanguage":"fr-FR","@id":"https:\/\/www.transatel.com\/fr\/solutions\/connected-workplace\/pcs-tablettes\/#primaryimage","url":"https:\/\/www.transatel.com\/wp-content\/uploads\/2018\/11\/3-chipsets-modules-industrial-IoT.png","contentUrl":"https:\/\/www.transatel.com\/wp-content\/uploads\/2018\/11\/3-chipsets-modules-industrial-IoT.png","width":450,"height":450,"caption":"3 chipsets modules industrial IoT"},{"@type":"BreadcrumbList","@id":"https:\/\/www.transatel.com\/fr\/solutions\/connected-workplace\/pcs-tablettes\/#breadcrumb","itemListElement":[{"@type":"ListItem","position":1,"name":"Home","item":"https:\/\/www.transatel.com\/fr\/"},{"@type":"ListItem","position":2,"name":"Solutions","item":"https:\/\/www.transatel.com\/fr\/solutions\/"},{"@type":"ListItem","position":3,"name":"L&#8217;entreprise connect\u00e9e","item":"https:\/\/www.transatel.com\/fr\/solutions\/connected-workplace\/"},{"@type":"ListItem","position":4,"name":"Solution 4G\/5G constructeurs"}]},{"@type":"WebSite","@id":"https:\/\/www.transatel.com\/#website","url":"https:\/\/www.transatel.com\/","name":"Transatel","description":"From mobile Telephony  to Internet of Things","publisher":{"@id":"https:\/\/www.transatel.com\/#organization"},"potentialAction":[{"@type":"SearchAction","target":{"@type":"EntryPoint","urlTemplate":"https:\/\/www.transatel.com\/?s={search_term_string}"},"query-input":{"@type":"PropertyValueSpecification","valueRequired":true,"valueName":"search_term_string"}}],"inLanguage":"fr-FR"},{"@type":"Organization","@id":"https:\/\/www.transatel.com\/#organization","name":"Transatel","url":"https:\/\/www.transatel.com\/","logo":{"@type":"ImageObject","inLanguage":"fr-FR","@id":"https:\/\/www.transatel.com\/#\/schema\/logo\/image\/","url":"https:\/\/www.transatel.com\/wp-content\/uploads\/2025\/09\/logoTSL-NTT.svg","contentUrl":"https:\/\/www.transatel.com\/wp-content\/uploads\/2025\/09\/logoTSL-NTT.svg","width":1,"height":1,"caption":"Transatel"},"image":{"@id":"https:\/\/www.transatel.com\/#\/schema\/logo\/image\/"}}]}},"_links":{"self":[{"href":"https:\/\/www.transatel.com\/fr\/wp-json\/wp\/v2\/pages\/6913","targetHints":{"allow":["GET"]}}],"collection":[{"href":"https:\/\/www.transatel.com\/fr\/wp-json\/wp\/v2\/pages"}],"about":[{"href":"https:\/\/www.transatel.com\/fr\/wp-json\/wp\/v2\/types\/page"}],"author":[{"embeddable":true,"href":"https:\/\/www.transatel.com\/fr\/wp-json\/wp\/v2\/users\/66"}],"replies":[{"embeddable":true,"href":"https:\/\/www.transatel.com\/fr\/wp-json\/wp\/v2\/comments?post=6913"}],"version-history":[{"count":0,"href":"https:\/\/www.transatel.com\/fr\/wp-json\/wp\/v2\/pages\/6913\/revisions"}],"up":[{"embeddable":true,"href":"https:\/\/www.transatel.com\/fr\/wp-json\/wp\/v2\/pages\/31976"}],"wp:featuredmedia":[{"embeddable":true,"href":"https:\/\/www.transatel.com\/fr\/wp-json\/wp\/v2\/media\/30108"}],"wp:attachment":[{"href":"https:\/\/www.transatel.com\/fr\/wp-json\/wp\/v2\/media?parent=6913"}],"curies":[{"name":"wp","href":"https:\/\/api.w.org\/{rel}","templated":true}]}}