{"id":102048,"date":"2025-07-29T10:08:50","date_gmt":"2025-07-29T09:08:50","guid":{"rendered":"https:\/\/www.transatel.com\/cellular-data-connectivity-solutions-for-retail-2\/"},"modified":"2026-02-16T17:55:41","modified_gmt":"2026-02-16T16:55:41","slug":"cellular-data-connectivity-solutions-for-retail","status":"publish","type":"page","link":"https:\/\/www.transatel.com\/pt-br\/solutions\/m2m-and-iot\/cellular-data-connectivity-solutions-for-retail\/","title":{"rendered":"Solu\u00e7\u00e3o de conectividade IoT celular para o varejo"},"content":{"rendered":"","protected":false},"excerpt":{"rendered":"","protected":false},"author":85,"featured_media":102031,"parent":109242,"menu_order":0,"comment_status":"closed","ping_status":"closed","template":"page-iot-retail.php","meta":{"_acf_changed":false,"content-type":"","inline_featured_image":false,"footnotes":""},"class_list":["post-102048","page","type-page","status-publish","has-post-thumbnail","hentry"],"acf":[],"yoast_head":"<!-- This site is optimized with the Yoast SEO plugin v27.3 - https:\/\/yoast.com\/product\/yoast-seo-wordpress\/ -->\n<title>Conectividade IoT para o varejo | Transatel<\/title>\n<meta name=\"description\" content=\"Conectividade IoT para o varejo | Transatel oferece solu\u00e7\u00f5es que conectam com seguran\u00e7a seu ecossistema de varejo em mais de 200 destinos em todo o mundo, garantindo opera\u00e7\u00f5es ininterruptas.\" \/>\n<meta name=\"robots\" content=\"index, follow, max-snippet:-1, max-image-preview:large, max-video-preview:-1\" \/>\n<link rel=\"canonical\" href=\"https:\/\/www.transatel.com\/pt-br\/solutions\/m2m-and-iot\/cellular-data-connectivity-solutions-for-retail\/\" \/>\n<meta property=\"og:locale\" content=\"pt_BR\" \/>\n<meta property=\"og:type\" content=\"article\" \/>\n<meta property=\"og:title\" content=\"Conectividade IoT para o varejo | Transatel\" \/>\n<meta property=\"og:description\" content=\"Conectividade IoT para o varejo | Transatel oferece solu\u00e7\u00f5es que conectam com seguran\u00e7a seu ecossistema de varejo em mais de 200 destinos em todo o mundo, garantindo opera\u00e7\u00f5es ininterruptas.\" \/>\n<meta property=\"og:url\" content=\"https:\/\/www.transatel.com\/pt-br\/solutions\/m2m-and-iot\/cellular-data-connectivity-solutions-for-retail\/\" \/>\n<meta property=\"og:site_name\" content=\"Transatel\" \/>\n<meta property=\"article:modified_time\" content=\"2026-02-16T16:55:41+00:00\" \/>\n<meta property=\"og:image\" content=\"https:\/\/www.transatel.com\/wp-content\/uploads\/2025\/07\/AdobeStock_970028506.png\" \/>\n\t<meta property=\"og:image:width\" content=\"960\" \/>\n\t<meta property=\"og:image:height\" content=\"578\" \/>\n\t<meta property=\"og:image:type\" content=\"image\/png\" \/>\n<meta name=\"twitter:card\" content=\"summary_large_image\" \/>\n<meta name=\"twitter:title\" content=\"Conectividade IoT para o varejo | Transatel\" \/>\n<meta name=\"twitter:description\" content=\"Conectividade IoT para o varejo | Transatel oferece solu\u00e7\u00f5es que conectam com seguran\u00e7a seu ecossistema de varejo em mais de 200 destinos em todo o mundo, garantindo opera\u00e7\u00f5es ininterruptas.\" \/>\n<meta name=\"twitter:image\" content=\"https:\/\/www.transatel.com\/wp-content\/uploads\/2025\/07\/AdobeStock_970028506.png\" \/>\n<meta name=\"twitter:label1\" content=\"Est. tempo de leitura\" \/>\n\t<meta name=\"twitter:data1\" content=\"1 minuto\" \/>\n<script type=\"application\/ld+json\" class=\"yoast-schema-graph\">{\"@context\":\"https:\\\/\\\/schema.org\",\"@graph\":[{\"@type\":\"WebPage\",\"@id\":\"https:\\\/\\\/www.transatel.com\\\/pt-br\\\/solutions\\\/m2m-and-iot\\\/cellular-data-connectivity-solutions-for-retail\\\/\",\"url\":\"https:\\\/\\\/www.transatel.com\\\/pt-br\\\/solutions\\\/m2m-and-iot\\\/cellular-data-connectivity-solutions-for-retail\\\/\",\"name\":\"Conectividade IoT para o varejo | Transatel\",\"isPartOf\":{\"@id\":\"https:\\\/\\\/www.transatel.com\\\/#website\"},\"primaryImageOfPage\":{\"@id\":\"https:\\\/\\\/www.transatel.com\\\/pt-br\\\/solutions\\\/m2m-and-iot\\\/cellular-data-connectivity-solutions-for-retail\\\/#primaryimage\"},\"image\":{\"@id\":\"https:\\\/\\\/www.transatel.com\\\/pt-br\\\/solutions\\\/m2m-and-iot\\\/cellular-data-connectivity-solutions-for-retail\\\/#primaryimage\"},\"thumbnailUrl\":\"https:\\\/\\\/www.transatel.com\\\/wp-content\\\/uploads\\\/2025\\\/07\\\/AdobeStock_970028506.png\",\"datePublished\":\"2025-07-29T09:08:50+00:00\",\"dateModified\":\"2026-02-16T16:55:41+00:00\",\"description\":\"Conectividade IoT para o varejo | Transatel oferece solu\u00e7\u00f5es que conectam com seguran\u00e7a seu ecossistema de varejo em mais de 200 destinos em todo o mundo, garantindo opera\u00e7\u00f5es ininterruptas.\",\"breadcrumb\":{\"@id\":\"https:\\\/\\\/www.transatel.com\\\/pt-br\\\/solutions\\\/m2m-and-iot\\\/cellular-data-connectivity-solutions-for-retail\\\/#breadcrumb\"},\"inLanguage\":\"pt-BR\",\"potentialAction\":[{\"@type\":\"ReadAction\",\"target\":[\"https:\\\/\\\/www.transatel.com\\\/pt-br\\\/solutions\\\/m2m-and-iot\\\/cellular-data-connectivity-solutions-for-retail\\\/\"]}]},{\"@type\":\"ImageObject\",\"inLanguage\":\"pt-BR\",\"@id\":\"https:\\\/\\\/www.transatel.com\\\/pt-br\\\/solutions\\\/m2m-and-iot\\\/cellular-data-connectivity-solutions-for-retail\\\/#primaryimage\",\"url\":\"https:\\\/\\\/www.transatel.com\\\/wp-content\\\/uploads\\\/2025\\\/07\\\/AdobeStock_970028506.png\",\"contentUrl\":\"https:\\\/\\\/www.transatel.com\\\/wp-content\\\/uploads\\\/2025\\\/07\\\/AdobeStock_970028506.png\",\"width\":960,\"height\":578,\"caption\":\"Conectividade IoT para opera\u00e7\u00f5es de varejo ininterruptas\"},{\"@type\":\"BreadcrumbList\",\"@id\":\"https:\\\/\\\/www.transatel.com\\\/pt-br\\\/solutions\\\/m2m-and-iot\\\/cellular-data-connectivity-solutions-for-retail\\\/#breadcrumb\",\"itemListElement\":[{\"@type\":\"ListItem\",\"position\":1,\"name\":\"Home\",\"item\":\"https:\\\/\\\/www.transatel.com\\\/pt-br\\\/\"},{\"@type\":\"ListItem\",\"position\":2,\"name\":\"Solutions\",\"item\":\"https:\\\/\\\/www.transatel.com\\\/pt-br\\\/solutions\\\/\"},{\"@type\":\"ListItem\",\"position\":3,\"name\":\"IoT SOLUTIONS\",\"item\":\"https:\\\/\\\/www.transatel.com\\\/pt-br\\\/solutions\\\/m2m-and-iot\\\/\"},{\"@type\":\"ListItem\",\"position\":4,\"name\":\"Solu\u00e7\u00e3o de conectividade IoT celular para o varejo\"}]},{\"@type\":\"WebSite\",\"@id\":\"https:\\\/\\\/www.transatel.com\\\/#website\",\"url\":\"https:\\\/\\\/www.transatel.com\\\/\",\"name\":\"Transatel\",\"description\":\"From mobile Telephony  to Internet of Things\",\"publisher\":{\"@id\":\"https:\\\/\\\/www.transatel.com\\\/#organization\"},\"potentialAction\":[{\"@type\":\"SearchAction\",\"target\":{\"@type\":\"EntryPoint\",\"urlTemplate\":\"https:\\\/\\\/www.transatel.com\\\/?s={search_term_string}\"},\"query-input\":{\"@type\":\"PropertyValueSpecification\",\"valueRequired\":true,\"valueName\":\"search_term_string\"}}],\"inLanguage\":\"pt-BR\"},{\"@type\":\"Organization\",\"@id\":\"https:\\\/\\\/www.transatel.com\\\/#organization\",\"name\":\"Transatel\",\"url\":\"https:\\\/\\\/www.transatel.com\\\/\",\"logo\":{\"@type\":\"ImageObject\",\"inLanguage\":\"pt-BR\",\"@id\":\"https:\\\/\\\/www.transatel.com\\\/#\\\/schema\\\/logo\\\/image\\\/\",\"url\":\"https:\\\/\\\/www.transatel.com\\\/wp-content\\\/uploads\\\/2025\\\/09\\\/logoTSL-NTT.svg\",\"contentUrl\":\"https:\\\/\\\/www.transatel.com\\\/wp-content\\\/uploads\\\/2025\\\/09\\\/logoTSL-NTT.svg\",\"width\":1,\"height\":1,\"caption\":\"Transatel\"},\"image\":{\"@id\":\"https:\\\/\\\/www.transatel.com\\\/#\\\/schema\\\/logo\\\/image\\\/\"}}]}<\/script>\n<!-- \/ Yoast SEO plugin. -->","yoast_head_json":{"title":"Conectividade IoT para o varejo | Transatel","description":"Conectividade IoT para o varejo | Transatel oferece solu\u00e7\u00f5es que conectam com seguran\u00e7a seu ecossistema de varejo em mais de 200 destinos em todo o mundo, garantindo opera\u00e7\u00f5es ininterruptas.","robots":{"index":"index","follow":"follow","max-snippet":"max-snippet:-1","max-image-preview":"max-image-preview:large","max-video-preview":"max-video-preview:-1"},"canonical":"https:\/\/www.transatel.com\/pt-br\/solutions\/m2m-and-iot\/cellular-data-connectivity-solutions-for-retail\/","og_locale":"pt_BR","og_type":"article","og_title":"Conectividade IoT para o varejo | Transatel","og_description":"Conectividade IoT para o varejo | Transatel oferece solu\u00e7\u00f5es que conectam com seguran\u00e7a seu ecossistema de varejo em mais de 200 destinos em todo o mundo, garantindo opera\u00e7\u00f5es ininterruptas.","og_url":"https:\/\/www.transatel.com\/pt-br\/solutions\/m2m-and-iot\/cellular-data-connectivity-solutions-for-retail\/","og_site_name":"Transatel","article_modified_time":"2026-02-16T16:55:41+00:00","og_image":[{"width":960,"height":578,"url":"https:\/\/www.transatel.com\/wp-content\/uploads\/2025\/07\/AdobeStock_970028506.png","type":"image\/png"}],"twitter_card":"summary_large_image","twitter_title":"Conectividade IoT para o varejo | Transatel","twitter_description":"Conectividade IoT para o varejo | Transatel oferece solu\u00e7\u00f5es que conectam com seguran\u00e7a seu ecossistema de varejo em mais de 200 destinos em todo o mundo, garantindo opera\u00e7\u00f5es ininterruptas.","twitter_image":"https:\/\/www.transatel.com\/wp-content\/uploads\/2025\/07\/AdobeStock_970028506.png","twitter_misc":{"Est. tempo de leitura":"1 minuto"},"schema":{"@context":"https:\/\/schema.org","@graph":[{"@type":"WebPage","@id":"https:\/\/www.transatel.com\/pt-br\/solutions\/m2m-and-iot\/cellular-data-connectivity-solutions-for-retail\/","url":"https:\/\/www.transatel.com\/pt-br\/solutions\/m2m-and-iot\/cellular-data-connectivity-solutions-for-retail\/","name":"Conectividade IoT para o varejo | Transatel","isPartOf":{"@id":"https:\/\/www.transatel.com\/#website"},"primaryImageOfPage":{"@id":"https:\/\/www.transatel.com\/pt-br\/solutions\/m2m-and-iot\/cellular-data-connectivity-solutions-for-retail\/#primaryimage"},"image":{"@id":"https:\/\/www.transatel.com\/pt-br\/solutions\/m2m-and-iot\/cellular-data-connectivity-solutions-for-retail\/#primaryimage"},"thumbnailUrl":"https:\/\/www.transatel.com\/wp-content\/uploads\/2025\/07\/AdobeStock_970028506.png","datePublished":"2025-07-29T09:08:50+00:00","dateModified":"2026-02-16T16:55:41+00:00","description":"Conectividade IoT para o varejo | Transatel oferece solu\u00e7\u00f5es que conectam com seguran\u00e7a seu ecossistema de varejo em mais de 200 destinos em todo o mundo, garantindo opera\u00e7\u00f5es ininterruptas.","breadcrumb":{"@id":"https:\/\/www.transatel.com\/pt-br\/solutions\/m2m-and-iot\/cellular-data-connectivity-solutions-for-retail\/#breadcrumb"},"inLanguage":"pt-BR","potentialAction":[{"@type":"ReadAction","target":["https:\/\/www.transatel.com\/pt-br\/solutions\/m2m-and-iot\/cellular-data-connectivity-solutions-for-retail\/"]}]},{"@type":"ImageObject","inLanguage":"pt-BR","@id":"https:\/\/www.transatel.com\/pt-br\/solutions\/m2m-and-iot\/cellular-data-connectivity-solutions-for-retail\/#primaryimage","url":"https:\/\/www.transatel.com\/wp-content\/uploads\/2025\/07\/AdobeStock_970028506.png","contentUrl":"https:\/\/www.transatel.com\/wp-content\/uploads\/2025\/07\/AdobeStock_970028506.png","width":960,"height":578,"caption":"Conectividade IoT para opera\u00e7\u00f5es de varejo ininterruptas"},{"@type":"BreadcrumbList","@id":"https:\/\/www.transatel.com\/pt-br\/solutions\/m2m-and-iot\/cellular-data-connectivity-solutions-for-retail\/#breadcrumb","itemListElement":[{"@type":"ListItem","position":1,"name":"Home","item":"https:\/\/www.transatel.com\/pt-br\/"},{"@type":"ListItem","position":2,"name":"Solutions","item":"https:\/\/www.transatel.com\/pt-br\/solutions\/"},{"@type":"ListItem","position":3,"name":"IoT SOLUTIONS","item":"https:\/\/www.transatel.com\/pt-br\/solutions\/m2m-and-iot\/"},{"@type":"ListItem","position":4,"name":"Solu\u00e7\u00e3o de conectividade IoT celular para o varejo"}]},{"@type":"WebSite","@id":"https:\/\/www.transatel.com\/#website","url":"https:\/\/www.transatel.com\/","name":"Transatel","description":"From mobile Telephony  to Internet of Things","publisher":{"@id":"https:\/\/www.transatel.com\/#organization"},"potentialAction":[{"@type":"SearchAction","target":{"@type":"EntryPoint","urlTemplate":"https:\/\/www.transatel.com\/?s={search_term_string}"},"query-input":{"@type":"PropertyValueSpecification","valueRequired":true,"valueName":"search_term_string"}}],"inLanguage":"pt-BR"},{"@type":"Organization","@id":"https:\/\/www.transatel.com\/#organization","name":"Transatel","url":"https:\/\/www.transatel.com\/","logo":{"@type":"ImageObject","inLanguage":"pt-BR","@id":"https:\/\/www.transatel.com\/#\/schema\/logo\/image\/","url":"https:\/\/www.transatel.com\/wp-content\/uploads\/2025\/09\/logoTSL-NTT.svg","contentUrl":"https:\/\/www.transatel.com\/wp-content\/uploads\/2025\/09\/logoTSL-NTT.svg","width":1,"height":1,"caption":"Transatel"},"image":{"@id":"https:\/\/www.transatel.com\/#\/schema\/logo\/image\/"}}]}},"_links":{"self":[{"href":"https:\/\/www.transatel.com\/pt-br\/wp-json\/wp\/v2\/pages\/102048","targetHints":{"allow":["GET"]}}],"collection":[{"href":"https:\/\/www.transatel.com\/pt-br\/wp-json\/wp\/v2\/pages"}],"about":[{"href":"https:\/\/www.transatel.com\/pt-br\/wp-json\/wp\/v2\/types\/page"}],"author":[{"embeddable":true,"href":"https:\/\/www.transatel.com\/pt-br\/wp-json\/wp\/v2\/users\/85"}],"replies":[{"embeddable":true,"href":"https:\/\/www.transatel.com\/pt-br\/wp-json\/wp\/v2\/comments?post=102048"}],"version-history":[{"count":0,"href":"https:\/\/www.transatel.com\/pt-br\/wp-json\/wp\/v2\/pages\/102048\/revisions"}],"up":[{"embeddable":true,"href":"https:\/\/www.transatel.com\/pt-br\/wp-json\/wp\/v2\/pages\/109242"}],"wp:featuredmedia":[{"embeddable":true,"href":"https:\/\/www.transatel.com\/pt-br\/wp-json\/wp\/v2\/media\/102031"}],"wp:attachment":[{"href":"https:\/\/www.transatel.com\/pt-br\/wp-json\/wp\/v2\/media?parent=102048"}],"curies":[{"name":"wp","href":"https:\/\/api.w.org\/{rel}","templated":true}]}}