{"id":108769,"date":"2025-11-07T12:54:21","date_gmt":"2025-11-07T11:54:21","guid":{"rendered":"https:\/\/www.transatel.com\/smart-building\/"},"modified":"2026-02-16T17:55:24","modified_gmt":"2026-02-16T16:55:24","slug":"smart-building","status":"publish","type":"page","link":"https:\/\/www.transatel.com\/pt-br\/solutions\/m2m-and-iot\/smart-building\/","title":{"rendered":"Conectividade IoT para edif\u00edcios inteligentes"},"content":{"rendered":"","protected":false},"excerpt":{"rendered":"","protected":false},"author":85,"featured_media":108677,"parent":109242,"menu_order":0,"comment_status":"closed","ping_status":"closed","template":"page-iot-retail.php","meta":{"_acf_changed":false,"content-type":"","inline_featured_image":false,"footnotes":""},"class_list":["post-108769","page","type-page","status-publish","has-post-thumbnail","hentry"],"acf":[],"yoast_head":"<!-- This site is optimized with the Yoast SEO plugin v27.3 - https:\/\/yoast.com\/product\/yoast-seo-wordpress\/ -->\n<title>Conectividade IoT para Edif\u00edcios inteligentes | Transatel<\/title>\n<meta name=\"description\" content=\"Descubra a Conectividade IoT para Edif\u00edcios inteligentes da Transatel, oferecendo cobertura de 2G a 5G e LTE-M em mais de 200 pa\u00edses e territ\u00f3rios para criar espa\u00e7os mais inteligentes, mais verdes e mais eficientes.\" \/>\n<meta name=\"robots\" content=\"index, follow, max-snippet:-1, max-image-preview:large, max-video-preview:-1\" \/>\n<link rel=\"canonical\" href=\"https:\/\/www.transatel.com\/pt-br\/solutions\/m2m-and-iot\/smart-building\/\" \/>\n<meta property=\"og:locale\" content=\"pt_BR\" \/>\n<meta property=\"og:type\" content=\"article\" \/>\n<meta property=\"og:title\" content=\"Conectividade IoT para Edif\u00edcios inteligentes | Transatel\" \/>\n<meta property=\"og:description\" content=\"Explore a conectividade IoT global da Transatel para edif\u00edcios inteligentes, fornecendo cobertura de 2G a 5G e LTE-M em mais de 200 pa\u00edses e territ\u00f3rios para criar espa\u00e7os mais inteligentes, mais verdes e mais eficientes.\" \/>\n<meta property=\"og:url\" content=\"https:\/\/www.transatel.com\/pt-br\/solutions\/m2m-and-iot\/smart-building\/\" \/>\n<meta property=\"og:site_name\" content=\"Transatel\" \/>\n<meta property=\"article:modified_time\" content=\"2026-02-16T16:55:24+00:00\" \/>\n<meta property=\"og:image\" content=\"https:\/\/www.transatel.com\/wp-content\/uploads\/2025\/11\/AdobeStock_1460169658-scaled.jpeg\" \/>\n\t<meta property=\"og:image:width\" content=\"2560\" \/>\n\t<meta property=\"og:image:height\" content=\"1707\" \/>\n\t<meta property=\"og:image:type\" content=\"image\/jpeg\" \/>\n<meta name=\"twitter:card\" content=\"summary_large_image\" \/>\n<meta name=\"twitter:title\" content=\"Conectividade IoT para Edif\u00edcios inteligentes | Transatel\" \/>\n<meta name=\"twitter:description\" content=\"Explore a conectividade IoT global da Transatel para edif\u00edcios inteligentes, fornecendo cobertura de 2G a 5G e LTE-M em mais de 200 pa\u00edses e territ\u00f3rios para criar espa\u00e7os mais inteligentes, mais verdes e mais eficientes.\" \/>\n<meta name=\"twitter:image\" content=\"https:\/\/www.transatel.com\/wp-content\/uploads\/2025\/11\/AdobeStock_1460169658-scaled.jpeg\" \/>\n<meta name=\"twitter:label1\" content=\"Est. tempo de leitura\" \/>\n\t<meta name=\"twitter:data1\" content=\"1 minuto\" \/>\n<script type=\"application\/ld+json\" class=\"yoast-schema-graph\">{\"@context\":\"https:\\\/\\\/schema.org\",\"@graph\":[{\"@type\":\"WebPage\",\"@id\":\"https:\\\/\\\/www.transatel.com\\\/pt-br\\\/solutions\\\/m2m-and-iot\\\/smart-building\\\/\",\"url\":\"https:\\\/\\\/www.transatel.com\\\/pt-br\\\/solutions\\\/m2m-and-iot\\\/smart-building\\\/\",\"name\":\"Conectividade IoT para Edif\u00edcios inteligentes | Transatel\",\"isPartOf\":{\"@id\":\"https:\\\/\\\/www.transatel.com\\\/#website\"},\"primaryImageOfPage\":{\"@id\":\"https:\\\/\\\/www.transatel.com\\\/pt-br\\\/solutions\\\/m2m-and-iot\\\/smart-building\\\/#primaryimage\"},\"image\":{\"@id\":\"https:\\\/\\\/www.transatel.com\\\/pt-br\\\/solutions\\\/m2m-and-iot\\\/smart-building\\\/#primaryimage\"},\"thumbnailUrl\":\"https:\\\/\\\/www.transatel.com\\\/wp-content\\\/uploads\\\/2025\\\/11\\\/AdobeStock_1460169658-scaled.jpeg\",\"datePublished\":\"2025-11-07T11:54:21+00:00\",\"dateModified\":\"2026-02-16T16:55:24+00:00\",\"description\":\"Descubra a Conectividade IoT para Edif\u00edcios inteligentes da Transatel, oferecendo cobertura de 2G a 5G e LTE-M em mais de 200 pa\u00edses e territ\u00f3rios para criar espa\u00e7os mais inteligentes, mais verdes e mais eficientes.\",\"breadcrumb\":{\"@id\":\"https:\\\/\\\/www.transatel.com\\\/pt-br\\\/solutions\\\/m2m-and-iot\\\/smart-building\\\/#breadcrumb\"},\"inLanguage\":\"pt-BR\",\"potentialAction\":[{\"@type\":\"ReadAction\",\"target\":[\"https:\\\/\\\/www.transatel.com\\\/pt-br\\\/solutions\\\/m2m-and-iot\\\/smart-building\\\/\"]}]},{\"@type\":\"ImageObject\",\"inLanguage\":\"pt-BR\",\"@id\":\"https:\\\/\\\/www.transatel.com\\\/pt-br\\\/solutions\\\/m2m-and-iot\\\/smart-building\\\/#primaryimage\",\"url\":\"https:\\\/\\\/www.transatel.com\\\/wp-content\\\/uploads\\\/2025\\\/11\\\/AdobeStock_1460169658-scaled.jpeg\",\"contentUrl\":\"https:\\\/\\\/www.transatel.com\\\/wp-content\\\/uploads\\\/2025\\\/11\\\/AdobeStock_1460169658-scaled.jpeg\",\"width\":2560,\"height\":1707,\"caption\":\"IoT Connectivity for Smart Buildings | Transatel\u200b\"},{\"@type\":\"BreadcrumbList\",\"@id\":\"https:\\\/\\\/www.transatel.com\\\/pt-br\\\/solutions\\\/m2m-and-iot\\\/smart-building\\\/#breadcrumb\",\"itemListElement\":[{\"@type\":\"ListItem\",\"position\":1,\"name\":\"Home\",\"item\":\"https:\\\/\\\/www.transatel.com\\\/pt-br\\\/\"},{\"@type\":\"ListItem\",\"position\":2,\"name\":\"Solutions\",\"item\":\"https:\\\/\\\/www.transatel.com\\\/pt-br\\\/solutions\\\/\"},{\"@type\":\"ListItem\",\"position\":3,\"name\":\"IoT SOLUTIONS\",\"item\":\"https:\\\/\\\/www.transatel.com\\\/pt-br\\\/solutions\\\/m2m-and-iot\\\/\"},{\"@type\":\"ListItem\",\"position\":4,\"name\":\"Conectividade IoT para edif\u00edcios inteligentes\"}]},{\"@type\":\"WebSite\",\"@id\":\"https:\\\/\\\/www.transatel.com\\\/#website\",\"url\":\"https:\\\/\\\/www.transatel.com\\\/\",\"name\":\"Transatel\",\"description\":\"From mobile Telephony  to Internet of Things\",\"publisher\":{\"@id\":\"https:\\\/\\\/www.transatel.com\\\/#organization\"},\"potentialAction\":[{\"@type\":\"SearchAction\",\"target\":{\"@type\":\"EntryPoint\",\"urlTemplate\":\"https:\\\/\\\/www.transatel.com\\\/?s={search_term_string}\"},\"query-input\":{\"@type\":\"PropertyValueSpecification\",\"valueRequired\":true,\"valueName\":\"search_term_string\"}}],\"inLanguage\":\"pt-BR\"},{\"@type\":\"Organization\",\"@id\":\"https:\\\/\\\/www.transatel.com\\\/#organization\",\"name\":\"Transatel\",\"url\":\"https:\\\/\\\/www.transatel.com\\\/\",\"logo\":{\"@type\":\"ImageObject\",\"inLanguage\":\"pt-BR\",\"@id\":\"https:\\\/\\\/www.transatel.com\\\/#\\\/schema\\\/logo\\\/image\\\/\",\"url\":\"https:\\\/\\\/www.transatel.com\\\/wp-content\\\/uploads\\\/2025\\\/09\\\/logoTSL-NTT.svg\",\"contentUrl\":\"https:\\\/\\\/www.transatel.com\\\/wp-content\\\/uploads\\\/2025\\\/09\\\/logoTSL-NTT.svg\",\"width\":1,\"height\":1,\"caption\":\"Transatel\"},\"image\":{\"@id\":\"https:\\\/\\\/www.transatel.com\\\/#\\\/schema\\\/logo\\\/image\\\/\"}}]}<\/script>\n<!-- \/ Yoast SEO plugin. -->","yoast_head_json":{"title":"Conectividade IoT para Edif\u00edcios inteligentes | Transatel","description":"Descubra a Conectividade IoT para Edif\u00edcios inteligentes da Transatel, oferecendo cobertura de 2G a 5G e LTE-M em mais de 200 pa\u00edses e territ\u00f3rios para criar espa\u00e7os mais inteligentes, mais verdes e mais eficientes.","robots":{"index":"index","follow":"follow","max-snippet":"max-snippet:-1","max-image-preview":"max-image-preview:large","max-video-preview":"max-video-preview:-1"},"canonical":"https:\/\/www.transatel.com\/pt-br\/solutions\/m2m-and-iot\/smart-building\/","og_locale":"pt_BR","og_type":"article","og_title":"Conectividade IoT para Edif\u00edcios inteligentes | Transatel","og_description":"Explore a conectividade IoT global da Transatel para edif\u00edcios inteligentes, fornecendo cobertura de 2G a 5G e LTE-M em mais de 200 pa\u00edses e territ\u00f3rios para criar espa\u00e7os mais inteligentes, mais verdes e mais eficientes.","og_url":"https:\/\/www.transatel.com\/pt-br\/solutions\/m2m-and-iot\/smart-building\/","og_site_name":"Transatel","article_modified_time":"2026-02-16T16:55:24+00:00","og_image":[{"width":2560,"height":1707,"url":"https:\/\/www.transatel.com\/wp-content\/uploads\/2025\/11\/AdobeStock_1460169658-scaled.jpeg","type":"image\/jpeg"}],"twitter_card":"summary_large_image","twitter_title":"Conectividade IoT para Edif\u00edcios inteligentes | Transatel","twitter_description":"Explore a conectividade IoT global da Transatel para edif\u00edcios inteligentes, fornecendo cobertura de 2G a 5G e LTE-M em mais de 200 pa\u00edses e territ\u00f3rios para criar espa\u00e7os mais inteligentes, mais verdes e mais eficientes.","twitter_image":"https:\/\/www.transatel.com\/wp-content\/uploads\/2025\/11\/AdobeStock_1460169658-scaled.jpeg","twitter_misc":{"Est. tempo de leitura":"1 minuto"},"schema":{"@context":"https:\/\/schema.org","@graph":[{"@type":"WebPage","@id":"https:\/\/www.transatel.com\/pt-br\/solutions\/m2m-and-iot\/smart-building\/","url":"https:\/\/www.transatel.com\/pt-br\/solutions\/m2m-and-iot\/smart-building\/","name":"Conectividade IoT para Edif\u00edcios inteligentes | Transatel","isPartOf":{"@id":"https:\/\/www.transatel.com\/#website"},"primaryImageOfPage":{"@id":"https:\/\/www.transatel.com\/pt-br\/solutions\/m2m-and-iot\/smart-building\/#primaryimage"},"image":{"@id":"https:\/\/www.transatel.com\/pt-br\/solutions\/m2m-and-iot\/smart-building\/#primaryimage"},"thumbnailUrl":"https:\/\/www.transatel.com\/wp-content\/uploads\/2025\/11\/AdobeStock_1460169658-scaled.jpeg","datePublished":"2025-11-07T11:54:21+00:00","dateModified":"2026-02-16T16:55:24+00:00","description":"Descubra a Conectividade IoT para Edif\u00edcios inteligentes da Transatel, oferecendo cobertura de 2G a 5G e LTE-M em mais de 200 pa\u00edses e territ\u00f3rios para criar espa\u00e7os mais inteligentes, mais verdes e mais eficientes.","breadcrumb":{"@id":"https:\/\/www.transatel.com\/pt-br\/solutions\/m2m-and-iot\/smart-building\/#breadcrumb"},"inLanguage":"pt-BR","potentialAction":[{"@type":"ReadAction","target":["https:\/\/www.transatel.com\/pt-br\/solutions\/m2m-and-iot\/smart-building\/"]}]},{"@type":"ImageObject","inLanguage":"pt-BR","@id":"https:\/\/www.transatel.com\/pt-br\/solutions\/m2m-and-iot\/smart-building\/#primaryimage","url":"https:\/\/www.transatel.com\/wp-content\/uploads\/2025\/11\/AdobeStock_1460169658-scaled.jpeg","contentUrl":"https:\/\/www.transatel.com\/wp-content\/uploads\/2025\/11\/AdobeStock_1460169658-scaled.jpeg","width":2560,"height":1707,"caption":"IoT Connectivity for Smart Buildings | Transatel\u200b"},{"@type":"BreadcrumbList","@id":"https:\/\/www.transatel.com\/pt-br\/solutions\/m2m-and-iot\/smart-building\/#breadcrumb","itemListElement":[{"@type":"ListItem","position":1,"name":"Home","item":"https:\/\/www.transatel.com\/pt-br\/"},{"@type":"ListItem","position":2,"name":"Solutions","item":"https:\/\/www.transatel.com\/pt-br\/solutions\/"},{"@type":"ListItem","position":3,"name":"IoT SOLUTIONS","item":"https:\/\/www.transatel.com\/pt-br\/solutions\/m2m-and-iot\/"},{"@type":"ListItem","position":4,"name":"Conectividade IoT para edif\u00edcios inteligentes"}]},{"@type":"WebSite","@id":"https:\/\/www.transatel.com\/#website","url":"https:\/\/www.transatel.com\/","name":"Transatel","description":"From mobile Telephony  to Internet of Things","publisher":{"@id":"https:\/\/www.transatel.com\/#organization"},"potentialAction":[{"@type":"SearchAction","target":{"@type":"EntryPoint","urlTemplate":"https:\/\/www.transatel.com\/?s={search_term_string}"},"query-input":{"@type":"PropertyValueSpecification","valueRequired":true,"valueName":"search_term_string"}}],"inLanguage":"pt-BR"},{"@type":"Organization","@id":"https:\/\/www.transatel.com\/#organization","name":"Transatel","url":"https:\/\/www.transatel.com\/","logo":{"@type":"ImageObject","inLanguage":"pt-BR","@id":"https:\/\/www.transatel.com\/#\/schema\/logo\/image\/","url":"https:\/\/www.transatel.com\/wp-content\/uploads\/2025\/09\/logoTSL-NTT.svg","contentUrl":"https:\/\/www.transatel.com\/wp-content\/uploads\/2025\/09\/logoTSL-NTT.svg","width":1,"height":1,"caption":"Transatel"},"image":{"@id":"https:\/\/www.transatel.com\/#\/schema\/logo\/image\/"}}]}},"_links":{"self":[{"href":"https:\/\/www.transatel.com\/pt-br\/wp-json\/wp\/v2\/pages\/108769","targetHints":{"allow":["GET"]}}],"collection":[{"href":"https:\/\/www.transatel.com\/pt-br\/wp-json\/wp\/v2\/pages"}],"about":[{"href":"https:\/\/www.transatel.com\/pt-br\/wp-json\/wp\/v2\/types\/page"}],"author":[{"embeddable":true,"href":"https:\/\/www.transatel.com\/pt-br\/wp-json\/wp\/v2\/users\/85"}],"replies":[{"embeddable":true,"href":"https:\/\/www.transatel.com\/pt-br\/wp-json\/wp\/v2\/comments?post=108769"}],"version-history":[{"count":0,"href":"https:\/\/www.transatel.com\/pt-br\/wp-json\/wp\/v2\/pages\/108769\/revisions"}],"up":[{"embeddable":true,"href":"https:\/\/www.transatel.com\/pt-br\/wp-json\/wp\/v2\/pages\/109242"}],"wp:featuredmedia":[{"embeddable":true,"href":"https:\/\/www.transatel.com\/pt-br\/wp-json\/wp\/v2\/media\/108677"}],"wp:attachment":[{"href":"https:\/\/www.transatel.com\/pt-br\/wp-json\/wp\/v2\/media?parent=108769"}],"curies":[{"name":"wp","href":"https:\/\/api.w.org\/{rel}","templated":true}]}}