{"id":109173,"date":"2025-10-28T11:41:43","date_gmt":"2025-10-28T10:41:43","guid":{"rendered":"https:\/\/www.transatel.com\/iot-esim\/"},"modified":"2026-02-16T17:50:55","modified_gmt":"2026-02-16T16:50:55","slug":"iot-esim","status":"publish","type":"page","link":"https:\/\/www.transatel.com\/pt-br\/iot\/iot-esim\/","title":{"rendered":"IoT eSIM"},"content":{"rendered":"","protected":false},"excerpt":{"rendered":"","protected":false},"author":85,"featured_media":108623,"parent":109421,"menu_order":0,"comment_status":"closed","ping_status":"closed","template":"page-iot-esim.php","meta":{"_acf_changed":false,"content-type":"","inline_featured_image":false,"footnotes":""},"class_list":["post-109173","page","type-page","status-publish","has-post-thumbnail","hentry"],"acf":[],"yoast_head":"<!-- This site is optimized with the Yoast SEO plugin v27.3 - https:\/\/yoast.com\/product\/yoast-seo-wordpress\/ -->\n<title>eSIM para IoT I Transatel<\/title>\n<meta name=\"description\" content=\"A Transatel oferece eSIM para IoT com conectividade celular cont\u00ednua em mais de 200 pa\u00edses e territ\u00f3rios, suportando redes de 2G a 5G e LTE-M.\" \/>\n<meta name=\"robots\" content=\"index, follow, max-snippet:-1, max-image-preview:large, max-video-preview:-1\" \/>\n<link rel=\"canonical\" href=\"https:\/\/www.transatel.com\/pt-br\/iot\/iot-esim\/\" \/>\n<meta property=\"og:locale\" content=\"pt_BR\" \/>\n<meta property=\"og:type\" content=\"article\" \/>\n<meta property=\"og:title\" content=\"eSIM para IoT I Transatel\" \/>\n<meta property=\"og:description\" content=\"A Transatel oferece eSIM para IoT com conectividade celular cont\u00ednua em mais de 200 pa\u00edses e territ\u00f3rios, suportando redes de 2G a 5G e LTE-M.\" \/>\n<meta property=\"og:url\" content=\"https:\/\/www.transatel.com\/pt-br\/iot\/iot-esim\/\" \/>\n<meta property=\"og:site_name\" content=\"Transatel\" \/>\n<meta property=\"article:modified_time\" content=\"2026-02-16T16:50:55+00:00\" \/>\n<meta property=\"og:image\" content=\"https:\/\/www.transatel.com\/wp-content\/uploads\/2025\/10\/Groupe-7926-1.png\" \/>\n\t<meta property=\"og:image:width\" content=\"960\" \/>\n\t<meta property=\"og:image:height\" content=\"491\" \/>\n\t<meta property=\"og:image:type\" content=\"image\/png\" \/>\n<meta name=\"twitter:card\" content=\"summary_large_image\" \/>\n<meta name=\"twitter:title\" content=\"eSIM para IoT I Transatel\" \/>\n<meta name=\"twitter:description\" content=\"A Transatel oferece eSIM para IoT com conectividade celular cont\u00ednua em mais de 200 pa\u00edses e territ\u00f3rios, suportando redes de 2G a 5G e LTE-M.\" \/>\n<meta name=\"twitter:image\" content=\"https:\/\/www.transatel.com\/wp-content\/uploads\/2025\/10\/Groupe-7926-1.png\" \/>\n<meta name=\"twitter:label1\" content=\"Est. tempo de leitura\" \/>\n\t<meta name=\"twitter:data1\" content=\"1 minuto\" \/>\n<script type=\"application\/ld+json\" class=\"yoast-schema-graph\">{\"@context\":\"https:\\\/\\\/schema.org\",\"@graph\":[{\"@type\":\"WebPage\",\"@id\":\"https:\\\/\\\/www.transatel.com\\\/pt-br\\\/iot\\\/iot-esim\\\/\",\"url\":\"https:\\\/\\\/www.transatel.com\\\/pt-br\\\/iot\\\/iot-esim\\\/\",\"name\":\"eSIM para IoT I Transatel\",\"isPartOf\":{\"@id\":\"https:\\\/\\\/www.transatel.com\\\/#website\"},\"primaryImageOfPage\":{\"@id\":\"https:\\\/\\\/www.transatel.com\\\/pt-br\\\/iot\\\/iot-esim\\\/#primaryimage\"},\"image\":{\"@id\":\"https:\\\/\\\/www.transatel.com\\\/pt-br\\\/iot\\\/iot-esim\\\/#primaryimage\"},\"thumbnailUrl\":\"https:\\\/\\\/www.transatel.com\\\/wp-content\\\/uploads\\\/2025\\\/10\\\/Groupe-7926.png\",\"datePublished\":\"2025-10-28T10:41:43+00:00\",\"dateModified\":\"2026-02-16T16:50:55+00:00\",\"description\":\"A Transatel oferece eSIM para IoT com conectividade celular cont\u00ednua em mais de 200 pa\u00edses e territ\u00f3rios, suportando redes de 2G a 5G e LTE-M.\",\"breadcrumb\":{\"@id\":\"https:\\\/\\\/www.transatel.com\\\/pt-br\\\/iot\\\/iot-esim\\\/#breadcrumb\"},\"inLanguage\":\"pt-BR\",\"potentialAction\":[{\"@type\":\"ReadAction\",\"target\":[\"https:\\\/\\\/www.transatel.com\\\/pt-br\\\/iot\\\/iot-esim\\\/\"]}]},{\"@type\":\"ImageObject\",\"inLanguage\":\"pt-BR\",\"@id\":\"https:\\\/\\\/www.transatel.com\\\/pt-br\\\/iot\\\/iot-esim\\\/#primaryimage\",\"url\":\"https:\\\/\\\/www.transatel.com\\\/wp-content\\\/uploads\\\/2025\\\/10\\\/Groupe-7926.png\",\"contentUrl\":\"https:\\\/\\\/www.transatel.com\\\/wp-content\\\/uploads\\\/2025\\\/10\\\/Groupe-7926.png\",\"width\":960,\"height\":491},{\"@type\":\"BreadcrumbList\",\"@id\":\"https:\\\/\\\/www.transatel.com\\\/pt-br\\\/iot\\\/iot-esim\\\/#breadcrumb\",\"itemListElement\":[{\"@type\":\"ListItem\",\"position\":1,\"name\":\"Home\",\"item\":\"https:\\\/\\\/www.transatel.com\\\/pt-br\\\/\"},{\"@type\":\"ListItem\",\"position\":2,\"name\":\"IoT\",\"item\":\"https:\\\/\\\/www.transatel.com\\\/pt-br\\\/iot\\\/\"},{\"@type\":\"ListItem\",\"position\":3,\"name\":\"IoT eSIM\"}]},{\"@type\":\"WebSite\",\"@id\":\"https:\\\/\\\/www.transatel.com\\\/#website\",\"url\":\"https:\\\/\\\/www.transatel.com\\\/\",\"name\":\"Transatel\",\"description\":\"From mobile Telephony  to Internet of Things\",\"publisher\":{\"@id\":\"https:\\\/\\\/www.transatel.com\\\/#organization\"},\"potentialAction\":[{\"@type\":\"SearchAction\",\"target\":{\"@type\":\"EntryPoint\",\"urlTemplate\":\"https:\\\/\\\/www.transatel.com\\\/?s={search_term_string}\"},\"query-input\":{\"@type\":\"PropertyValueSpecification\",\"valueRequired\":true,\"valueName\":\"search_term_string\"}}],\"inLanguage\":\"pt-BR\"},{\"@type\":\"Organization\",\"@id\":\"https:\\\/\\\/www.transatel.com\\\/#organization\",\"name\":\"Transatel\",\"url\":\"https:\\\/\\\/www.transatel.com\\\/\",\"logo\":{\"@type\":\"ImageObject\",\"inLanguage\":\"pt-BR\",\"@id\":\"https:\\\/\\\/www.transatel.com\\\/#\\\/schema\\\/logo\\\/image\\\/\",\"url\":\"https:\\\/\\\/www.transatel.com\\\/wp-content\\\/uploads\\\/2025\\\/09\\\/logoTSL-NTT.svg\",\"contentUrl\":\"https:\\\/\\\/www.transatel.com\\\/wp-content\\\/uploads\\\/2025\\\/09\\\/logoTSL-NTT.svg\",\"width\":1,\"height\":1,\"caption\":\"Transatel\"},\"image\":{\"@id\":\"https:\\\/\\\/www.transatel.com\\\/#\\\/schema\\\/logo\\\/image\\\/\"}}]}<\/script>\n<!-- \/ Yoast SEO plugin. -->","yoast_head_json":{"title":"eSIM para IoT I Transatel","description":"A Transatel oferece eSIM para IoT com conectividade celular cont\u00ednua em mais de 200 pa\u00edses e territ\u00f3rios, suportando redes de 2G a 5G e LTE-M.","robots":{"index":"index","follow":"follow","max-snippet":"max-snippet:-1","max-image-preview":"max-image-preview:large","max-video-preview":"max-video-preview:-1"},"canonical":"https:\/\/www.transatel.com\/pt-br\/iot\/iot-esim\/","og_locale":"pt_BR","og_type":"article","og_title":"eSIM para IoT I Transatel","og_description":"A Transatel oferece eSIM para IoT com conectividade celular cont\u00ednua em mais de 200 pa\u00edses e territ\u00f3rios, suportando redes de 2G a 5G e LTE-M.","og_url":"https:\/\/www.transatel.com\/pt-br\/iot\/iot-esim\/","og_site_name":"Transatel","article_modified_time":"2026-02-16T16:50:55+00:00","og_image":[{"width":960,"height":491,"url":"https:\/\/www.transatel.com\/wp-content\/uploads\/2025\/10\/Groupe-7926-1.png","type":"image\/png"}],"twitter_card":"summary_large_image","twitter_title":"eSIM para IoT I Transatel","twitter_description":"A Transatel oferece eSIM para IoT com conectividade celular cont\u00ednua em mais de 200 pa\u00edses e territ\u00f3rios, suportando redes de 2G a 5G e LTE-M.","twitter_image":"https:\/\/www.transatel.com\/wp-content\/uploads\/2025\/10\/Groupe-7926-1.png","twitter_misc":{"Est. tempo de leitura":"1 minuto"},"schema":{"@context":"https:\/\/schema.org","@graph":[{"@type":"WebPage","@id":"https:\/\/www.transatel.com\/pt-br\/iot\/iot-esim\/","url":"https:\/\/www.transatel.com\/pt-br\/iot\/iot-esim\/","name":"eSIM para IoT I Transatel","isPartOf":{"@id":"https:\/\/www.transatel.com\/#website"},"primaryImageOfPage":{"@id":"https:\/\/www.transatel.com\/pt-br\/iot\/iot-esim\/#primaryimage"},"image":{"@id":"https:\/\/www.transatel.com\/pt-br\/iot\/iot-esim\/#primaryimage"},"thumbnailUrl":"https:\/\/www.transatel.com\/wp-content\/uploads\/2025\/10\/Groupe-7926.png","datePublished":"2025-10-28T10:41:43+00:00","dateModified":"2026-02-16T16:50:55+00:00","description":"A Transatel oferece eSIM para IoT com conectividade celular cont\u00ednua em mais de 200 pa\u00edses e territ\u00f3rios, suportando redes de 2G a 5G e LTE-M.","breadcrumb":{"@id":"https:\/\/www.transatel.com\/pt-br\/iot\/iot-esim\/#breadcrumb"},"inLanguage":"pt-BR","potentialAction":[{"@type":"ReadAction","target":["https:\/\/www.transatel.com\/pt-br\/iot\/iot-esim\/"]}]},{"@type":"ImageObject","inLanguage":"pt-BR","@id":"https:\/\/www.transatel.com\/pt-br\/iot\/iot-esim\/#primaryimage","url":"https:\/\/www.transatel.com\/wp-content\/uploads\/2025\/10\/Groupe-7926.png","contentUrl":"https:\/\/www.transatel.com\/wp-content\/uploads\/2025\/10\/Groupe-7926.png","width":960,"height":491},{"@type":"BreadcrumbList","@id":"https:\/\/www.transatel.com\/pt-br\/iot\/iot-esim\/#breadcrumb","itemListElement":[{"@type":"ListItem","position":1,"name":"Home","item":"https:\/\/www.transatel.com\/pt-br\/"},{"@type":"ListItem","position":2,"name":"IoT","item":"https:\/\/www.transatel.com\/pt-br\/iot\/"},{"@type":"ListItem","position":3,"name":"IoT eSIM"}]},{"@type":"WebSite","@id":"https:\/\/www.transatel.com\/#website","url":"https:\/\/www.transatel.com\/","name":"Transatel","description":"From mobile Telephony  to Internet of Things","publisher":{"@id":"https:\/\/www.transatel.com\/#organization"},"potentialAction":[{"@type":"SearchAction","target":{"@type":"EntryPoint","urlTemplate":"https:\/\/www.transatel.com\/?s={search_term_string}"},"query-input":{"@type":"PropertyValueSpecification","valueRequired":true,"valueName":"search_term_string"}}],"inLanguage":"pt-BR"},{"@type":"Organization","@id":"https:\/\/www.transatel.com\/#organization","name":"Transatel","url":"https:\/\/www.transatel.com\/","logo":{"@type":"ImageObject","inLanguage":"pt-BR","@id":"https:\/\/www.transatel.com\/#\/schema\/logo\/image\/","url":"https:\/\/www.transatel.com\/wp-content\/uploads\/2025\/09\/logoTSL-NTT.svg","contentUrl":"https:\/\/www.transatel.com\/wp-content\/uploads\/2025\/09\/logoTSL-NTT.svg","width":1,"height":1,"caption":"Transatel"},"image":{"@id":"https:\/\/www.transatel.com\/#\/schema\/logo\/image\/"}}]}},"_links":{"self":[{"href":"https:\/\/www.transatel.com\/pt-br\/wp-json\/wp\/v2\/pages\/109173","targetHints":{"allow":["GET"]}}],"collection":[{"href":"https:\/\/www.transatel.com\/pt-br\/wp-json\/wp\/v2\/pages"}],"about":[{"href":"https:\/\/www.transatel.com\/pt-br\/wp-json\/wp\/v2\/types\/page"}],"author":[{"embeddable":true,"href":"https:\/\/www.transatel.com\/pt-br\/wp-json\/wp\/v2\/users\/85"}],"replies":[{"embeddable":true,"href":"https:\/\/www.transatel.com\/pt-br\/wp-json\/wp\/v2\/comments?post=109173"}],"version-history":[{"count":0,"href":"https:\/\/www.transatel.com\/pt-br\/wp-json\/wp\/v2\/pages\/109173\/revisions"}],"up":[{"embeddable":true,"href":"https:\/\/www.transatel.com\/pt-br\/wp-json\/wp\/v2\/pages\/109421"}],"wp:featuredmedia":[{"embeddable":true,"href":"https:\/\/www.transatel.com\/pt-br\/wp-json\/wp\/v2\/media\/108623"}],"wp:attachment":[{"href":"https:\/\/www.transatel.com\/pt-br\/wp-json\/wp\/v2\/media?parent=109173"}],"curies":[{"name":"wp","href":"https:\/\/api.w.org\/{rel}","templated":true}]}}